{"id":2004,"date":"2023-04-05T13:38:14","date_gmt":"2023-04-05T12:38:14","guid":{"rendered":"https:\/\/dutcheventcarpets.nl\/?page_id=2004"},"modified":"2023-10-04T08:08:51","modified_gmt":"2023-10-04T07:08:51","slug":"conferentie-tapijt","status":"publish","type":"page","link":"https:\/\/dutcheventcarpets.nl\/de\/konferenzteppich\/","title":{"rendered":"Konferenzteppich"},"content":{"rendered":"<div data-elementor-type=\"wp-page\" data-elementor-id=\"2004\" class=\"elementor elementor-2004\" data-elementor-post-type=\"page\">\n\t\t\t\t<div class=\"elementor-element elementor-element-dba9b0a e-flex e-con-boxed e-con e-parent\" data-id=\"dba9b0a\" data-element_type=\"container\">\n\t\t\t\t\t<div class=\"e-con-inner\">\n\t\t\t\t\t<\/div>\n\t\t\t\t<\/div>\n\t\t\t\t<section class=\"elementor-section elementor-top-section elementor-element elementor-element-6bd21d53 elementor-section-boxed elementor-section-height-default elementor-section-height-default elementor-invisible\" data-id=\"6bd21d53\" data-element_type=\"section\" data-settings=\"{&quot;background_background&quot;:&quot;classic&quot;,&quot;animation&quot;:&quot;fadeIn&quot;}\">\n\t\t\t\t\t\t<div class=\"elementor-container elementor-column-gap-no\">\n\t\t\t\t\t<div class=\"elementor-column elementor-col-100 elementor-top-column elementor-element elementor-element-3e0640ff\" data-id=\"3e0640ff\" data-element_type=\"column\">\n\t\t\t<div class=\"elementor-widget-wrap elementor-element-populated\">\n\t\t\t\t\t\t<div class=\"elementor-element elementor-element-4df6d9c1 elementor-widget elementor-widget-elementskit-heading\" data-id=\"4df6d9c1\" data-element_type=\"widget\" data-widget_type=\"elementskit-heading.default\">\n\t\t\t\t<div class=\"elementor-widget-container\">\n\t\t\t<div class=\"ekit-wid-con\" ><div class=\"ekit-heading elementskit-section-title-wraper text_center   ekit_heading_tablet-   ekit_heading_mobile-\"><h1 class=\"ekit-heading--title elementskit-section-title\">Konferenzteppich<\/h1><\/div><\/div>\t\t<\/div>\n\t\t\t\t<\/div>\n\t\t\t\t\t<\/div>\n\t\t<\/div>\n\t\t\t\t\t<\/div>\n\t\t<\/section>\n\t\t\t\t<section class=\"elementor-section elementor-top-section elementor-element elementor-element-17eea218 elementor-section-boxed elementor-section-height-default elementor-section-height-default elementor-invisible\" data-id=\"17eea218\" data-element_type=\"section\" data-settings=\"{&quot;animation&quot;:&quot;fadeIn&quot;}\">\n\t\t\t\t\t\t<div class=\"elementor-container elementor-column-gap-no\">\n\t\t\t\t\t<div class=\"elementor-column elementor-col-33 elementor-top-column elementor-element elementor-element-7514c03e\" data-id=\"7514c03e\" data-element_type=\"column\">\n\t\t\t<div class=\"elementor-widget-wrap elementor-element-populated\">\n\t\t\t\t\t\t<div class=\"elementor-element elementor-element-28b1a23e elementor-widget elementor-widget-image\" data-id=\"28b1a23e\" data-element_type=\"widget\" data-widget_type=\"image.default\">\n\t\t\t\t<div class=\"elementor-widget-container\">\n\t\t\t<style>\/*! elementor - v3.21.0 - 30-04-2024 *\/\n.elementor-widget-image{text-align:center}.elementor-widget-image a{display:inline-block}.elementor-widget-image a img[src$=\".svg\"]{width:48px}.elementor-widget-image img{vertical-align:middle;display:inline-block}<\/style>\t\t\t\t\t\t\t\t\t\t<img fetchpriority=\"high\" decoding=\"async\" width=\"800\" height=\"800\" src=\"https:\/\/dutcheventcarpets.nl\/wp-content\/uploads\/2023\/07\/16.jpg\" class=\"attachment-full size-full wp-image-5546\" alt=\"\" srcset=\"https:\/\/dutcheventcarpets.nl\/wp-content\/uploads\/2023\/07\/16.jpg 800w, https:\/\/dutcheventcarpets.nl\/wp-content\/uploads\/2023\/07\/16-300x300.jpg 300w, https:\/\/dutcheventcarpets.nl\/wp-content\/uploads\/2023\/07\/16-150x150.jpg 150w, https:\/\/dutcheventcarpets.nl\/wp-content\/uploads\/2023\/07\/16-768x768.jpg 768w, https:\/\/dutcheventcarpets.nl\/wp-content\/uploads\/2023\/07\/16-12x12.jpg 12w, https:\/\/dutcheventcarpets.nl\/wp-content\/uploads\/2023\/07\/16-600x600.jpg 600w, https:\/\/dutcheventcarpets.nl\/wp-content\/uploads\/2023\/07\/16-100x100.jpg 100w\" sizes=\"(max-width: 800px) 100vw, 800px\" \/>\t\t\t\t\t\t\t\t\t\t\t\t\t<\/div>\n\t\t\t\t<\/div>\n\t\t\t\t\t<\/div>\n\t\t<\/div>\n\t\t\t\t<div class=\"elementor-column elementor-col-33 elementor-top-column elementor-element elementor-element-327538f1\" data-id=\"327538f1\" data-element_type=\"column\">\n\t\t\t<div class=\"elementor-widget-wrap elementor-element-populated\">\n\t\t\t\t\t\t<div class=\"elementor-element elementor-element-55fc4be0 elementor-widget elementor-widget-image\" data-id=\"55fc4be0\" data-element_type=\"widget\" data-widget_type=\"image.default\">\n\t\t\t\t<div class=\"elementor-widget-container\">\n\t\t\t\t\t\t\t\t\t\t\t\t\t<img decoding=\"async\" width=\"800\" height=\"800\" src=\"https:\/\/dutcheventcarpets.nl\/wp-content\/uploads\/2023\/07\/17.jpg\" class=\"attachment-full size-full wp-image-5547\" alt=\"\" srcset=\"https:\/\/dutcheventcarpets.nl\/wp-content\/uploads\/2023\/07\/17.jpg 800w, https:\/\/dutcheventcarpets.nl\/wp-content\/uploads\/2023\/07\/17-300x300.jpg 300w, https:\/\/dutcheventcarpets.nl\/wp-content\/uploads\/2023\/07\/17-150x150.jpg 150w, https:\/\/dutcheventcarpets.nl\/wp-content\/uploads\/2023\/07\/17-768x768.jpg 768w, https:\/\/dutcheventcarpets.nl\/wp-content\/uploads\/2023\/07\/17-12x12.jpg 12w, https:\/\/dutcheventcarpets.nl\/wp-content\/uploads\/2023\/07\/17-600x600.jpg 600w, https:\/\/dutcheventcarpets.nl\/wp-content\/uploads\/2023\/07\/17-100x100.jpg 100w\" sizes=\"(max-width: 800px) 100vw, 800px\" \/>\t\t\t\t\t\t\t\t\t\t\t\t\t<\/div>\n\t\t\t\t<\/div>\n\t\t\t\t\t<\/div>\n\t\t<\/div>\n\t\t\t\t<div class=\"elementor-column elementor-col-33 elementor-top-column elementor-element elementor-element-2c212bf4\" data-id=\"2c212bf4\" data-element_type=\"column\">\n\t\t\t<div class=\"elementor-widget-wrap elementor-element-populated\">\n\t\t\t\t\t\t<div class=\"elementor-element elementor-element-32abfe65 elementor-widget elementor-widget-elementskit-heading\" data-id=\"32abfe65\" data-element_type=\"widget\" data-widget_type=\"elementskit-heading.default\">\n\t\t\t\t<div class=\"elementor-widget-container\">\n\t\t\t<div class=\"ekit-wid-con\" ><div class=\"ekit-heading elementskit-section-title-wraper text_right   ekit_heading_tablet-text_left   ekit_heading_mobile-\"><h2 class=\"ekit-heading--title elementskit-section-title\">Veranstaltungsteppich f\u00fcr eine Konferenz oder eine Gesch\u00e4ftsveranstaltung.<\/h2><div class=\"ekit_heading_separetor_wraper ekit_heading_elementskit-border-divider elementskit-style-long\"><div class=\"elementskit-border-divider elementskit-style-long\"><\/div><\/div><\/div><\/div>\t\t<\/div>\n\t\t\t\t<\/div>\n\t\t\t\t<div class=\"elementor-element elementor-element-16b4aac elementor-widget elementor-widget-text-editor\" data-id=\"16b4aac\" data-element_type=\"widget\" data-widget_type=\"text-editor.default\">\n\t\t\t\t<div class=\"elementor-widget-container\">\n\t\t\t<style>\/*! elementor - v3.21.0 - 30-04-2024 *\/\n.elementor-widget-text-editor.elementor-drop-cap-view-stacked .elementor-drop-cap{background-color:#69727d;color:#fff}.elementor-widget-text-editor.elementor-drop-cap-view-framed .elementor-drop-cap{color:#69727d;border:3px solid;background-color:transparent}.elementor-widget-text-editor:not(.elementor-drop-cap-view-default) .elementor-drop-cap{margin-top:8px}.elementor-widget-text-editor:not(.elementor-drop-cap-view-default) .elementor-drop-cap-letter{width:1em;height:1em}.elementor-widget-text-editor .elementor-drop-cap{float:left;text-align:center;line-height:1;font-size:50px}.elementor-widget-text-editor .elementor-drop-cap-letter{display:inline-block}<\/style>\t\t\t\t<p>Sie sind in Ihrer Organisation f\u00fcr Veranstaltungen verantwortlich und suchen nach einer L\u00f6sung, um eine Veranstaltung zu versch\u00f6nern? Dutch Event Carpets ist ein Spezialist f\u00fcr die Lieferung, Verlegung und Entfernung von Teppichb\u00f6den.<\/p><p>Auf dieser Seite haben wir eine Auswahl der Produkte getroffen, die wir f\u00fcr eine Ausstellung, eine gro\u00dfe Er\u00f6ffnung, eine Premiere oder einen Kongress empfehlen. Wenn Sie nur einen roten Teppich am Eingang w\u00fcnschen, empfehlen wir stage. Diese Qualit\u00e4t ist in fast jeder Farbe erh\u00e4ltlich und sorgt f\u00fcr eine tolle Atmosph\u00e4re, wenn Ihre Kunden, G\u00e4ste oder Kollegen eintreten.<\/p>\t\t\t\t\t\t<\/div>\n\t\t\t\t<\/div>\n\t\t\t\t\t<\/div>\n\t\t<\/div>\n\t\t\t\t\t<\/div>\n\t\t<\/section>\n\t\t\t\t<section class=\"elementor-section elementor-top-section elementor-element elementor-element-662a8164 elementor-section-boxed elementor-section-height-default elementor-section-height-default elementor-invisible\" data-id=\"662a8164\" data-element_type=\"section\" data-settings=\"{&quot;animation&quot;:&quot;fadeIn&quot;}\">\n\t\t\t\t\t\t<div class=\"elementor-container elementor-column-gap-no\">\n\t\t\t\t\t<div class=\"elementor-column elementor-col-50 elementor-top-column elementor-element elementor-element-5c97a9a5\" data-id=\"5c97a9a5\" data-element_type=\"column\">\n\t\t\t<div class=\"elementor-widget-wrap elementor-element-populated\">\n\t\t\t\t\t\t<div class=\"elementor-element elementor-element-7d9b8f72 elementor-widget elementor-widget-text-editor\" data-id=\"7d9b8f72\" data-element_type=\"widget\" data-widget_type=\"text-editor.default\">\n\t\t\t\t<div class=\"elementor-widget-container\">\n\t\t\t\t\t\t\t<p>Es ist auch m\u00f6glich, einen ganzen Raum mit einer oder mehreren Farben auszulegen, wof\u00fcr wir expostyle empfehlen. Wenn Ihre Veranstaltung gut gef\u00fcllt ist, w\u00e4hlen Sie eine leuchtende Farbe, damit der Teppich zu jeder Zeit f\u00fcr Atmosph\u00e4re sorgt und die Farbe unter den Menschen hervorsticht.<\/p>\n<p>Es ist auch m\u00f6glich, Ihrer Veranstaltung eine pers\u00f6nliche Note zu verleihen. Dies kann mit bedruckten Teppichen geschehen. Sie k\u00f6nnen zum Beispiel Ihr Firmenlogo in den Teppich einarbeiten.<\/p>\t\t\t\t\t\t<\/div>\n\t\t\t\t<\/div>\n\t\t\t\t\t<\/div>\n\t\t<\/div>\n\t\t\t\t<div class=\"elementor-column elementor-col-50 elementor-top-column elementor-element elementor-element-7bbe8e84\" data-id=\"7bbe8e84\" data-element_type=\"column\">\n\t\t\t<div class=\"elementor-widget-wrap elementor-element-populated\">\n\t\t\t\t\t\t<div class=\"elementor-element elementor-element-124073c3 elementor-absolute elementor-hidden-tablet elementor-hidden-mobile elementor-widget elementor-widget-image\" data-id=\"124073c3\" data-element_type=\"widget\" data-settings=\"{&quot;_position&quot;:&quot;absolute&quot;}\" data-widget_type=\"image.default\">\n\t\t\t\t<div class=\"elementor-widget-container\">\n\t\t\t\t\t\t\t\t\t\t\t\t\t<img decoding=\"async\" width=\"800\" height=\"167\" src=\"https:\/\/dutcheventcarpets.nl\/wp-content\/uploads\/2023\/03\/Dutch-Event-Carpets-logo-2.svg\" class=\"attachment-large size-large wp-image-2417\" alt=\"\" \/>\t\t\t\t\t\t\t\t\t\t\t\t\t<\/div>\n\t\t\t\t<\/div>\n\t\t\t\t\t<\/div>\n\t\t<\/div>\n\t\t\t\t\t<\/div>\n\t\t<\/section>\n\t\t<div class=\"elementor-element elementor-element-c0394e e-con-full e-flex e-con e-parent\" data-id=\"c0394e\" data-element_type=\"container\">\n\t\t<div class=\"elementor-element elementor-element-20301382 e-con-full e-flex e-con e-parent\" data-id=\"20301382\" data-element_type=\"container\">\n\t\t\t\t<div class=\"elementor-element elementor-element-74ebbb16 elementor-widget elementor-widget-image\" data-id=\"74ebbb16\" data-element_type=\"widget\" data-widget_type=\"image.default\">\n\t\t\t\t<div class=\"elementor-widget-container\">\n\t\t\t\t\t\t\t\t\t\t\t\t\t<img loading=\"lazy\" decoding=\"async\" width=\"419\" height=\"419\" src=\"https:\/\/dutcheventcarpets.nl\/wp-content\/uploads\/2023\/03\/3100-e1687943962676.jpg\" class=\"attachment-large size-large wp-image-984\" alt=\"\" srcset=\"https:\/\/dutcheventcarpets.nl\/wp-content\/uploads\/2023\/03\/3100-e1687943962676.jpg 419w, https:\/\/dutcheventcarpets.nl\/wp-content\/uploads\/2023\/03\/3100-e1687943962676-300x300.jpg 300w, https:\/\/dutcheventcarpets.nl\/wp-content\/uploads\/2023\/03\/3100-e1687943962676-150x150.jpg 150w, https:\/\/dutcheventcarpets.nl\/wp-content\/uploads\/2023\/03\/3100-e1687943962676-100x100.jpg 100w, https:\/\/dutcheventcarpets.nl\/wp-content\/uploads\/2023\/03\/3100-e1687943962676-12x12.jpg 12w\" sizes=\"(max-width: 419px) 100vw, 419px\" \/>\t\t\t\t\t\t\t\t\t\t\t\t\t<\/div>\n\t\t\t\t<\/div>\n\t\t\t\t<div class=\"elementor-element elementor-element-2427d663 elementor-align-center elementor-widget elementor-widget-elementskit-button\" data-id=\"2427d663\" data-element_type=\"widget\" data-widget_type=\"elementskit-button.default\">\n\t\t\t\t<div class=\"elementor-widget-container\">\n\t\t\t<div class=\"ekit-wid-con\" >\t\t<div class=\"ekit-btn-wraper\">\n\t\t\t\t\t\t\t<a href=\"https:\/\/dutcheventcarpets.nl\/de\/podium-aurora-red-3100\/\" class=\"elementskit-btn  whitespace--normal\" id=\"\">\n\t\t\t\t\tPRODUKT ANSEHEN\t\t\t\t<\/a>\n\t\t\t\t\t<\/div>\n        <\/div>\t\t<\/div>\n\t\t\t\t<\/div>\n\t\t\t\t<\/div>\n\t\t<div class=\"elementor-element elementor-element-718371be e-con-full e-flex e-con e-parent\" data-id=\"718371be\" data-element_type=\"container\">\n\t\t\t\t<div class=\"elementor-element elementor-element-4272a65d elementor-widget elementor-widget-image\" data-id=\"4272a65d\" data-element_type=\"widget\" data-widget_type=\"image.default\">\n\t\t\t\t<div class=\"elementor-widget-container\">\n\t\t\t\t\t\t\t\t\t\t\t\t\t<img loading=\"lazy\" decoding=\"async\" width=\"419\" height=\"419\" src=\"https:\/\/dutcheventcarpets.nl\/wp-content\/uploads\/2023\/03\/2021-e1687943668180.jpg\" class=\"attachment-large size-large wp-image-973\" alt=\"\" srcset=\"https:\/\/dutcheventcarpets.nl\/wp-content\/uploads\/2023\/03\/2021-e1687943668180.jpg 419w, https:\/\/dutcheventcarpets.nl\/wp-content\/uploads\/2023\/03\/2021-e1687943668180-300x300.jpg 300w, https:\/\/dutcheventcarpets.nl\/wp-content\/uploads\/2023\/03\/2021-e1687943668180-150x150.jpg 150w, https:\/\/dutcheventcarpets.nl\/wp-content\/uploads\/2023\/03\/2021-e1687943668180-100x100.jpg 100w, https:\/\/dutcheventcarpets.nl\/wp-content\/uploads\/2023\/03\/2021-e1687943668180-12x12.jpg 12w\" sizes=\"(max-width: 419px) 100vw, 419px\" \/>\t\t\t\t\t\t\t\t\t\t\t\t\t<\/div>\n\t\t\t\t<\/div>\n\t\t\t\t<div class=\"elementor-element elementor-element-29ccfde elementor-align-center elementor-widget elementor-widget-elementskit-button\" data-id=\"29ccfde\" data-element_type=\"widget\" data-widget_type=\"elementskit-button.default\">\n\t\t\t\t<div class=\"elementor-widget-container\">\n\t\t\t<div class=\"ekit-wid-con\" >\t\t<div class=\"ekit-btn-wraper\">\n\t\t\t\t\t\t\t<a href=\"https:\/\/dutcheventcarpets.nl\/de\/buhne-schwarz-2021\/\" class=\"elementskit-btn  whitespace--normal\" id=\"\">\n\t\t\t\t\tPRODUKT ANSEHEN\t\t\t\t<\/a>\n\t\t\t\t\t<\/div>\n        <\/div>\t\t<\/div>\n\t\t\t\t<\/div>\n\t\t\t\t<\/div>\n\t\t<div class=\"elementor-element elementor-element-6f145d29 e-con-full e-flex e-con e-parent\" data-id=\"6f145d29\" data-element_type=\"container\">\n\t\t\t\t<div class=\"elementor-element elementor-element-60507c2d elementor-widget elementor-widget-image\" data-id=\"60507c2d\" data-element_type=\"widget\" data-widget_type=\"image.default\">\n\t\t\t\t<div class=\"elementor-widget-container\">\n\t\t\t\t\t\t\t\t\t\t\t\t\t<img loading=\"lazy\" decoding=\"async\" width=\"419\" height=\"419\" src=\"https:\/\/dutcheventcarpets.nl\/wp-content\/uploads\/2023\/03\/1017-e1687943649340.jpg\" class=\"attachment-large size-large wp-image-970\" alt=\"\" srcset=\"https:\/\/dutcheventcarpets.nl\/wp-content\/uploads\/2023\/03\/1017-e1687943649340.jpg 419w, https:\/\/dutcheventcarpets.nl\/wp-content\/uploads\/2023\/03\/1017-e1687943649340-300x300.jpg 300w, https:\/\/dutcheventcarpets.nl\/wp-content\/uploads\/2023\/03\/1017-e1687943649340-150x150.jpg 150w, https:\/\/dutcheventcarpets.nl\/wp-content\/uploads\/2023\/03\/1017-e1687943649340-100x100.jpg 100w, https:\/\/dutcheventcarpets.nl\/wp-content\/uploads\/2023\/03\/1017-e1687943649340-12x12.jpg 12w\" sizes=\"(max-width: 419px) 100vw, 419px\" \/>\t\t\t\t\t\t\t\t\t\t\t\t\t<\/div>\n\t\t\t\t<\/div>\n\t\t\t\t<div class=\"elementor-element elementor-element-652e1b37 elementor-align-center elementor-widget elementor-widget-elementskit-button\" data-id=\"652e1b37\" data-element_type=\"widget\" data-widget_type=\"elementskit-button.default\">\n\t\t\t\t<div class=\"elementor-widget-container\">\n\t\t\t<div class=\"ekit-wid-con\" >\t\t<div class=\"ekit-btn-wraper\">\n\t\t\t\t\t\t\t<a href=\"https:\/\/dutcheventcarpets.nl\/de\/buhnen-lama-1017\/\" class=\"elementskit-btn  whitespace--normal\" id=\"\">\n\t\t\t\t\tPRODUKT ANSEHEN\t\t\t\t<\/a>\n\t\t\t\t\t<\/div>\n        <\/div>\t\t<\/div>\n\t\t\t\t<\/div>\n\t\t\t\t<\/div>\n\t\t<div class=\"elementor-element elementor-element-12c89053 e-con-full e-flex e-con e-parent\" data-id=\"12c89053\" data-element_type=\"container\">\n\t\t\t\t<div class=\"elementor-element elementor-element-16cb0bd elementor-widget elementor-widget-image\" data-id=\"16cb0bd\" data-element_type=\"widget\" data-widget_type=\"image.default\">\n\t\t\t\t<div class=\"elementor-widget-container\">\n\t\t\t\t\t\t\t\t\t\t\t\t\t<img loading=\"lazy\" decoding=\"async\" width=\"570\" height=\"570\" src=\"https:\/\/dutcheventcarpets.nl\/wp-content\/uploads\/2023\/03\/Expostyle-1635-Marble.jpg\" class=\"attachment-large size-large wp-image-4628\" alt=\"\" srcset=\"https:\/\/dutcheventcarpets.nl\/wp-content\/uploads\/2023\/03\/Expostyle-1635-Marble.jpg 570w, https:\/\/dutcheventcarpets.nl\/wp-content\/uploads\/2023\/03\/Expostyle-1635-Marble-300x300.jpg 300w, https:\/\/dutcheventcarpets.nl\/wp-content\/uploads\/2023\/03\/Expostyle-1635-Marble-150x150.jpg 150w, https:\/\/dutcheventcarpets.nl\/wp-content\/uploads\/2023\/03\/Expostyle-1635-Marble-12x12.jpg 12w, https:\/\/dutcheventcarpets.nl\/wp-content\/uploads\/2023\/03\/Expostyle-1635-Marble-100x100.jpg 100w\" sizes=\"(max-width: 570px) 100vw, 570px\" \/>\t\t\t\t\t\t\t\t\t\t\t\t\t<\/div>\n\t\t\t\t<\/div>\n\t\t\t\t<div class=\"elementor-element elementor-element-2368033a elementor-align-center elementor-widget elementor-widget-elementskit-button\" data-id=\"2368033a\" data-element_type=\"widget\" data-widget_type=\"elementskit-button.default\">\n\t\t\t\t<div class=\"elementor-widget-container\">\n\t\t\t<div class=\"ekit-wid-con\" >\t\t<div class=\"ekit-btn-wraper\">\n\t\t\t\t\t\t\t<a href=\"https:\/\/dutcheventcarpets.nl\/de\/expostyle-marmor-1635\/\" class=\"elementskit-btn  whitespace--normal\" id=\"\">\n\t\t\t\t\tPRODUKT ANSEHEN\t\t\t\t<\/a>\n\t\t\t\t\t<\/div>\n        <\/div>\t\t<\/div>\n\t\t\t\t<\/div>\n\t\t\t\t<\/div>\n\t\t<div class=\"elementor-element elementor-element-b79fc3e e-con-full e-flex e-con e-parent\" data-id=\"b79fc3e\" data-element_type=\"container\">\n\t\t\t\t<div class=\"elementor-element elementor-element-792cb683 elementor-widget elementor-widget-image\" data-id=\"792cb683\" data-element_type=\"widget\" data-widget_type=\"image.default\">\n\t\t\t\t<div class=\"elementor-widget-container\">\n\t\t\t\t\t\t\t\t\t\t\t\t\t<img loading=\"lazy\" decoding=\"async\" width=\"714\" height=\"714\" src=\"https:\/\/dutcheventcarpets.nl\/wp-content\/uploads\/2023\/03\/Expostyle-1258-Walnut.jpg\" class=\"attachment-large size-large wp-image-555\" alt=\"\" srcset=\"https:\/\/dutcheventcarpets.nl\/wp-content\/uploads\/2023\/03\/Expostyle-1258-Walnut.jpg 714w, https:\/\/dutcheventcarpets.nl\/wp-content\/uploads\/2023\/03\/Expostyle-1258-Walnut-300x300.jpg 300w, https:\/\/dutcheventcarpets.nl\/wp-content\/uploads\/2023\/03\/Expostyle-1258-Walnut-100x100.jpg 100w, https:\/\/dutcheventcarpets.nl\/wp-content\/uploads\/2023\/03\/Expostyle-1258-Walnut-600x600.jpg 600w, https:\/\/dutcheventcarpets.nl\/wp-content\/uploads\/2023\/03\/Expostyle-1258-Walnut-150x150.jpg 150w\" sizes=\"(max-width: 714px) 100vw, 714px\" \/>\t\t\t\t\t\t\t\t\t\t\t\t\t<\/div>\n\t\t\t\t<\/div>\n\t\t\t\t<div class=\"elementor-element elementor-element-b2efbe2 elementor-align-center elementor-widget elementor-widget-elementskit-button\" data-id=\"b2efbe2\" data-element_type=\"widget\" data-widget_type=\"elementskit-button.default\">\n\t\t\t\t<div class=\"elementor-widget-container\">\n\t\t\t<div class=\"ekit-wid-con\" >\t\t<div class=\"ekit-btn-wraper\">\n\t\t\t\t\t\t\t<a href=\"https:\/\/dutcheventcarpets.nl\/de\/expostyle-walnuss\/\" class=\"elementskit-btn  whitespace--normal\" id=\"\">\n\t\t\t\t\tPRODUKT ANSEHEN\t\t\t\t<\/a>\n\t\t\t\t\t<\/div>\n        <\/div>\t\t<\/div>\n\t\t\t\t<\/div>\n\t\t\t\t<\/div>\n\t\t\t\t<\/div>\n\t\t\t\t<\/div>","protected":false},"excerpt":{"rendered":"<p>Konferenzteppich Veranstaltungsteppich f\u00fcr eine Konferenz oder ein Gesch\u00e4ftsereignis. Sind Sie in Ihrer Organisation f\u00fcr Veranstaltungen verantwortlich und suchen Sie nach einer L\u00f6sung, um eine Veranstaltung zu versch\u00f6nern? Dann sind Sie bei Dutch Event Carpets an der richtigen Adresse. Dutch Event Carpets ist ein Spezialist f\u00fcr die Lieferung, Verlegung und Entfernung von Teppichb\u00f6den. Auf dieser Seite haben wir [...]<\/p>","protected":false},"author":1,"featured_media":0,"parent":0,"menu_order":0,"comment_status":"closed","ping_status":"closed","template":"elementor_header_footer","meta":{"_joinchat":[],"footnotes":""},"class_list":["post-2004","page","type-page","status-publish","hentry"],"_links":{"self":[{"href":"https:\/\/dutcheventcarpets.nl\/de\/wp-json\/wp\/v2\/pages\/2004","targetHints":{"allow":["GET"]}}],"collection":[{"href":"https:\/\/dutcheventcarpets.nl\/de\/wp-json\/wp\/v2\/pages"}],"about":[{"href":"https:\/\/dutcheventcarpets.nl\/de\/wp-json\/wp\/v2\/types\/page"}],"author":[{"embeddable":true,"href":"https:\/\/dutcheventcarpets.nl\/de\/wp-json\/wp\/v2\/users\/1"}],"replies":[{"embeddable":true,"href":"https:\/\/dutcheventcarpets.nl\/de\/wp-json\/wp\/v2\/comments?post=2004"}],"version-history":[{"count":53,"href":"https:\/\/dutcheventcarpets.nl\/de\/wp-json\/wp\/v2\/pages\/2004\/revisions"}],"predecessor-version":[{"id":6904,"href":"https:\/\/dutcheventcarpets.nl\/de\/wp-json\/wp\/v2\/pages\/2004\/revisions\/6904"}],"wp:attachment":[{"href":"https:\/\/dutcheventcarpets.nl\/de\/wp-json\/wp\/v2\/media?parent=2004"}],"curies":[{"name":"wp","href":"https:\/\/api.w.org\/{rel}","templated":true}]}}