{"id":2241,"date":"2023-04-07T12:12:45","date_gmt":"2023-04-07T11:12:45","guid":{"rendered":"https:\/\/dutcheventcarpets.nl\/?page_id=2241"},"modified":"2023-08-10T15:47:20","modified_gmt":"2023-08-10T14:47:20","slug":"productie-kantoor-lowlands-2022","status":"publish","type":"page","link":"https:\/\/dutcheventcarpets.nl\/de\/produktion-buro-niederlande-2022\/","title":{"rendered":"Produktionsb\u00fcro Niederungen 2022"},"content":{"rendered":"<div data-elementor-type=\"wp-page\" data-elementor-id=\"2241\" class=\"elementor elementor-2241\" data-elementor-post-type=\"page\">\n\t\t\t\t<div class=\"elementor-element elementor-element-533e095b e-con-full e-flex e-con e-parent\" data-id=\"533e095b\" data-element_type=\"container\" data-settings=\"{&quot;background_background&quot;:&quot;classic&quot;}\">\n\t\t\t\t<div class=\"elementor-element elementor-element-33e0b5b7 elementor-widget elementor-widget-heading\" data-id=\"33e0b5b7\" data-element_type=\"widget\" data-widget_type=\"heading.default\">\n\t\t\t\t<div class=\"elementor-widget-container\">\n\t\t\t<style>\/*! elementor - v3.21.0 - 30-04-2024 *\/\n.elementor-heading-title{padding:0;margin:0;line-height:1}.elementor-widget-heading .elementor-heading-title[class*=elementor-size-]>a{color:inherit;font-size:inherit;line-height:inherit}.elementor-widget-heading .elementor-heading-title.elementor-size-small{font-size:15px}.elementor-widget-heading .elementor-heading-title.elementor-size-medium{font-size:19px}.elementor-widget-heading .elementor-heading-title.elementor-size-large{font-size:29px}.elementor-widget-heading .elementor-heading-title.elementor-size-xl{font-size:39px}.elementor-widget-heading .elementor-heading-title.elementor-size-xxl{font-size:59px}<\/style><h2 class=\"elementor-heading-title elementor-size-default\">Produktionsb\u00fcro <br>Tiefland 2022<\/h2>\t\t<\/div>\n\t\t\t\t<\/div>\n\t\t\t\t<div class=\"elementor-element elementor-element-5df09a30 elementor-widget__width-initial elementor-widget-mobile__width-inherit elementor-widget elementor-widget-text-editor\" data-id=\"5df09a30\" data-element_type=\"widget\" data-widget_type=\"text-editor.default\">\n\t\t\t\t<div class=\"elementor-widget-container\">\n\t\t\t<style>\/*! elementor - v3.21.0 - 30-04-2024 *\/\n.elementor-widget-text-editor.elementor-drop-cap-view-stacked .elementor-drop-cap{background-color:#69727d;color:#fff}.elementor-widget-text-editor.elementor-drop-cap-view-framed .elementor-drop-cap{color:#69727d;border:3px solid;background-color:transparent}.elementor-widget-text-editor:not(.elementor-drop-cap-view-default) .elementor-drop-cap{margin-top:8px}.elementor-widget-text-editor:not(.elementor-drop-cap-view-default) .elementor-drop-cap-letter{width:1em;height:1em}.elementor-widget-text-editor .elementor-drop-cap{float:left;text-align:center;line-height:1;font-size:50px}.elementor-widget-text-editor .elementor-drop-cap-letter{display:inline-block}<\/style>\t\t\t\t<p>In Zusammenarbeit mit MOJO<\/p>\t\t\t\t\t\t<\/div>\n\t\t\t\t<\/div>\n\t\t<div class=\"elementor-element elementor-element-6a6a30f4 e-flex e-con-boxed e-con e-parent\" data-id=\"6a6a30f4\" data-element_type=\"container\">\n\t\t\t\t\t<div class=\"e-con-inner\">\n\t\t\t\t<div class=\"elementor-element elementor-element-347eb983 gallery-spacing-custom elementor-widget__width-inherit elementor-widget elementor-widget-image-gallery\" data-id=\"347eb983\" data-element_type=\"widget\" data-widget_type=\"image-gallery.default\">\n\t\t\t\t<div class=\"elementor-widget-container\">\n\t\t\t<style>\/*! elementor - v3.21.0 - 30-04-2024 *\/\n.elementor-image-gallery .gallery-item{display:inline-block;text-align:center;vertical-align:top;width:100%;max-width:100%;margin:0 auto}.elementor-image-gallery .gallery-item img{margin:0 auto}.elementor-image-gallery .gallery-item .gallery-caption{margin:0}.elementor-image-gallery figure img{display:block}.elementor-image-gallery figure figcaption{width:100%}.gallery-spacing-custom .elementor-image-gallery .gallery-icon{padding:0}@media (min-width:768px){.elementor-image-gallery .gallery-columns-2 .gallery-item{max-width:50%}.elementor-image-gallery .gallery-columns-3 .gallery-item{max-width:33.33%}.elementor-image-gallery .gallery-columns-4 .gallery-item{max-width:25%}.elementor-image-gallery .gallery-columns-5 .gallery-item{max-width:20%}.elementor-image-gallery .gallery-columns-6 .gallery-item{max-width:16.666%}.elementor-image-gallery .gallery-columns-7 .gallery-item{max-width:14.28%}.elementor-image-gallery .gallery-columns-8 .gallery-item{max-width:12.5%}.elementor-image-gallery .gallery-columns-9 .gallery-item{max-width:11.11%}.elementor-image-gallery .gallery-columns-10 .gallery-item{max-width:10%}}@media (min-width:480px) and (max-width:767px){.elementor-image-gallery .gallery.gallery-columns-2 .gallery-item,.elementor-image-gallery .gallery.gallery-columns-3 .gallery-item,.elementor-image-gallery .gallery.gallery-columns-4 .gallery-item,.elementor-image-gallery .gallery.gallery-columns-5 .gallery-item,.elementor-image-gallery .gallery.gallery-columns-6 .gallery-item,.elementor-image-gallery .gallery.gallery-columns-7 .gallery-item,.elementor-image-gallery .gallery.gallery-columns-8 .gallery-item,.elementor-image-gallery .gallery.gallery-columns-9 .gallery-item,.elementor-image-gallery .gallery.gallery-columns-10 .gallery-item{max-width:50%}}@media (max-width:479px){.elementor-image-gallery .gallery.gallery-columns-2 .gallery-item,.elementor-image-gallery .gallery.gallery-columns-3 .gallery-item,.elementor-image-gallery .gallery.gallery-columns-4 .gallery-item,.elementor-image-gallery .gallery.gallery-columns-5 .gallery-item,.elementor-image-gallery .gallery.gallery-columns-6 .gallery-item,.elementor-image-gallery .gallery.gallery-columns-7 .gallery-item,.elementor-image-gallery .gallery.gallery-columns-8 .gallery-item,.elementor-image-gallery .gallery.gallery-columns-9 .gallery-item,.elementor-image-gallery .gallery.gallery-columns-10 .gallery-item{max-width:100%}}<\/style>\t\t<div class=\"elementor-image-gallery\">\n\t\t\t<div id='gallery-1' class='gallery galleryid-2241 gallery-columns-3 gallery-size-large'><figure class='gallery-item'>\n\t\t\t<div class='gallery-icon landscape'>\n\t\t\t\t<img fetchpriority=\"high\" decoding=\"async\" width=\"800\" height=\"800\" src=\"https:\/\/dutcheventcarpets.nl\/wp-content\/uploads\/2023\/04\/LOWLANDS-2.jpg\" class=\"attachment-large size-large\" alt=\"\" srcset=\"https:\/\/dutcheventcarpets.nl\/wp-content\/uploads\/2023\/04\/LOWLANDS-2.jpg 800w, https:\/\/dutcheventcarpets.nl\/wp-content\/uploads\/2023\/04\/LOWLANDS-2-300x300.jpg 300w, https:\/\/dutcheventcarpets.nl\/wp-content\/uploads\/2023\/04\/LOWLANDS-2-150x150.jpg 150w, https:\/\/dutcheventcarpets.nl\/wp-content\/uploads\/2023\/04\/LOWLANDS-2-768x768.jpg 768w, https:\/\/dutcheventcarpets.nl\/wp-content\/uploads\/2023\/04\/LOWLANDS-2-600x600.jpg 600w, https:\/\/dutcheventcarpets.nl\/wp-content\/uploads\/2023\/04\/LOWLANDS-2-100x100.jpg 100w\" sizes=\"(max-width: 800px) 100vw, 800px\" \/>\n\t\t\t<\/div><\/figure><figure class='gallery-item'>\n\t\t\t<div class='gallery-icon landscape'>\n\t\t\t\t<img decoding=\"async\" width=\"800\" height=\"800\" src=\"https:\/\/dutcheventcarpets.nl\/wp-content\/uploads\/2023\/04\/LOWLANDS-3.jpg\" class=\"attachment-large size-large\" alt=\"\" srcset=\"https:\/\/dutcheventcarpets.nl\/wp-content\/uploads\/2023\/04\/LOWLANDS-3.jpg 800w, https:\/\/dutcheventcarpets.nl\/wp-content\/uploads\/2023\/04\/LOWLANDS-3-300x300.jpg 300w, https:\/\/dutcheventcarpets.nl\/wp-content\/uploads\/2023\/04\/LOWLANDS-3-150x150.jpg 150w, https:\/\/dutcheventcarpets.nl\/wp-content\/uploads\/2023\/04\/LOWLANDS-3-768x768.jpg 768w, https:\/\/dutcheventcarpets.nl\/wp-content\/uploads\/2023\/04\/LOWLANDS-3-600x600.jpg 600w, https:\/\/dutcheventcarpets.nl\/wp-content\/uploads\/2023\/04\/LOWLANDS-3-100x100.jpg 100w\" sizes=\"(max-width: 800px) 100vw, 800px\" \/>\n\t\t\t<\/div><\/figure><figure class='gallery-item'>\n\t\t\t<div class='gallery-icon landscape'>\n\t\t\t\t<img decoding=\"async\" width=\"800\" height=\"800\" src=\"https:\/\/dutcheventcarpets.nl\/wp-content\/uploads\/2023\/04\/LOWLANDS-4.jpg\" class=\"attachment-large size-large\" alt=\"\" srcset=\"https:\/\/dutcheventcarpets.nl\/wp-content\/uploads\/2023\/04\/LOWLANDS-4.jpg 800w, https:\/\/dutcheventcarpets.nl\/wp-content\/uploads\/2023\/04\/LOWLANDS-4-300x300.jpg 300w, https:\/\/dutcheventcarpets.nl\/wp-content\/uploads\/2023\/04\/LOWLANDS-4-150x150.jpg 150w, https:\/\/dutcheventcarpets.nl\/wp-content\/uploads\/2023\/04\/LOWLANDS-4-768x768.jpg 768w, https:\/\/dutcheventcarpets.nl\/wp-content\/uploads\/2023\/04\/LOWLANDS-4-600x600.jpg 600w, https:\/\/dutcheventcarpets.nl\/wp-content\/uploads\/2023\/04\/LOWLANDS-4-100x100.jpg 100w\" sizes=\"(max-width: 800px) 100vw, 800px\" \/>\n\t\t\t<\/div><\/figure><figure class='gallery-item'>\n\t\t\t<div class='gallery-icon landscape'>\n\t\t\t\t<img loading=\"lazy\" decoding=\"async\" width=\"800\" height=\"800\" src=\"https:\/\/dutcheventcarpets.nl\/wp-content\/uploads\/2023\/04\/LOWLANDS-5.jpg\" class=\"attachment-large size-large\" alt=\"\" srcset=\"https:\/\/dutcheventcarpets.nl\/wp-content\/uploads\/2023\/04\/LOWLANDS-5.jpg 800w, https:\/\/dutcheventcarpets.nl\/wp-content\/uploads\/2023\/04\/LOWLANDS-5-300x300.jpg 300w, https:\/\/dutcheventcarpets.nl\/wp-content\/uploads\/2023\/04\/LOWLANDS-5-150x150.jpg 150w, https:\/\/dutcheventcarpets.nl\/wp-content\/uploads\/2023\/04\/LOWLANDS-5-768x768.jpg 768w, https:\/\/dutcheventcarpets.nl\/wp-content\/uploads\/2023\/04\/LOWLANDS-5-600x600.jpg 600w, https:\/\/dutcheventcarpets.nl\/wp-content\/uploads\/2023\/04\/LOWLANDS-5-100x100.jpg 100w\" sizes=\"(max-width: 800px) 100vw, 800px\" \/>\n\t\t\t<\/div><\/figure><figure class='gallery-item'>\n\t\t\t<div class='gallery-icon landscape'>\n\t\t\t\t<img loading=\"lazy\" decoding=\"async\" width=\"800\" height=\"800\" src=\"https:\/\/dutcheventcarpets.nl\/wp-content\/uploads\/2023\/04\/LOWLANDS.jpg\" class=\"attachment-large size-large\" alt=\"\" srcset=\"https:\/\/dutcheventcarpets.nl\/wp-content\/uploads\/2023\/04\/LOWLANDS.jpg 800w, https:\/\/dutcheventcarpets.nl\/wp-content\/uploads\/2023\/04\/LOWLANDS-300x300.jpg 300w, https:\/\/dutcheventcarpets.nl\/wp-content\/uploads\/2023\/04\/LOWLANDS-150x150.jpg 150w, https:\/\/dutcheventcarpets.nl\/wp-content\/uploads\/2023\/04\/LOWLANDS-768x768.jpg 768w, https:\/\/dutcheventcarpets.nl\/wp-content\/uploads\/2023\/04\/LOWLANDS-600x600.jpg 600w, https:\/\/dutcheventcarpets.nl\/wp-content\/uploads\/2023\/04\/LOWLANDS-100x100.jpg 100w\" sizes=\"(max-width: 800px) 100vw, 800px\" \/>\n\t\t\t<\/div><\/figure><figure class='gallery-item'>\n\t\t\t<div class='gallery-icon landscape'>\n\t\t\t\t<img loading=\"lazy\" decoding=\"async\" width=\"800\" height=\"800\" src=\"https:\/\/dutcheventcarpets.nl\/wp-content\/uploads\/2023\/04\/LOWLANDS-MOJO.jpg\" class=\"attachment-large size-large\" alt=\"\" srcset=\"https:\/\/dutcheventcarpets.nl\/wp-content\/uploads\/2023\/04\/LOWLANDS-MOJO.jpg 800w, https:\/\/dutcheventcarpets.nl\/wp-content\/uploads\/2023\/04\/LOWLANDS-MOJO-300x300.jpg 300w, https:\/\/dutcheventcarpets.nl\/wp-content\/uploads\/2023\/04\/LOWLANDS-MOJO-150x150.jpg 150w, https:\/\/dutcheventcarpets.nl\/wp-content\/uploads\/2023\/04\/LOWLANDS-MOJO-768x768.jpg 768w, https:\/\/dutcheventcarpets.nl\/wp-content\/uploads\/2023\/04\/LOWLANDS-MOJO-600x600.jpg 600w, https:\/\/dutcheventcarpets.nl\/wp-content\/uploads\/2023\/04\/LOWLANDS-MOJO-100x100.jpg 100w\" sizes=\"(max-width: 800px) 100vw, 800px\" \/>\n\t\t\t<\/div><\/figure>\n\t\t<\/div>\n\t\t<\/div>\n\t\t\t\t<\/div>\n\t\t\t\t<\/div>\n\t\t\t\t\t<\/div>\n\t\t\t\t<\/div>\n\t\t\t\t<\/div>\n\t\t<div class=\"elementor-element elementor-element-470c05b3 e-flex e-con-boxed e-con e-parent\" data-id=\"470c05b3\" data-element_type=\"container\" data-settings=\"{&quot;background_background&quot;:&quot;classic&quot;}\">\n\t\t\t\t\t<div class=\"e-con-inner\">\n\t\t<div class=\"elementor-element elementor-element-11352cbf e-con-full e-flex e-con e-parent\" data-id=\"11352cbf\" data-element_type=\"container\">\n\t\t<div class=\"elementor-element elementor-element-6d0d7e1d e-con-full e-flex e-con e-parent\" data-id=\"6d0d7e1d\" data-element_type=\"container\">\n\t\t\t\t<div class=\"elementor-element elementor-element-921aa2c animated-slow elementor-invisible elementor-widget elementor-widget-heading\" data-id=\"921aa2c\" data-element_type=\"widget\" data-settings=\"{&quot;_animation&quot;:&quot;slideInUp&quot;}\" data-widget_type=\"heading.default\">\n\t\t\t\t<div class=\"elementor-widget-container\">\n\t\t\t<h2 class=\"elementor-heading-title elementor-size-default\">F\u00dcR DIESES EREIGNIS, HABEN WIR<\/h2>\t\t<\/div>\n\t\t\t\t<\/div>\n\t\t\t\t<div class=\"elementor-element elementor-element-11c0e253 animated-slow elementor-invisible elementor-widget elementor-widget-heading\" data-id=\"11c0e253\" data-element_type=\"widget\" data-settings=\"{&quot;_animation&quot;:&quot;slideInUp&quot;}\" data-widget_type=\"heading.default\">\n\t\t\t\t<div class=\"elementor-widget-container\">\n\t\t\t<h2 class=\"elementor-heading-title elementor-size-default\">die folgenden <br>Farbe\/verwendete Qualit\u00e4t<\/h2>\t\t<\/div>\n\t\t\t\t<\/div>\n\t\t\t\t<div class=\"elementor-element elementor-element-3f903b0e elementor-align-left elementor-widget elementor-widget-button\" data-id=\"3f903b0e\" data-element_type=\"widget\" data-widget_type=\"button.default\">\n\t\t\t\t<div class=\"elementor-widget-container\">\n\t\t\t\t\t<div class=\"elementor-button-wrapper\">\n\t\t\t<a class=\"elementor-button elementor-button-link elementor-size-lg elementor-animation-grow\" href=\"https:\/\/dutcheventcarpets.nl\/de\/sammlung\/\">\n\t\t\t\t\t\t<span class=\"elementor-button-content-wrapper\">\n\t\t\t\t\t\t\t\t\t<span class=\"elementor-button-text\">Produktpalette<\/span>\n\t\t\t\t\t<\/span>\n\t\t\t\t\t<\/a>\n\t\t<\/div>\n\t\t\t\t<\/div>\n\t\t\t\t<\/div>\n\t\t\t\t<\/div>\n\t\t<div class=\"elementor-element elementor-element-20c3152 e-con-full e-flex e-con e-parent\" data-id=\"20c3152\" data-element_type=\"container\">\n\t\t\t\t<div class=\"elementor-element elementor-element-e01b87d elementor-widget elementor-widget-theme-post-featured-image elementor-widget-image\" data-id=\"e01b87d\" data-element_type=\"widget\" data-widget_type=\"theme-post-featured-image.default\">\n\t\t\t\t<div class=\"elementor-widget-container\">\n\t\t\t<style>\/*! elementor - v3.21.0 - 30-04-2024 *\/\n.elementor-widget-image{text-align:center}.elementor-widget-image a{display:inline-block}.elementor-widget-image a img[src$=\".svg\"]{width:48px}.elementor-widget-image img{vertical-align:middle;display:inline-block}<\/style>\t\t\t\t\t\t\t\t\t\t\t<a href=\"https:\/\/dutcheventcarpets.nl\/de\/buhnenfeuer-3037\/\">\n\t\t\t\t\t\t\t<img loading=\"lazy\" decoding=\"async\" width=\"419\" height=\"419\" src=\"https:\/\/dutcheventcarpets.nl\/wp-content\/uploads\/2023\/03\/3037-e1687943900253.jpg\" class=\"elementor-animation-shrink attachment-full size-full wp-image-980\" alt=\"\" srcset=\"https:\/\/dutcheventcarpets.nl\/wp-content\/uploads\/2023\/03\/3037-e1687943900253.jpg 419w, https:\/\/dutcheventcarpets.nl\/wp-content\/uploads\/2023\/03\/3037-e1687943900253-300x300.jpg 300w, https:\/\/dutcheventcarpets.nl\/wp-content\/uploads\/2023\/03\/3037-e1687943900253-150x150.jpg 150w, https:\/\/dutcheventcarpets.nl\/wp-content\/uploads\/2023\/03\/3037-e1687943900253-100x100.jpg 100w, https:\/\/dutcheventcarpets.nl\/wp-content\/uploads\/2023\/03\/3037-e1687943900253-12x12.jpg 12w\" sizes=\"(max-width: 419px) 100vw, 419px\" \/>\t\t\t\t\t\t\t\t<\/a>\n\t\t\t\t\t\t\t\t\t\t\t\t\t<\/div>\n\t\t\t\t<\/div>\n\t\t\t\t<\/div>\n\t\t<div class=\"elementor-element elementor-element-d73c4d1 e-con-full e-flex e-con e-parent\" data-id=\"d73c4d1\" data-element_type=\"container\">\n\t\t\t\t<div class=\"elementor-element elementor-element-a2393c1 elementor-widget elementor-widget-theme-post-featured-image elementor-widget-image\" data-id=\"a2393c1\" data-element_type=\"widget\" data-widget_type=\"theme-post-featured-image.default\">\n\t\t\t\t<div class=\"elementor-widget-container\">\n\t\t\t\t\t\t\t\t\t\t\t\t\t\t<a href=\"https:\/\/dutcheventcarpets.nl\/de\/buhne-flamme-4033\/\">\n\t\t\t\t\t\t\t<img loading=\"lazy\" decoding=\"async\" width=\"419\" height=\"419\" src=\"https:\/\/dutcheventcarpets.nl\/wp-content\/uploads\/2023\/03\/4033-e1687944077779.jpg\" class=\"elementor-animation-shrink attachment-full size-full wp-image-988\" alt=\"\" srcset=\"https:\/\/dutcheventcarpets.nl\/wp-content\/uploads\/2023\/03\/4033-e1687944077779.jpg 419w, https:\/\/dutcheventcarpets.nl\/wp-content\/uploads\/2023\/03\/4033-e1687944077779-300x300.jpg 300w, https:\/\/dutcheventcarpets.nl\/wp-content\/uploads\/2023\/03\/4033-e1687944077779-150x150.jpg 150w, https:\/\/dutcheventcarpets.nl\/wp-content\/uploads\/2023\/03\/4033-e1687944077779-100x100.jpg 100w, https:\/\/dutcheventcarpets.nl\/wp-content\/uploads\/2023\/03\/4033-e1687944077779-12x12.jpg 12w\" sizes=\"(max-width: 419px) 100vw, 419px\" \/>\t\t\t\t\t\t\t\t<\/a>\n\t\t\t\t\t\t\t\t\t\t\t\t\t<\/div>\n\t\t\t\t<\/div>\n\t\t\t\t<\/div>\n\t\t\t\t<\/div>\n\t\t\t\t\t<\/div>\n\t\t\t\t<\/div>\n\t\t<div class=\"elementor-element elementor-element-3923d61 e-flex e-con-boxed e-con e-parent\" data-id=\"3923d61\" data-element_type=\"container\" data-settings=\"{&quot;background_background&quot;:&quot;classic&quot;}\">\n\t\t\t\t\t<div class=\"e-con-inner\">\n\t\t<div class=\"elementor-element elementor-element-7232624 e-con-full e-flex e-con e-parent\" data-id=\"7232624\" data-element_type=\"container\">\n\t\t<div class=\"elementor-element elementor-element-ed83996 e-con-full e-flex e-con e-parent\" data-id=\"ed83996\" data-element_type=\"container\">\n\t\t\t\t<div class=\"elementor-element elementor-element-4f938ef elementor-widget elementor-widget-theme-post-featured-image elementor-widget-image\" data-id=\"4f938ef\" data-element_type=\"widget\" data-widget_type=\"theme-post-featured-image.default\">\n\t\t\t\t<div class=\"elementor-widget-container\">\n\t\t\t\t\t\t\t\t\t\t\t\t\t\t<a href=\"https:\/\/dutcheventcarpets.nl\/de\/etappe-vert-bouteille-6064\/\">\n\t\t\t\t\t\t\t<img loading=\"lazy\" decoding=\"async\" width=\"419\" height=\"419\" src=\"https:\/\/dutcheventcarpets.nl\/wp-content\/uploads\/2023\/03\/6064-e1687944190588.jpg\" class=\"elementor-animation-shrink attachment-full size-full wp-image-1031\" alt=\"\" srcset=\"https:\/\/dutcheventcarpets.nl\/wp-content\/uploads\/2023\/03\/6064-e1687944190588.jpg 419w, https:\/\/dutcheventcarpets.nl\/wp-content\/uploads\/2023\/03\/6064-e1687944190588-300x300.jpg 300w, https:\/\/dutcheventcarpets.nl\/wp-content\/uploads\/2023\/03\/6064-e1687944190588-150x150.jpg 150w, https:\/\/dutcheventcarpets.nl\/wp-content\/uploads\/2023\/03\/6064-e1687944190588-100x100.jpg 100w, https:\/\/dutcheventcarpets.nl\/wp-content\/uploads\/2023\/03\/6064-e1687944190588-12x12.jpg 12w\" sizes=\"(max-width: 419px) 100vw, 419px\" \/>\t\t\t\t\t\t\t\t<\/a>\n\t\t\t\t\t\t\t\t\t\t\t\t\t<\/div>\n\t\t\t\t<\/div>\n\t\t\t\t<\/div>\n\t\t<div class=\"elementor-element elementor-element-9e40ac7 e-con-full e-flex e-con e-parent\" data-id=\"9e40ac7\" data-element_type=\"container\">\n\t\t\t\t<div class=\"elementor-element elementor-element-c363762 elementor-widget elementor-widget-theme-post-featured-image elementor-widget-image\" data-id=\"c363762\" data-element_type=\"widget\" data-widget_type=\"theme-post-featured-image.default\">\n\t\t\t\t<div class=\"elementor-widget-container\">\n\t\t\t\t\t\t\t\t\t\t\t\t\t\t<a href=\"https:\/\/dutcheventcarpets.nl\/de\/etappen-wald-6432\/\">\n\t\t\t\t\t\t\t<img loading=\"lazy\" decoding=\"async\" width=\"419\" height=\"419\" src=\"https:\/\/dutcheventcarpets.nl\/wp-content\/uploads\/2023\/03\/6432-e1687944217340.jpg\" class=\"elementor-animation-shrink attachment-full size-full wp-image-1033\" alt=\"\" srcset=\"https:\/\/dutcheventcarpets.nl\/wp-content\/uploads\/2023\/03\/6432-e1687944217340.jpg 419w, https:\/\/dutcheventcarpets.nl\/wp-content\/uploads\/2023\/03\/6432-e1687944217340-300x300.jpg 300w, https:\/\/dutcheventcarpets.nl\/wp-content\/uploads\/2023\/03\/6432-e1687944217340-150x150.jpg 150w, https:\/\/dutcheventcarpets.nl\/wp-content\/uploads\/2023\/03\/6432-e1687944217340-100x100.jpg 100w, https:\/\/dutcheventcarpets.nl\/wp-content\/uploads\/2023\/03\/6432-e1687944217340-12x12.jpg 12w\" sizes=\"(max-width: 419px) 100vw, 419px\" \/>\t\t\t\t\t\t\t\t<\/a>\n\t\t\t\t\t\t\t\t\t\t\t\t\t<\/div>\n\t\t\t\t<\/div>\n\t\t\t\t<\/div>\n\t\t<div class=\"elementor-element elementor-element-9598f39 e-con-full e-flex e-con e-parent\" data-id=\"9598f39\" data-element_type=\"container\">\n\t\t\t\t<div class=\"elementor-element elementor-element-0aaa30b elementor-widget elementor-widget-theme-post-featured-image elementor-widget-image\" data-id=\"0aaa30b\" data-element_type=\"widget\" data-widget_type=\"theme-post-featured-image.default\">\n\t\t\t\t<div class=\"elementor-widget-container\">\n\t\t\t\t\t\t\t\t\t\t\t\t\t\t<a href=\"https:\/\/dutcheventcarpets.nl\/de\/stufe-kaktus-6095\/\">\n\t\t\t\t\t\t\t<img loading=\"lazy\" decoding=\"async\" width=\"419\" height=\"419\" src=\"https:\/\/dutcheventcarpets.nl\/wp-content\/uploads\/2023\/03\/6095-e1687944203266.jpg\" class=\"elementor-animation-shrink attachment-full size-full wp-image-1032\" alt=\"\" srcset=\"https:\/\/dutcheventcarpets.nl\/wp-content\/uploads\/2023\/03\/6095-e1687944203266.jpg 419w, https:\/\/dutcheventcarpets.nl\/wp-content\/uploads\/2023\/03\/6095-e1687944203266-300x300.jpg 300w, https:\/\/dutcheventcarpets.nl\/wp-content\/uploads\/2023\/03\/6095-e1687944203266-150x150.jpg 150w, https:\/\/dutcheventcarpets.nl\/wp-content\/uploads\/2023\/03\/6095-e1687944203266-100x100.jpg 100w, https:\/\/dutcheventcarpets.nl\/wp-content\/uploads\/2023\/03\/6095-e1687944203266-12x12.jpg 12w\" sizes=\"(max-width: 419px) 100vw, 419px\" \/>\t\t\t\t\t\t\t\t<\/a>\n\t\t\t\t\t\t\t\t\t\t\t\t\t<\/div>\n\t\t\t\t<\/div>\n\t\t\t\t<\/div>\n\t\t<div class=\"elementor-element elementor-element-16503f1 e-con-full e-flex e-con e-parent\" data-id=\"16503f1\" data-element_type=\"container\">\n\t\t\t\t<div class=\"elementor-element elementor-element-a084df7 elementor-widget elementor-widget-theme-post-featured-image elementor-widget-image\" data-id=\"a084df7\" data-element_type=\"widget\" data-widget_type=\"theme-post-featured-image.default\">\n\t\t\t\t<div class=\"elementor-widget-container\">\n\t\t\t\t\t\t\t\t\t\t\t\t\t\t<a href=\"https:\/\/dutcheventcarpets.nl\/de\/podium-geel-groen-6063\/\">\n\t\t\t\t\t\t\t<img loading=\"lazy\" decoding=\"async\" width=\"419\" height=\"419\" src=\"https:\/\/dutcheventcarpets.nl\/wp-content\/uploads\/2023\/03\/6063-e1687944175847.jpg\" class=\"elementor-animation-shrink attachment-full size-full wp-image-1030\" alt=\"\" srcset=\"https:\/\/dutcheventcarpets.nl\/wp-content\/uploads\/2023\/03\/6063-e1687944175847.jpg 419w, https:\/\/dutcheventcarpets.nl\/wp-content\/uploads\/2023\/03\/6063-e1687944175847-300x300.jpg 300w, https:\/\/dutcheventcarpets.nl\/wp-content\/uploads\/2023\/03\/6063-e1687944175847-150x150.jpg 150w, https:\/\/dutcheventcarpets.nl\/wp-content\/uploads\/2023\/03\/6063-e1687944175847-100x100.jpg 100w, https:\/\/dutcheventcarpets.nl\/wp-content\/uploads\/2023\/03\/6063-e1687944175847-12x12.jpg 12w\" sizes=\"(max-width: 419px) 100vw, 419px\" \/>\t\t\t\t\t\t\t\t<\/a>\n\t\t\t\t\t\t\t\t\t\t\t\t\t<\/div>\n\t\t\t\t<\/div>\n\t\t\t\t<\/div>\n\t\t\t\t<\/div>\n\t\t\t\t\t<\/div>\n\t\t\t\t<\/div>\n\t\t\t\t<\/div>","protected":false},"excerpt":{"rendered":"<p>Produktionsb\u00fcro Unterland 2022 In Zusammenarbeit mit MOJO haben wir f\u00fcr diese Veranstaltung das folgende Farb- und Qualit\u00e4tssortiment verwendet<\/p>","protected":false},"author":1,"featured_media":0,"parent":0,"menu_order":0,"comment_status":"closed","ping_status":"closed","template":"","meta":{"_joinchat":[],"footnotes":""},"class_list":["post-2241","page","type-page","status-publish","hentry"],"_links":{"self":[{"href":"https:\/\/dutcheventcarpets.nl\/de\/wp-json\/wp\/v2\/pages\/2241","targetHints":{"allow":["GET"]}}],"collection":[{"href":"https:\/\/dutcheventcarpets.nl\/de\/wp-json\/wp\/v2\/pages"}],"about":[{"href":"https:\/\/dutcheventcarpets.nl\/de\/wp-json\/wp\/v2\/types\/page"}],"author":[{"embeddable":true,"href":"https:\/\/dutcheventcarpets.nl\/de\/wp-json\/wp\/v2\/users\/1"}],"replies":[{"embeddable":true,"href":"https:\/\/dutcheventcarpets.nl\/de\/wp-json\/wp\/v2\/comments?post=2241"}],"version-history":[{"count":40,"href":"https:\/\/dutcheventcarpets.nl\/de\/wp-json\/wp\/v2\/pages\/2241\/revisions"}],"predecessor-version":[{"id":6590,"href":"https:\/\/dutcheventcarpets.nl\/de\/wp-json\/wp\/v2\/pages\/2241\/revisions\/6590"}],"wp:attachment":[{"href":"https:\/\/dutcheventcarpets.nl\/de\/wp-json\/wp\/v2\/media?parent=2241"}],"curies":[{"name":"wp","href":"https:\/\/api.w.org\/{rel}","templated":true}]}}