{"id":3386,"date":"2023-05-11T13:54:51","date_gmt":"2023-05-11T12:54:51","guid":{"rendered":"https:\/\/dutcheventcarpets.nl\/?page_id=3386"},"modified":"2023-08-21T10:56:02","modified_gmt":"2023-08-21T09:56:02","slug":"bruiloft-lopers","status":"publish","type":"page","link":"https:\/\/dutcheventcarpets.nl\/de\/hochzeitsgutscheine\/","title":{"rendered":"Hochzeitsgutscheine"},"content":{"rendered":"<div data-elementor-type=\"wp-page\" data-elementor-id=\"3386\" class=\"elementor elementor-3386\" data-elementor-post-type=\"page\">\n\t\t\t\t<div class=\"elementor-element elementor-element-4783cb25 e-flex e-con-boxed e-con e-parent\" data-id=\"4783cb25\" data-element_type=\"container\">\n\t\t\t\t\t<div class=\"e-con-inner\">\n\t\t\t\t\t<\/div>\n\t\t\t\t<\/div>\n\t\t\t\t<section class=\"elementor-section elementor-top-section elementor-element elementor-element-7922bdf8 elementor-section-boxed elementor-section-height-default elementor-section-height-default elementor-invisible\" data-id=\"7922bdf8\" data-element_type=\"section\" data-settings=\"{&quot;background_background&quot;:&quot;classic&quot;,&quot;animation&quot;:&quot;fadeIn&quot;}\">\n\t\t\t\t\t\t<div class=\"elementor-container elementor-column-gap-no\">\n\t\t\t\t\t<div class=\"elementor-column elementor-col-100 elementor-top-column elementor-element elementor-element-111fe3b\" data-id=\"111fe3b\" data-element_type=\"column\">\n\t\t\t<div class=\"elementor-widget-wrap elementor-element-populated\">\n\t\t\t\t\t\t<div class=\"elementor-element elementor-element-157e10a3 elementor-widget elementor-widget-elementskit-heading\" data-id=\"157e10a3\" data-element_type=\"widget\" data-widget_type=\"elementskit-heading.default\">\n\t\t\t\t<div class=\"elementor-widget-container\">\n\t\t\t<div class=\"ekit-wid-con\" ><div class=\"ekit-heading elementskit-section-title-wraper text_center   ekit_heading_tablet-   ekit_heading_mobile-\"><h1 class=\"ekit-heading--title elementskit-section-title\">Hochzeitsgutscheine<\/h1><\/div><\/div>\t\t<\/div>\n\t\t\t\t<\/div>\n\t\t\t\t\t<\/div>\n\t\t<\/div>\n\t\t\t\t\t<\/div>\n\t\t<\/section>\n\t\t\t\t<section class=\"elementor-section elementor-top-section elementor-element elementor-element-6a22d143 elementor-section-boxed elementor-section-height-default elementor-section-height-default elementor-invisible\" data-id=\"6a22d143\" data-element_type=\"section\" data-settings=\"{&quot;animation&quot;:&quot;fadeIn&quot;}\">\n\t\t\t\t\t\t<div class=\"elementor-container elementor-column-gap-no\">\n\t\t\t\t\t<div class=\"elementor-column elementor-col-33 elementor-top-column elementor-element elementor-element-be2e716\" data-id=\"be2e716\" data-element_type=\"column\">\n\t\t\t<div class=\"elementor-widget-wrap elementor-element-populated\">\n\t\t\t\t\t\t<div class=\"elementor-element elementor-element-5ac6b918 elementor-widget elementor-widget-image\" data-id=\"5ac6b918\" data-element_type=\"widget\" data-widget_type=\"image.default\">\n\t\t\t\t<div class=\"elementor-widget-container\">\n\t\t\t<style>\/*! elementor - v3.21.0 - 30-04-2024 *\/\n.elementor-widget-image{text-align:center}.elementor-widget-image a{display:inline-block}.elementor-widget-image a img[src$=\".svg\"]{width:48px}.elementor-widget-image img{vertical-align:middle;display:inline-block}<\/style>\t\t\t\t\t\t\t\t\t\t<img fetchpriority=\"high\" decoding=\"async\" width=\"344\" height=\"352\" src=\"https:\/\/dutcheventcarpets.nl\/wp-content\/uploads\/2023\/07\/bruiloft-klein.jpg\" class=\"attachment-full size-full wp-image-4423\" alt=\"\" srcset=\"https:\/\/dutcheventcarpets.nl\/wp-content\/uploads\/2023\/07\/bruiloft-klein.jpg 344w, https:\/\/dutcheventcarpets.nl\/wp-content\/uploads\/2023\/07\/bruiloft-klein-293x300.jpg 293w, https:\/\/dutcheventcarpets.nl\/wp-content\/uploads\/2023\/07\/bruiloft-klein-12x12.jpg 12w\" sizes=\"(max-width: 344px) 100vw, 344px\" \/>\t\t\t\t\t\t\t\t\t\t\t\t\t<\/div>\n\t\t\t\t<\/div>\n\t\t\t\t\t<\/div>\n\t\t<\/div>\n\t\t\t\t<div class=\"elementor-column elementor-col-33 elementor-top-column elementor-element elementor-element-30b379ca\" data-id=\"30b379ca\" data-element_type=\"column\">\n\t\t\t<div class=\"elementor-widget-wrap elementor-element-populated\">\n\t\t\t\t\t\t<div class=\"elementor-element elementor-element-1f53308c elementor-widget elementor-widget-image\" data-id=\"1f53308c\" data-element_type=\"widget\" data-widget_type=\"image.default\">\n\t\t\t\t<div class=\"elementor-widget-container\">\n\t\t\t\t\t\t\t\t\t\t\t\t\t<img decoding=\"async\" width=\"800\" height=\"800\" src=\"https:\/\/dutcheventcarpets.nl\/wp-content\/uploads\/2023\/04\/Oisterwijk-1.jpg\" class=\"attachment-full size-full wp-image-2307\" alt=\"\" srcset=\"https:\/\/dutcheventcarpets.nl\/wp-content\/uploads\/2023\/04\/Oisterwijk-1.jpg 800w, https:\/\/dutcheventcarpets.nl\/wp-content\/uploads\/2023\/04\/Oisterwijk-1-300x300.jpg 300w, https:\/\/dutcheventcarpets.nl\/wp-content\/uploads\/2023\/04\/Oisterwijk-1-150x150.jpg 150w, https:\/\/dutcheventcarpets.nl\/wp-content\/uploads\/2023\/04\/Oisterwijk-1-768x768.jpg 768w, https:\/\/dutcheventcarpets.nl\/wp-content\/uploads\/2023\/04\/Oisterwijk-1-600x600.jpg 600w, https:\/\/dutcheventcarpets.nl\/wp-content\/uploads\/2023\/04\/Oisterwijk-1-100x100.jpg 100w\" sizes=\"(max-width: 800px) 100vw, 800px\" \/>\t\t\t\t\t\t\t\t\t\t\t\t\t<\/div>\n\t\t\t\t<\/div>\n\t\t\t\t\t<\/div>\n\t\t<\/div>\n\t\t\t\t<div class=\"elementor-column elementor-col-33 elementor-top-column elementor-element elementor-element-36556c57\" data-id=\"36556c57\" data-element_type=\"column\">\n\t\t\t<div class=\"elementor-widget-wrap elementor-element-populated\">\n\t\t\t\t\t\t<div class=\"elementor-element elementor-element-388546e7 elementor-widget elementor-widget-elementskit-heading\" data-id=\"388546e7\" data-element_type=\"widget\" data-widget_type=\"elementskit-heading.default\">\n\t\t\t\t<div class=\"elementor-widget-container\">\n\t\t\t<div class=\"ekit-wid-con\" ><div class=\"ekit-heading elementskit-section-title-wraper text_right   ekit_heading_tablet-text_left   ekit_heading_mobile-\"><h2 class=\"ekit-heading--title elementskit-section-title\">Sch\u00f6ne L\u00e4ufer f\u00fcr einen sch\u00f6nen Tag!<\/h2><div class=\"ekit_heading_separetor_wraper ekit_heading_elementskit-border-divider elementskit-style-long\"><div class=\"elementskit-border-divider elementskit-style-long\"><\/div><\/div><\/div><\/div>\t\t<\/div>\n\t\t\t\t<\/div>\n\t\t\t\t<div class=\"elementor-element elementor-element-3596ddb7 elementor-widget elementor-widget-text-editor\" data-id=\"3596ddb7\" data-element_type=\"widget\" data-widget_type=\"text-editor.default\">\n\t\t\t\t<div class=\"elementor-widget-container\">\n\t\t\t<style>\/*! elementor - v3.21.0 - 30-04-2024 *\/\n.elementor-widget-text-editor.elementor-drop-cap-view-stacked .elementor-drop-cap{background-color:#69727d;color:#fff}.elementor-widget-text-editor.elementor-drop-cap-view-framed .elementor-drop-cap{color:#69727d;border:3px solid;background-color:transparent}.elementor-widget-text-editor:not(.elementor-drop-cap-view-default) .elementor-drop-cap{margin-top:8px}.elementor-widget-text-editor:not(.elementor-drop-cap-view-default) .elementor-drop-cap-letter{width:1em;height:1em}.elementor-widget-text-editor .elementor-drop-cap{float:left;text-align:center;line-height:1;font-size:50px}.elementor-widget-text-editor .elementor-drop-cap-letter{display:inline-block}<\/style>\t\t\t\t<p class=\"p1\">Sind Sie ein Hochzeitsplaner und suchen Sie nach einem extra 'Touch' f\u00fcr die bevorstehende Hochzeit. Dann suchen Sie nicht weiter, Dutch Event Carpets ist ein Spezialist f\u00fcr die Lieferung, Verlegung und Entfernung von Teppichen.<\/p><p class=\"p1\">Auf dieser Seite haben wir f\u00fcr Sie als Hochzeitsplaner eine Auswahl der Produkte zusammengestellt, die wir f\u00fcr Hochzeiten empfehlen. Ein wei\u00dfer Teppich verleiht Ihrer Hochzeit einen stilvollen, klassischen Look.<\/p>\t\t\t\t\t\t<\/div>\n\t\t\t\t<\/div>\n\t\t\t\t\t<\/div>\n\t\t<\/div>\n\t\t\t\t\t<\/div>\n\t\t<\/section>\n\t\t\t\t<section class=\"elementor-section elementor-top-section elementor-element elementor-element-7830628f elementor-section-boxed elementor-section-height-default elementor-section-height-default elementor-invisible\" data-id=\"7830628f\" data-element_type=\"section\" data-settings=\"{&quot;animation&quot;:&quot;fadeIn&quot;}\">\n\t\t\t\t\t\t<div class=\"elementor-container elementor-column-gap-no\">\n\t\t\t\t\t<div class=\"elementor-column elementor-col-50 elementor-top-column elementor-element elementor-element-7e229aa7\" data-id=\"7e229aa7\" data-element_type=\"column\">\n\t\t\t<div class=\"elementor-widget-wrap elementor-element-populated\">\n\t\t\t\t\t\t<div class=\"elementor-element elementor-element-748cb166 elementor-widget elementor-widget-text-editor\" data-id=\"748cb166\" data-element_type=\"widget\" data-widget_type=\"text-editor.default\">\n\t\t\t\t<div class=\"elementor-widget-container\">\n\t\t\t\t\t\t\t<p class=\"p1\">Die Qualit\u00e4t von Expoluxe und Salsa wird auf Ihrer Hochzeit perfekt aussehen.<\/p>\n<p class=\"p1\">Ein wei\u00dfer Hochzeitsl\u00e4ufer gibt diesem besonderen Tag den letzten Schliff.<\/p>\n<p class=\"p1\">Ein funkelnder Glitzerteppich sorgt daf\u00fcr, dass Ihre Hochzeit im Rampenlicht steht. Wenn Sie also Glitzer und Glamour lieben, dann ist expoglitter die perfekte L\u00f6sung, um Ihre Hochzeit zum Strahlen zu bringen.<\/p>\n<p class=\"p1\">Nat\u00fcrlich k\u00f6nnen Sie die Teppiche auch komplett personalisieren, indem Sie zum Beispiel Vor- und Nachnamen einarbeiten. Und wenn Sie noch mehr wollen, k\u00f6nnen Sie sogar Ihre Hochzeitsfotos in den Teppich einarbeiten.&nbsp;<\/p>\t\t\t\t\t\t<\/div>\n\t\t\t\t<\/div>\n\t\t\t\t\t<\/div>\n\t\t<\/div>\n\t\t\t\t<div class=\"elementor-column elementor-col-50 elementor-top-column elementor-element elementor-element-250ca1a4\" data-id=\"250ca1a4\" data-element_type=\"column\">\n\t\t\t<div class=\"elementor-widget-wrap elementor-element-populated\">\n\t\t\t\t\t\t<div class=\"elementor-element elementor-element-4390ca39 elementor-absolute elementor-hidden-tablet elementor-hidden-mobile elementor-widget elementor-widget-image\" data-id=\"4390ca39\" data-element_type=\"widget\" data-settings=\"{&quot;_position&quot;:&quot;absolute&quot;}\" data-widget_type=\"image.default\">\n\t\t\t\t<div class=\"elementor-widget-container\">\n\t\t\t\t\t\t\t\t\t\t\t\t\t<img decoding=\"async\" width=\"800\" height=\"167\" src=\"https:\/\/dutcheventcarpets.nl\/wp-content\/uploads\/2023\/03\/Dutch-Event-Carpets-logo-2.svg\" class=\"attachment-large size-large wp-image-2417\" alt=\"\" \/>\t\t\t\t\t\t\t\t\t\t\t\t\t<\/div>\n\t\t\t\t<\/div>\n\t\t\t\t\t<\/div>\n\t\t<\/div>\n\t\t\t\t\t<\/div>\n\t\t<\/section>\n\t\t<div class=\"elementor-element elementor-element-114f16af e-con-full e-flex e-con e-parent\" data-id=\"114f16af\" data-element_type=\"container\">\n\t\t<div class=\"elementor-element elementor-element-4e225a6b e-con-full e-flex e-con e-parent\" data-id=\"4e225a6b\" data-element_type=\"container\">\n\t\t\t\t<div class=\"elementor-element elementor-element-2f0c73d9 elementor-widget elementor-widget-image\" data-id=\"2f0c73d9\" data-element_type=\"widget\" data-widget_type=\"image.default\">\n\t\t\t\t<div class=\"elementor-widget-container\">\n\t\t\t\t\t\t\t\t\t\t\t\t\t<img loading=\"lazy\" decoding=\"async\" width=\"419\" height=\"419\" src=\"https:\/\/dutcheventcarpets.nl\/wp-content\/uploads\/2023\/03\/Salsa-1963_list-e1687944362681.jpg\" class=\"attachment-large size-large wp-image-1402\" alt=\"\" srcset=\"https:\/\/dutcheventcarpets.nl\/wp-content\/uploads\/2023\/03\/Salsa-1963_list-e1687944362681.jpg 419w, https:\/\/dutcheventcarpets.nl\/wp-content\/uploads\/2023\/03\/Salsa-1963_list-e1687944362681-300x300.jpg 300w, https:\/\/dutcheventcarpets.nl\/wp-content\/uploads\/2023\/03\/Salsa-1963_list-e1687944362681-150x150.jpg 150w, https:\/\/dutcheventcarpets.nl\/wp-content\/uploads\/2023\/03\/Salsa-1963_list-e1687944362681-100x100.jpg 100w, https:\/\/dutcheventcarpets.nl\/wp-content\/uploads\/2023\/03\/Salsa-1963_list-e1687944362681-12x12.jpg 12w\" sizes=\"(max-width: 419px) 100vw, 419px\" \/>\t\t\t\t\t\t\t\t\t\t\t\t\t<\/div>\n\t\t\t\t<\/div>\n\t\t\t\t<div class=\"elementor-element elementor-element-6a49ffda elementor-align-center elementor-widget elementor-widget-elementskit-button\" data-id=\"6a49ffda\" data-element_type=\"widget\" data-widget_type=\"elementskit-button.default\">\n\t\t\t\t<div class=\"elementor-widget-container\">\n\t\t\t<div class=\"ekit-wid-con\" >\t\t<div class=\"ekit-btn-wraper\">\n\t\t\t\t\t\t\t<a href=\"https:\/\/dutcheventcarpets.nl\/de\/salsa-agneau-1963\/\" class=\"elementskit-btn  whitespace--normal\" id=\"\">\n\t\t\t\t\tPRODUKT ANSEHEN\t\t\t\t<\/a>\n\t\t\t\t\t<\/div>\n        <\/div>\t\t<\/div>\n\t\t\t\t<\/div>\n\t\t\t\t<\/div>\n\t\t<div class=\"elementor-element elementor-element-af18f2e e-con-full e-flex e-con e-parent\" data-id=\"af18f2e\" data-element_type=\"container\">\n\t\t\t\t<div class=\"elementor-element elementor-element-767ff76 elementor-widget elementor-widget-image\" data-id=\"767ff76\" data-element_type=\"widget\" data-widget_type=\"image.default\">\n\t\t\t\t<div class=\"elementor-widget-container\">\n\t\t\t\t\t\t\t\t\t\t\t\t\t<img loading=\"lazy\" decoding=\"async\" width=\"800\" height=\"800\" src=\"https:\/\/dutcheventcarpets.nl\/wp-content\/uploads\/2023\/03\/Ontwerp-zonder-titel-11.jpg\" class=\"attachment-large size-large wp-image-5660\" alt=\"\" srcset=\"https:\/\/dutcheventcarpets.nl\/wp-content\/uploads\/2023\/03\/Ontwerp-zonder-titel-11.jpg 800w, https:\/\/dutcheventcarpets.nl\/wp-content\/uploads\/2023\/03\/Ontwerp-zonder-titel-11-300x300.jpg 300w, https:\/\/dutcheventcarpets.nl\/wp-content\/uploads\/2023\/03\/Ontwerp-zonder-titel-11-150x150.jpg 150w, https:\/\/dutcheventcarpets.nl\/wp-content\/uploads\/2023\/03\/Ontwerp-zonder-titel-11-768x768.jpg 768w, https:\/\/dutcheventcarpets.nl\/wp-content\/uploads\/2023\/03\/Ontwerp-zonder-titel-11-12x12.jpg 12w, https:\/\/dutcheventcarpets.nl\/wp-content\/uploads\/2023\/03\/Ontwerp-zonder-titel-11-600x600.jpg 600w, https:\/\/dutcheventcarpets.nl\/wp-content\/uploads\/2023\/03\/Ontwerp-zonder-titel-11-100x100.jpg 100w\" sizes=\"(max-width: 800px) 100vw, 800px\" \/>\t\t\t\t\t\t\t\t\t\t\t\t\t<\/div>\n\t\t\t\t<\/div>\n\t\t\t\t<div class=\"elementor-element elementor-element-9f09c48 elementor-align-center elementor-widget elementor-widget-elementskit-button\" data-id=\"9f09c48\" data-element_type=\"widget\" data-widget_type=\"elementskit-button.default\">\n\t\t\t\t<div class=\"elementor-widget-container\">\n\t\t\t<div class=\"ekit-wid-con\" >\t\t<div class=\"ekit-btn-wraper\">\n\t\t\t\t\t\t\t<a href=\"https:\/\/dutcheventcarpets.nl\/de\/expoluxe-ivory-9506\/\" class=\"elementskit-btn  whitespace--normal\" id=\"\">\n\t\t\t\t\tPRODUKT ANSEHEN\t\t\t\t<\/a>\n\t\t\t\t\t<\/div>\n        <\/div>\t\t<\/div>\n\t\t\t\t<\/div>\n\t\t\t\t<\/div>\n\t\t<div class=\"elementor-element elementor-element-38e8466f e-con-full e-flex e-con e-parent\" data-id=\"38e8466f\" data-element_type=\"container\">\n\t\t\t\t<div class=\"elementor-element elementor-element-2ded1379 elementor-widget elementor-widget-image\" data-id=\"2ded1379\" data-element_type=\"widget\" data-widget_type=\"image.default\">\n\t\t\t\t<div class=\"elementor-widget-container\">\n\t\t\t\t\t\t\t\t\t\t\t\t\t<img loading=\"lazy\" decoding=\"async\" width=\"800\" height=\"800\" src=\"https:\/\/dutcheventcarpets.nl\/wp-content\/uploads\/2023\/03\/Expoglitter-5033-Gold.jpg\" class=\"attachment-large size-large wp-image-1724\" alt=\"\" srcset=\"https:\/\/dutcheventcarpets.nl\/wp-content\/uploads\/2023\/03\/Expoglitter-5033-Gold.jpg 800w, https:\/\/dutcheventcarpets.nl\/wp-content\/uploads\/2023\/03\/Expoglitter-5033-Gold-300x300.jpg 300w, https:\/\/dutcheventcarpets.nl\/wp-content\/uploads\/2023\/03\/Expoglitter-5033-Gold-150x150.jpg 150w, https:\/\/dutcheventcarpets.nl\/wp-content\/uploads\/2023\/03\/Expoglitter-5033-Gold-768x768.jpg 768w, https:\/\/dutcheventcarpets.nl\/wp-content\/uploads\/2023\/03\/Expoglitter-5033-Gold-600x600.jpg 600w, https:\/\/dutcheventcarpets.nl\/wp-content\/uploads\/2023\/03\/Expoglitter-5033-Gold-100x100.jpg 100w\" sizes=\"(max-width: 800px) 100vw, 800px\" \/>\t\t\t\t\t\t\t\t\t\t\t\t\t<\/div>\n\t\t\t\t<\/div>\n\t\t\t\t<div class=\"elementor-element elementor-element-6df808d2 elementor-align-center elementor-widget elementor-widget-elementskit-button\" data-id=\"6df808d2\" data-element_type=\"widget\" data-widget_type=\"elementskit-button.default\">\n\t\t\t\t<div class=\"elementor-widget-container\">\n\t\t\t<div class=\"ekit-wid-con\" >\t\t<div class=\"ekit-btn-wraper\">\n\t\t\t\t\t\t\t<a href=\"https:\/\/dutcheventcarpets.nl\/de\/expoglitter-gold-5033\/\" class=\"elementskit-btn  whitespace--normal\" id=\"\">\n\t\t\t\t\tPRODUKT ANSEHEN\t\t\t\t<\/a>\n\t\t\t\t\t<\/div>\n        <\/div>\t\t<\/div>\n\t\t\t\t<\/div>\n\t\t\t\t<\/div>\n\t\t<div class=\"elementor-element elementor-element-3d3ff532 e-con-full e-flex e-con e-parent\" data-id=\"3d3ff532\" data-element_type=\"container\">\n\t\t\t\t<div class=\"elementor-element elementor-element-7b6033e0 elementor-widget elementor-widget-image\" data-id=\"7b6033e0\" data-element_type=\"widget\" data-widget_type=\"image.default\">\n\t\t\t\t<div class=\"elementor-widget-container\">\n\t\t\t\t\t\t\t\t\t\t\t\t\t<img loading=\"lazy\" decoding=\"async\" width=\"419\" height=\"419\" src=\"https:\/\/dutcheventcarpets.nl\/wp-content\/uploads\/2023\/03\/DUC-1005-e1687943632159.jpg\" class=\"attachment-large size-large wp-image-969\" alt=\"\" srcset=\"https:\/\/dutcheventcarpets.nl\/wp-content\/uploads\/2023\/03\/DUC-1005-e1687943632159.jpg 419w, https:\/\/dutcheventcarpets.nl\/wp-content\/uploads\/2023\/03\/DUC-1005-e1687943632159-300x300.jpg 300w, https:\/\/dutcheventcarpets.nl\/wp-content\/uploads\/2023\/03\/DUC-1005-e1687943632159-150x150.jpg 150w, https:\/\/dutcheventcarpets.nl\/wp-content\/uploads\/2023\/03\/DUC-1005-e1687943632159-100x100.jpg 100w, https:\/\/dutcheventcarpets.nl\/wp-content\/uploads\/2023\/03\/DUC-1005-e1687943632159-12x12.jpg 12w\" sizes=\"(max-width: 419px) 100vw, 419px\" \/>\t\t\t\t\t\t\t\t\t\t\t\t\t<\/div>\n\t\t\t\t<\/div>\n\t\t\t\t<div class=\"elementor-element elementor-element-13e9c541 elementor-align-center elementor-widget elementor-widget-elementskit-button\" data-id=\"13e9c541\" data-element_type=\"widget\" data-widget_type=\"elementskit-button.default\">\n\t\t\t\t<div class=\"elementor-widget-container\">\n\t\t\t<div class=\"ekit-wid-con\" >\t\t<div class=\"ekit-btn-wraper\">\n\t\t\t\t\t\t\t<a href=\"https:\/\/dutcheventcarpets.nl\/de\/buhne-weis-1004\/\" class=\"elementskit-btn  whitespace--normal\" id=\"\">\n\t\t\t\t\tPRODUKT ANSEHEN\t\t\t\t<\/a>\n\t\t\t\t\t<\/div>\n        <\/div>\t\t<\/div>\n\t\t\t\t<\/div>\n\t\t\t\t<\/div>\n\t\t<div class=\"elementor-element elementor-element-f452e37 e-con-full e-flex e-con e-parent\" data-id=\"f452e37\" data-element_type=\"container\">\n\t\t\t\t<div class=\"elementor-element elementor-element-53f9333 elementor-widget elementor-widget-image\" data-id=\"53f9333\" data-element_type=\"widget\" data-widget_type=\"image.default\">\n\t\t\t\t<div class=\"elementor-widget-container\">\n\t\t\t\t\t\t\t\t\t\t\t\t\t<img loading=\"lazy\" decoding=\"async\" width=\"419\" height=\"419\" src=\"https:\/\/dutcheventcarpets.nl\/wp-content\/uploads\/2023\/03\/1234-e1687943695284.jpg\" class=\"attachment-large size-large wp-image-971\" alt=\"\" srcset=\"https:\/\/dutcheventcarpets.nl\/wp-content\/uploads\/2023\/03\/1234-e1687943695284.jpg 419w, https:\/\/dutcheventcarpets.nl\/wp-content\/uploads\/2023\/03\/1234-e1687943695284-300x300.jpg 300w, https:\/\/dutcheventcarpets.nl\/wp-content\/uploads\/2023\/03\/1234-e1687943695284-150x150.jpg 150w, https:\/\/dutcheventcarpets.nl\/wp-content\/uploads\/2023\/03\/1234-e1687943695284-100x100.jpg 100w, https:\/\/dutcheventcarpets.nl\/wp-content\/uploads\/2023\/03\/1234-e1687943695284-12x12.jpg 12w\" sizes=\"(max-width: 419px) 100vw, 419px\" \/>\t\t\t\t\t\t\t\t\t\t\t\t\t<\/div>\n\t\t\t\t<\/div>\n\t\t\t\t<div class=\"elementor-element elementor-element-4b2e21d elementor-align-center elementor-widget elementor-widget-elementskit-button\" data-id=\"4b2e21d\" data-element_type=\"widget\" data-widget_type=\"elementskit-button.default\">\n\t\t\t\t<div class=\"elementor-widget-container\">\n\t\t\t<div class=\"ekit-wid-con\" >\t\t<div class=\"ekit-btn-wraper\">\n\t\t\t\t\t\t\t<a href=\"https:\/\/dutcheventcarpets.nl\/de\/podium-sand-1234\/\" class=\"elementskit-btn  whitespace--normal\" id=\"\">\n\t\t\t\t\tPRODUKT ANSEHEN\t\t\t\t<\/a>\n\t\t\t\t\t<\/div>\n        <\/div>\t\t<\/div>\n\t\t\t\t<\/div>\n\t\t\t\t<\/div>\n\t\t\t\t<\/div>\n\t\t\t\t<\/div>","protected":false},"excerpt":{"rendered":"<p>Hochzeitsgutscheine Sch\u00f6ne Gutscheine f\u00fcr einen sch\u00f6nen Tag! Sind Sie ein Hochzeitsplaner und suchen Sie nach einem extra 'Touch' f\u00fcr die bevorstehende Hochzeit. Dann sind Sie bei Dutch Event Carpets an der richtigen Adresse. Dutch Event Carpets hat sich auf die Lieferung, Verlegung und Entfernung von Teppichen spezialisiert. Auf dieser Seite haben wir eine Auswahl an [...] f\u00fcr Sie als Hochzeitsplaner zusammengestellt.<\/p>","protected":false},"author":1,"featured_media":0,"parent":0,"menu_order":0,"comment_status":"closed","ping_status":"closed","template":"","meta":{"_joinchat":[],"footnotes":""},"class_list":["post-3386","page","type-page","status-publish","hentry"],"_links":{"self":[{"href":"https:\/\/dutcheventcarpets.nl\/de\/wp-json\/wp\/v2\/pages\/3386","targetHints":{"allow":["GET"]}}],"collection":[{"href":"https:\/\/dutcheventcarpets.nl\/de\/wp-json\/wp\/v2\/pages"}],"about":[{"href":"https:\/\/dutcheventcarpets.nl\/de\/wp-json\/wp\/v2\/types\/page"}],"author":[{"embeddable":true,"href":"https:\/\/dutcheventcarpets.nl\/de\/wp-json\/wp\/v2\/users\/1"}],"replies":[{"embeddable":true,"href":"https:\/\/dutcheventcarpets.nl\/de\/wp-json\/wp\/v2\/comments?post=3386"}],"version-history":[{"count":47,"href":"https:\/\/dutcheventcarpets.nl\/de\/wp-json\/wp\/v2\/pages\/3386\/revisions"}],"predecessor-version":[{"id":6903,"href":"https:\/\/dutcheventcarpets.nl\/de\/wp-json\/wp\/v2\/pages\/3386\/revisions\/6903"}],"wp:attachment":[{"href":"https:\/\/dutcheventcarpets.nl\/de\/wp-json\/wp\/v2\/media?parent=3386"}],"curies":[{"name":"wp","href":"https:\/\/api.w.org\/{rel}","templated":true}]}}