{"id":3805,"date":"2023-06-22T12:02:33","date_gmt":"2023-06-22T11:02:33","guid":{"rendered":"https:\/\/dutcheventcarpets.nl\/?page_id=3805"},"modified":"2023-06-29T13:23:42","modified_gmt":"2023-06-29T12:23:42","slug":"algemene-voorwaarden","status":"publish","type":"page","link":"https:\/\/dutcheventcarpets.nl\/de\/allgemeine-geschaftsbedingungen\/","title":{"rendered":"Allgemeine Bedingungen und Konditionen"},"content":{"rendered":"<div data-elementor-type=\"wp-page\" data-elementor-id=\"3805\" class=\"elementor elementor-3805\" data-elementor-post-type=\"page\">\n\t\t\t\t<div class=\"elementor-element elementor-element-f380410 e-flex e-con-boxed e-con e-parent\" data-id=\"f380410\" data-element_type=\"container\">\n\t\t\t\t\t<div class=\"e-con-inner\">\n\t\t\t\t<div class=\"elementor-element elementor-element-e5d19e5 elementor-widget elementor-widget-heading\" data-id=\"e5d19e5\" data-element_type=\"widget\" data-widget_type=\"heading.default\">\n\t\t\t\t<div class=\"elementor-widget-container\">\n\t\t\t<style>\/*! elementor - v3.21.0 - 30-04-2024 *\/\n.elementor-heading-title{padding:0;margin:0;line-height:1}.elementor-widget-heading .elementor-heading-title[class*=elementor-size-]>a{color:inherit;font-size:inherit;line-height:inherit}.elementor-widget-heading .elementor-heading-title.elementor-size-small{font-size:15px}.elementor-widget-heading .elementor-heading-title.elementor-size-medium{font-size:19px}.elementor-widget-heading .elementor-heading-title.elementor-size-large{font-size:29px}.elementor-widget-heading .elementor-heading-title.elementor-size-xl{font-size:39px}.elementor-widget-heading .elementor-heading-title.elementor-size-xxl{font-size:59px}<\/style><h2 class=\"elementor-heading-title elementor-size-default\">Allgemeine Bedingungen und Konditionen<\/h2>\t\t<\/div>\n\t\t\t\t<\/div>\n\t\t\t\t\t<\/div>\n\t\t\t\t<\/div>\n\t\t<div class=\"elementor-element elementor-element-d0620f4 e-flex e-con-boxed e-con e-parent\" data-id=\"d0620f4\" data-element_type=\"container\">\n\t\t\t\t\t<div class=\"e-con-inner\">\n\t\t\t\t<div class=\"elementor-element elementor-element-e0133bc elementor-widget elementor-widget-text-editor\" data-id=\"e0133bc\" data-element_type=\"widget\" data-widget_type=\"text-editor.default\">\n\t\t\t\t<div class=\"elementor-widget-container\">\n\t\t\t<style>\/*! elementor - v3.21.0 - 30-04-2024 *\/\n.elementor-widget-text-editor.elementor-drop-cap-view-stacked .elementor-drop-cap{background-color:#69727d;color:#fff}.elementor-widget-text-editor.elementor-drop-cap-view-framed .elementor-drop-cap{color:#69727d;border:3px solid;background-color:transparent}.elementor-widget-text-editor:not(.elementor-drop-cap-view-default) .elementor-drop-cap{margin-top:8px}.elementor-widget-text-editor:not(.elementor-drop-cap-view-default) .elementor-drop-cap-letter{width:1em;height:1em}.elementor-widget-text-editor .elementor-drop-cap{float:left;text-align:center;line-height:1;font-size:50px}.elementor-widget-text-editor .elementor-drop-cap-letter{display:inline-block}<\/style>\t\t\t\t<h3>Artikel 1. Anwendbarkeit<\/h3><p>1.1 Die nachstehenden allgemeinen Gesch\u00e4ftsbedingungen gelten f\u00fcr alle Angebote und Vertr\u00e4ge von Dutch Event Carpets, im Folgenden DEC genannt, mit einer Vertragspartei, sofern DEC nicht ausdr\u00fccklich schriftlich von diesen Bedingungen abweicht.<\/p><p>1.2 Wird die Anwendbarkeit der vorliegenden Bedingungen vereinbart, so gelten diese Bedingungen auch f\u00fcr die k\u00fcnftigen Rechtsbeziehungen zwischen DEC und der Gegenpartei.<\/p><p>1.3 Diese Bedingungen gelten auch f\u00fcr Vertr\u00e4ge zwischen DEC und der Gegenpartei, f\u00fcr deren Durchsetzung Dritte eingeschaltet werden.<\/p><p>\u00a0<\/p><h3>Artikel 2: Angebote und Vereinbarungen<\/h3><p>2.1 Aus den von DEC abgegebenen Angeboten werden keine Rechte abgeleitet. Angebote sind freibleibend, sofern nicht ausdr\u00fccklich etwas anderes angegeben ist.<\/p><p>2.2 Die andere Partei ist nur dann an den Vertrag gebunden, wenn und soweit von ihr eine schriftliche Best\u00e4tigung verschickt wurde oder wenn DEC mit der Ausf\u00fchrung des Vertrags begonnen hat.<\/p><p>\u00a0<\/p><h3>Artikel 3: Lieferung<\/h3><p>3.1 Die von DEC angegebene Lieferfrist beginnt mit dem sp\u00e4testen der folgenden Zeitpunkte:<\/p><ul><li>den Tag der Vertragserf\u00fcllung<\/li><li>der Tag des Eingangs zur Erf\u00fcllung des Vertrags<\/li><li>erforderliche Daten, Dokumente usw.<\/li><li>an dem Tag, an dem die in der Best\u00e4tigung angegebene Vorauszahlung eingegangen ist.<\/li><\/ul><p>3.2 Die Lieferfristen sind nur Richtwerte und sollten nicht als Frist angesehen werden, sofern nicht anders vereinbart.<\/p><p>3.3 Im Falle h\u00f6herer Gewalt und solcher Faktoren, die dazu f\u00fchren, dass DEC die Erf\u00fcllung nicht zugemutet werden kann, verl\u00e4ngert sich die Lieferzeit um einen Zeitraum, der im Verh\u00e4ltnis zum Fortbestand dieser Umst\u00e4nde steht.<\/p><p>3.4 Unter h\u00f6herer Gewalt werden in dieser allgemeinen Bedingung auch Streiks, krankes Personal, beh\u00f6rdliche Ma\u00dfnahmen, B\u00fcrgerkriege, Anschl\u00e4ge, Naturkatastrophen, unerwartete Verkehrssituationen und Lieferverz\u00f6gerungen von Lieferanten verstanden.<\/p><p>3.5 DEC ist es gestattet, die Lieferung in Teilen erfolgen zu lassen.<\/p><p>3.6 Die Gegenpartei ist verpflichtet, die gemieteten oder gekauften Sachen zu dem Zeitpunkt abzunehmen, an dem sie ihr geliefert werden bzw. an dem sie ihr vertragsgem\u00e4\u00df zur Verf\u00fcgung gestellt werden.<\/p><p>3.7 Weicht die gelieferte Ware in unwesentlichen Punkten von den in den Unterlagen dargestellten Modellen ab, so entbindet dies die Gegenpartei nicht von der Abnahmeverpflichtung.<\/p><p>3.8 Die gemieteten oder gekauften Sachen gelten f\u00fcr die Gegenpartei als in einwandfreiem Zustand geliefert, wenn bei der Lieferung schriftlich unter der Beschreibung der M\u00e4ngel etwas anderes angegeben wird.<\/p><p>3.9 Die Gegenpartei hat daf\u00fcr zu sorgen, dass der vereinbarte Ort der R\u00fccklieferung leicht zug\u00e4nglich, frei von Hindernissen, trocken und sauber ist. Wenn die Lieferung oder R\u00fcckgabe verz\u00f6gert oder unm\u00f6glich gemacht wird, weil die Gegenpartei in dieser Hinsicht in Verzug ist, sind die dadurch verursachten Mehrkosten von ihr zu verg\u00fcten.<\/p><p>\u00a0<\/p><h3>Artikel 4: Miete, Kaufpreis<\/h3><p>4.1 Sofern nicht anders angegeben, verstehen sich alle Preise in Euro und ausschlie\u00dflich Umsatzsteuer und sonstiger staatlicher Abgaben.<\/p><p>4.2 Im Falle von Vertrags\u00e4nderungen oder zus\u00e4tzlichen Arbeiten im Rahmen des Vertrages ist DEC berechtigt, der anderen Partei alle daraus entstehenden Kosten in Rechnung zu stellen. Die Gegenpartei hat diese Kosten zu tragen, wenn sie vern\u00fcnftigerweise verlangt werden.<\/p><p>4.3 Wenn die Ausstellung oder Veranstaltung von DEC durchgef\u00fchrt wird, gehen der Transport und die Lieferung der Sachen an den vereinbarten Ort innerhalb der Niederlande auf Rechnung von DEC. Alle Lieferungen und Transporte au\u00dferhalb der Niederlande gehen auf Rechnung von DEC, es sei denn, es wurde schriftlich ein anderer Ort innerhalb der Niederlande vereinbart, auf Rechnung von DEC.<\/p><p>4.4 DEC ist berechtigt, Dritte mit der Ausf\u00fchrung des Auftrags zu beauftragen, deren Kosten der Gegenpartei gem\u00e4\u00df dem vorgelegten Angebot in Rechnung gestellt werden.<\/p><p>4.5 Die Kosten, die den Messehallen usw. f\u00fcr den Transport und andere Dienstleistungen auf ihrem eigenen Gel\u00e4nde entstehen, gehen zu Lasten der anderen Partei und werden von DEC ohne R\u00fccksprache beglichen.<\/p><p>\u00a0<\/p><h3>Artikel 5 - Zahlungen<\/h3><p>5.1 Alle Rechnungen sind von der Gegenpartei entsprechend den in der Rechnung angegebenen Zahlungsbedingungen zu begleichen. Wird diese Bedingung nicht erf\u00fcllt, muss die Zahlung innerhalb von 30 Tagen nach Rechnungsdatum erfolgen, ohne Skonto oder Entsch\u00e4digung.<\/p><p>5.2 Bei nicht fristgerechter Zahlung befindet sich die Gegenpartei im Verzug und schuldet - ohne dass eine Inverzugsetzung erforderlich ist - Zinsen in H\u00f6he von 1% pro Monat ab dem Tag des Verzugs, wobei ein Teil des Monats als voller Monat gez\u00e4hlt wird. Ist der gesetzliche Zinssatz jedoch h\u00f6her als 1% pro Monat, so schuldet die Gegenpartei diesen h\u00f6heren Zinssatz.<\/p><p>5.3 DEC ist jederzeit berechtigt, von der Gegenpartei eine ausreichende Sicherheit f\u00fcr die Erf\u00fcllung ihrer Zahlungsverpflichtungen zu verlangen oder eine Vorauszahlung der Miete f\u00fcr die Erf\u00fcllung ihrer Verpflichtungen zu fordern.<\/p><p>5.4 Wenn die Gegenpartei die Zahlungsfrist \u00fcberschreitet, schuldet die Gegenpartei 15% au\u00dfergerichtliche Inkassokosten, ohne Inverzugsetzung.<\/p><p>\u00a0<\/p><h3>Artikel 6: Eigentumsvorbehalt<\/h3><p>6.1 Die von DEC geleasten Gegenst\u00e4nde bleiben ihr Eigentum. Dar\u00fcber hinaus bleiben die von DEC durch einen Kaufvertrag \u00fcbertragenen Gegenst\u00e4nde ihr Eigentum, solange die Gegenpartei die von der Gegenpartei im Zusammenhang mit den zugrunde liegenden Vertr\u00e4gen und, soweit gesetzlich zul\u00e4ssig, im Zusammenhang mit anderen Vertr\u00e4gen geschuldeten Betr\u00e4ge, einschlie\u00dflich Zinsen und Kosten, nicht bezahlt hat.<\/p><p>6.2 DEC ist jederzeit berechtigt, sich auf ihren Eigentumsvorbehalt zu berufen und ihr Eigentum in Besitz zu nehmen, wenn die andere Partei nicht rechtzeitig zahlt oder anderweitig ihren Verpflichtungen nicht nachkommt.<\/p><p>6.3 Solange die Sachen unter Eigentumsvorbehalt stehen, ist die Gegenpartei nicht berechtigt, die Sachen zu ver\u00e4u\u00dfern, zu verpf\u00e4nden, zu vermieten oder ein Pfandrecht an ihnen zu bestellen. Die Gegenpartei ist daher nicht berechtigt, Dritten ein Sicherungsrecht an gemieteten Sachen oder gekauften Sachen einzur\u00e4umen, f\u00fcr die der gesamte Kaufpreis sowie etwaige Zinsen und au\u00dfergerichtliche Kosten noch nicht bezahlt wurden.<\/p><p>\u00a0<\/p><h3>Artikel 7: Haftung der Gegenpartei<\/h3><p>7.1 Die gemieteten Sachen gehen nach der Lieferung auf Rechnung und Gefahr der Gegenpartei, bis sie wieder in den Besitz von DEC \u00fcbergehen.<\/p><p>7.2 W\u00e4hrend dieses Zeitraums haftet die Gegenpartei f\u00fcr Diebstahl, Verlust oder Besch\u00e4digung der gemieteten Gegenst\u00e4nde.<\/p><p>7.3 Sch\u00e4den an den Mietgegenst\u00e4nden, die durch Verlust, Diebstahl oder Besch\u00e4digung entstehen, werden vom Vertragspartner zum Wiederbeschaffungswert verg\u00fctet. Die Gegenpartei wird ihr Risiko zu diesem Zweck auf eigene Kosten ausreichend versichern.<\/p><p>7.4 Die Gegenpartei stellt DEC von jeglicher Haftung f\u00fcr Sch\u00e4den frei, die durch den Gebrauch der gemieteten Gegenst\u00e4nde w\u00e4hrend der Mietzeit entstehen.<\/p><p>7.5 Die gemieteten Gegenst\u00e4nde d\u00fcrfen nur und ausschlie\u00dflich f\u00fcr den Zweck verwendet werden, f\u00fcr den sie bei Abschluss des Mietvertrags vorgesehen waren. Bei jeder anderen Verwendung hat DEC das Recht, den Vertrag mit der Gegenpartei sofort und ohne vorherige Inverzugsetzung zu k\u00fcndigen und die Gegenst\u00e4nde wieder in Besitz zu nehmen.<\/p><p>7.6 Die Haftung im Sinne dieses Artikels entbindet die Gegenpartei nicht von ihrer Verpflichtung zur Zahlung der vereinbarten Miete.<\/p><p>\u00a0<\/p><h3>Artikel 8: Reklamationen und Gew\u00e4hrleistung<\/h3><p>8.1 DEC liefert gute Handelsqualit\u00e4t. Unbeschadet der in diesen Bedingungen erw\u00e4hnten Einschr\u00e4nkungen garantiert DEC die Qualit\u00e4t der von DEC gelieferten Waren, wenn alle Anweisungen zur Verwendung der Waren strikt beachtet und befolgt wurden.<\/p><p>8.2 Die andere Partei kann sich nicht auf einen Leistungsmangel berufen, wenn sie diesen nicht innerhalb von 8 Tagen, nachdem sie den Mangel festgestellt hat oder vern\u00fcnftigerweise h\u00e4tte feststellen m\u00fcssen, schriftlich bei DEC beanstandet hat.<\/p><p>8.3 Ist der Liefergegenstand nicht vertragsgem\u00e4\u00df, leistet DEC Gew\u00e4hr in der Weise, dass DEC nur zur Nachbesserung oder zum Ersatz des Liefergegenstandes bzw. zur Lieferung der fehlenden Teile verpflichtet ist.<\/p><p>8.4 Tritt w\u00e4hrend der Mietzeit ein Mangel an der gelieferten Sache auf, wird DEC sich nach Kr\u00e4ften bem\u00fchen, diesen Mangel zu beheben, jedoch nur in dem Umfang, in dem dies vern\u00fcnftigerweise von ihr verlangt werden kann und der Mangel ohne Verschulden der Gegenpartei verursacht wurde.<\/p><p>8.5 Die R\u00fccksendung zum Zwecke des Austauschs oder der Reparatur der gemieteten G\u00fcter erfolgt auf Kosten und Risiko von DEC und nur nach Zustimmung von DEC.<\/p><p>8.6 Beanstandungen von Rechnungen m\u00fcssen innerhalb von 8 Tagen nach Erhalt der Rechnung schriftlich erfolgen.<\/p><p>8.7 Wenn die Gegenpartei nicht innerhalb der vorgenannten Frist reklamiert und\/oder DEC keine Gelegenheit gegeben hat, die M\u00e4ngel zu beheben, erlischt das Reklamationsrecht.<\/p><p>\u00a0<\/p><h3>Artikel 9. Haftung Dutch Event Carpets.<\/h3><p>9.1 Die Haftung von DEC ist ausdr\u00fccklich auf die Einhaltung der in Artikel 8 beschriebenen Verpflichtungen beschr\u00e4nkt; sie haftet nur f\u00fcr Sch\u00e4den, wenn diese durch Vorsatz oder entsprechende grobe Fahrl\u00e4ssigkeit von DEC oder ihren Erf\u00fcllungsgehilfen verursacht wurden.<\/p><p>9.2 DEC haftet nicht f\u00fcr Sch\u00e4den an Gegenst\u00e4nden, die von der Gegenpartei in Schr\u00e4nken, Vitrinen, Tischen und anderen gemieteten Gegenst\u00e4nden zur\u00fcckgelassen werden.<\/p><p>9.3 Sollte DEC nach einer gesetzlichen Vorschrift auf Schadensersatz haften, so ist diese Haftung, soweit sie durch ihre Haftpflichtversicherung gedeckt ist, auf die H\u00f6he der vom Versicherer geleisteten Zahlung beschr\u00e4nkt.<\/p><p>9.4 Wird festgestellt, dass DEC f\u00fcr Sch\u00e4den haftet, die nicht durch die Versicherung gedeckt sind, so ist der Schadenersatz auf maximal das Doppelte des Betrages begrenzt, den die andere Partei DEC aufgrund des Vertrages schuldet.<\/p><p>9.5 DEC haftet niemals f\u00fcr Folgesch\u00e4den der Gegenpartei oder von Dritten.<\/p><p>9.6 Der in diesem Artikel genannte Haftungsausschluss erstreckt sich auch auf Dritte, die von DEC f\u00fcr die Ausf\u00fchrung des Vertrages eingeschaltet werden.<\/p><p>9.7 DEC ist niemals haftbar, wenn der Verzug auf h\u00f6here Gewalt zur\u00fcckzuf\u00fchren ist.<\/p><p>\u00a0<\/p><h3>Artikel 10. Annullierung und Aufl\u00f6sung<\/h3><p>10.1 Die Gegenpartei ist berechtigt, einen Miet- und Vermietungsauftrag zu stornieren, wenn dies mindestens 14 Werktage vor Beginn des Mietzeitraums schriftlich mitgeteilt wird und sofern die Mietgegenst\u00e4nde nicht bereits an den vereinbarten Ort geliefert wurden. Im Falle einer solchen Stornierung ist DEC berechtigt, eine Geb\u00fchr zu erheben. Wird der Auftrag\/das Angebot innerhalb von 14 Tagen storniert, stellt Dutch Event Carpets 10% der Kosten in Rechnung. Von 7 bis 2 Tagen 40% und bei 1 Tag im Voraus 60%.<\/p><p>10.2 Wenn die Gegenpartei den Mietauftrag mindestens drei Werktage vor Beginn des Mietzeitraums storniert hat, die Mietsachen aber bereits geliefert wurden, schuldet die Gegenpartei DEC 50% des gesamten Mietpreises, unbeschadet des Rechts von DEC, Ersatz f\u00fcr den tats\u00e4chlichen Schaden und weitere Kosten zu verlangen.<\/p><p>10.3 Unbeschadet der vorgenannten Bestimmungen in diesen Bedingungen wird der Vertrag ohne gerichtliche Intervention durch eine schriftliche Erkl\u00e4rung zu dem Zeitpunkt aufgel\u00f6st, an dem die Gegenpartei f\u00fcr insolvent erkl\u00e4rt wird, eine vorl\u00e4ufige Zahlungserkl\u00e4rung beantragt oder die Verf\u00fcgungsgewalt \u00fcber ihr Verm\u00f6gen oder Teile davon durch Pf\u00e4ndung, Unterstellung unter Vormundschaft oder Anwendung des Gesetzes \u00fcber die Umschuldung nat\u00fcrlicher Personen oder auf andere Weise verliert, es sei denn, der Vormund oder Verwalter erkennt die Verpflichtungen aus diesem Vertrag als Nachlassschulden an.<\/p><p>10.4 Durch die Aufl\u00f6sung werden bestehende gegenseitige Forderungen sofort f\u00e4llig und zahlbar. Die andere Partei haftet f\u00fcr die von DEC dadurch erlittenen Sch\u00e4den, einschlie\u00dflich entgangenem Gewinn und Transportkosten.<\/p><p>\u00a0<\/p><h3>Artikel 11. Beendigung<\/h3><p>11.1 Der Miet- und Pachtvertrag endet mit Ablauf der Mietzeit. Die Gegenpartei ist verpflichtet, die Sachen in angemessener Weise am Lieferort zur\u00fcckzugeben, nachdem sie \u00fcber den Zeitpunkt der R\u00fcckgabe informiert wurde.<\/p><p>11.2 Gemietete Gegenst\u00e4nde m\u00fcssen innerhalb von 24 Stunden nach Ablauf der Mietzeit wieder im Besitz von DEC sein.<\/p><p>11.3 Wenn die Sachen nach Beendigung des Mietverh\u00e4ltnisses nicht von DEC entgegengenommen werden k\u00f6nnen, ist die Gegenpartei verpflichtet, die Sachen kostenlos zur\u00fcckzusenden.<\/p><p>\u00a0<\/p><h3>Artikel 12. Rechtsstreitigkeiten und anwendbares Recht<\/h3><p>12.1 Alle Vertr\u00e4ge, auf die diese Bedingungen f\u00fcr anwendbar erkl\u00e4rt werden, unterliegen dem niederl\u00e4ndischen Recht. Die Bestimmungen des Wiener \u00dcbereinkommens vom 11. April 1980, Traktatblatt 1981, 84, 1986, 61 sind ausgeschlossen. In bezug auf Vereinbarungen im Sinne von Artikel 6;247 findet Absatz 247 keine Anwendung.<\/p><p>12.2 Die Aufhebung einer oder mehrerer Bestimmungen dieser Allgemeinen Gesch\u00e4ftsbedingungen ber\u00fchrt nicht die Anwendbarkeit und den Inhalt der \u00fcbrigen Bestimmungen und Bedingungen.<\/p><p>12.3 Alle Streitigkeiten zwischen DEC und der Gegenpartei, die sich aus einem Vertrag ergeben, auf den diese Bedingungen Anwendung finden, werden vor dem zust\u00e4ndigen Gericht am Sitz von DEC verhandelt, ungeachtet ihrer Befugnis, das nach dem Gesetz zust\u00e4ndige Gericht zu w\u00e4hlen.<\/p>\t\t\t\t\t\t<\/div>\n\t\t\t\t<\/div>\n\t\t\t\t\t<\/div>\n\t\t\t\t<\/div>\n\t\t\t\t<\/div>","protected":false},"excerpt":{"rendered":"<p>Allgemeine Bedingungen Artikel 1. Anwendbarkeit 1.1 Die nachstehenden Bedingungen gelten f\u00fcr alle Angebote und Vertr\u00e4ge von Dutch Event Carpets, nachstehend DEC genannt, mit einer Vertragspartei, sofern DEC nicht ausdr\u00fccklich schriftlich von diesen Bedingungen abweicht. 1.2 Wenn die Anwendbarkeit der vorliegenden Bedingungen vereinbart wird, werden die Bedingungen [...]<\/p>","protected":false},"author":1,"featured_media":0,"parent":0,"menu_order":0,"comment_status":"closed","ping_status":"closed","template":"elementor_header_footer","meta":{"_joinchat":[],"footnotes":""},"class_list":["post-3805","page","type-page","status-publish","hentry"],"_links":{"self":[{"href":"https:\/\/dutcheventcarpets.nl\/de\/wp-json\/wp\/v2\/pages\/3805","targetHints":{"allow":["GET"]}}],"collection":[{"href":"https:\/\/dutcheventcarpets.nl\/de\/wp-json\/wp\/v2\/pages"}],"about":[{"href":"https:\/\/dutcheventcarpets.nl\/de\/wp-json\/wp\/v2\/types\/page"}],"author":[{"embeddable":true,"href":"https:\/\/dutcheventcarpets.nl\/de\/wp-json\/wp\/v2\/users\/1"}],"replies":[{"embeddable":true,"href":"https:\/\/dutcheventcarpets.nl\/de\/wp-json\/wp\/v2\/comments?post=3805"}],"version-history":[{"count":4,"href":"https:\/\/dutcheventcarpets.nl\/de\/wp-json\/wp\/v2\/pages\/3805\/revisions"}],"predecessor-version":[{"id":4229,"href":"https:\/\/dutcheventcarpets.nl\/de\/wp-json\/wp\/v2\/pages\/3805\/revisions\/4229"}],"wp:attachment":[{"href":"https:\/\/dutcheventcarpets.nl\/de\/wp-json\/wp\/v2\/media?parent=3805"}],"curies":[{"name":"wp","href":"https:\/\/api.w.org\/{rel}","templated":true}]}}