{"id":4463,"date":"2023-07-07T11:05:07","date_gmt":"2023-07-07T10:05:07","guid":{"rendered":"https:\/\/dutcheventcarpets.nl\/?page_id=4463"},"modified":"2023-08-21T10:53:03","modified_gmt":"2023-08-21T09:53:03","slug":"tapijt-met-logo","status":"publish","type":"page","link":"https:\/\/dutcheventcarpets.nl\/de\/teppich-mit-logo\/","title":{"rendered":"Teppichboden mit Logo"},"content":{"rendered":"<div data-elementor-type=\"wp-page\" data-elementor-id=\"4463\" class=\"elementor elementor-4463\" data-elementor-post-type=\"page\">\n\t\t\t\t\t\t<section class=\"elementor-section elementor-top-section elementor-element elementor-element-3ed30f5 elementor-section-boxed elementor-section-height-default elementor-section-height-default elementor-invisible\" data-id=\"3ed30f5\" data-element_type=\"section\" data-settings=\"{&quot;background_background&quot;:&quot;classic&quot;,&quot;animation&quot;:&quot;fadeIn&quot;}\">\n\t\t\t\t\t\t<div class=\"elementor-container elementor-column-gap-no\">\n\t\t\t\t\t<div class=\"elementor-column elementor-col-100 elementor-top-column elementor-element elementor-element-6af0c733\" data-id=\"6af0c733\" data-element_type=\"column\">\n\t\t\t<div class=\"elementor-widget-wrap elementor-element-populated\">\n\t\t\t\t\t\t<div class=\"elementor-element elementor-element-769953fc elementor-widget elementor-widget-elementskit-heading\" data-id=\"769953fc\" data-element_type=\"widget\" data-widget_type=\"elementskit-heading.default\">\n\t\t\t\t<div class=\"elementor-widget-container\">\n\t\t\t<div class=\"ekit-wid-con\" ><div class=\"ekit-heading elementskit-section-title-wraper text_center   ekit_heading_tablet-   ekit_heading_mobile-\"><h1 class=\"ekit-heading--title elementskit-section-title\">Teppichboden mit Logo<\/h1><\/div><\/div>\t\t<\/div>\n\t\t\t\t<\/div>\n\t\t\t\t\t<\/div>\n\t\t<\/div>\n\t\t\t\t\t<\/div>\n\t\t<\/section>\n\t\t\t\t<section class=\"elementor-section elementor-top-section elementor-element elementor-element-6480352c elementor-section-boxed elementor-section-height-default elementor-section-height-default elementor-invisible\" data-id=\"6480352c\" data-element_type=\"section\" data-settings=\"{&quot;animation&quot;:&quot;fadeIn&quot;}\">\n\t\t\t\t\t\t<div class=\"elementor-container elementor-column-gap-no\">\n\t\t\t\t\t<div class=\"elementor-column elementor-col-33 elementor-top-column elementor-element elementor-element-5bf575b5\" data-id=\"5bf575b5\" data-element_type=\"column\">\n\t\t\t<div class=\"elementor-widget-wrap elementor-element-populated\">\n\t\t\t\t\t\t<div class=\"elementor-element elementor-element-14dbb292 elementor-widget elementor-widget-image\" data-id=\"14dbb292\" data-element_type=\"widget\" data-widget_type=\"image.default\">\n\t\t\t\t<div class=\"elementor-widget-container\">\n\t\t\t<style>\/*! elementor - v3.21.0 - 30-04-2024 *\/\n.elementor-widget-image{text-align:center}.elementor-widget-image a{display:inline-block}.elementor-widget-image a img[src$=\".svg\"]{width:48px}.elementor-widget-image img{vertical-align:middle;display:inline-block}<\/style>\t\t\t\t\t\t\t\t\t\t<img fetchpriority=\"high\" decoding=\"async\" width=\"1000\" height=\"800\" src=\"https:\/\/dutcheventcarpets.nl\/wp-content\/uploads\/2023\/07\/1-7.jpg\" class=\"attachment-full size-full wp-image-5654\" alt=\"\" srcset=\"https:\/\/dutcheventcarpets.nl\/wp-content\/uploads\/2023\/07\/1-7.jpg 1000w, https:\/\/dutcheventcarpets.nl\/wp-content\/uploads\/2023\/07\/1-7-300x240.jpg 300w, https:\/\/dutcheventcarpets.nl\/wp-content\/uploads\/2023\/07\/1-7-768x614.jpg 768w, https:\/\/dutcheventcarpets.nl\/wp-content\/uploads\/2023\/07\/1-7-15x12.jpg 15w, https:\/\/dutcheventcarpets.nl\/wp-content\/uploads\/2023\/07\/1-7-600x480.jpg 600w\" sizes=\"(max-width: 1000px) 100vw, 1000px\" \/>\t\t\t\t\t\t\t\t\t\t\t\t\t<\/div>\n\t\t\t\t<\/div>\n\t\t\t\t\t<\/div>\n\t\t<\/div>\n\t\t\t\t<div class=\"elementor-column elementor-col-33 elementor-top-column elementor-element elementor-element-5873f769\" data-id=\"5873f769\" data-element_type=\"column\">\n\t\t\t<div class=\"elementor-widget-wrap elementor-element-populated\">\n\t\t\t\t\t\t<div class=\"elementor-element elementor-element-69783cfb elementor-widget elementor-widget-image\" data-id=\"69783cfb\" data-element_type=\"widget\" data-widget_type=\"image.default\">\n\t\t\t\t<div class=\"elementor-widget-container\">\n\t\t\t\t\t\t\t\t\t\t\t\t\t<img decoding=\"async\" width=\"800\" height=\"1000\" src=\"https:\/\/dutcheventcarpets.nl\/wp-content\/uploads\/2023\/07\/3-4.jpg\" class=\"attachment-full size-full wp-image-5626\" alt=\"\" srcset=\"https:\/\/dutcheventcarpets.nl\/wp-content\/uploads\/2023\/07\/3-4.jpg 800w, https:\/\/dutcheventcarpets.nl\/wp-content\/uploads\/2023\/07\/3-4-240x300.jpg 240w, https:\/\/dutcheventcarpets.nl\/wp-content\/uploads\/2023\/07\/3-4-768x960.jpg 768w, https:\/\/dutcheventcarpets.nl\/wp-content\/uploads\/2023\/07\/3-4-10x12.jpg 10w, https:\/\/dutcheventcarpets.nl\/wp-content\/uploads\/2023\/07\/3-4-600x750.jpg 600w\" sizes=\"(max-width: 800px) 100vw, 800px\" \/>\t\t\t\t\t\t\t\t\t\t\t\t\t<\/div>\n\t\t\t\t<\/div>\n\t\t\t\t\t<\/div>\n\t\t<\/div>\n\t\t\t\t<div class=\"elementor-column elementor-col-33 elementor-top-column elementor-element elementor-element-183cd476\" data-id=\"183cd476\" data-element_type=\"column\">\n\t\t\t<div class=\"elementor-widget-wrap elementor-element-populated\">\n\t\t\t\t\t\t<div class=\"elementor-element elementor-element-6649ee8d elementor-widget elementor-widget-elementskit-heading\" data-id=\"6649ee8d\" data-element_type=\"widget\" data-widget_type=\"elementskit-heading.default\">\n\t\t\t\t<div class=\"elementor-widget-container\">\n\t\t\t<div class=\"ekit-wid-con\" ><div class=\"ekit-heading elementskit-section-title-wraper text_right   ekit_heading_tablet-text_left   ekit_heading_mobile-\"><h2 class=\"ekit-heading--title elementskit-section-title\">Werben Sie f\u00fcr Ihr Unternehmen mit personalisierten Logomatten von Dutch Event Carpets.<\/h2><div class=\"ekit_heading_separetor_wraper ekit_heading_elementskit-border-divider elementskit-style-long\"><div class=\"elementskit-border-divider elementskit-style-long\"><\/div><\/div><\/div><\/div>\t\t<\/div>\n\t\t\t\t<\/div>\n\t\t\t\t<div class=\"elementor-element elementor-element-2a8dc5e elementor-widget elementor-widget-text-editor\" data-id=\"2a8dc5e\" data-element_type=\"widget\" data-widget_type=\"text-editor.default\">\n\t\t\t\t<div class=\"elementor-widget-container\">\n\t\t\t<style>\/*! elementor - v3.21.0 - 30-04-2024 *\/\n.elementor-widget-text-editor.elementor-drop-cap-view-stacked .elementor-drop-cap{background-color:#69727d;color:#fff}.elementor-widget-text-editor.elementor-drop-cap-view-framed .elementor-drop-cap{color:#69727d;border:3px solid;background-color:transparent}.elementor-widget-text-editor:not(.elementor-drop-cap-view-default) .elementor-drop-cap{margin-top:8px}.elementor-widget-text-editor:not(.elementor-drop-cap-view-default) .elementor-drop-cap-letter{width:1em;height:1em}.elementor-widget-text-editor .elementor-drop-cap{float:left;text-align:center;line-height:1;font-size:50px}.elementor-widget-text-editor .elementor-drop-cap-letter{display:inline-block}<\/style>\t\t\t\t<p>M\u00f6chten Sie Ihre Kunden und G\u00e4ste beeindrucken und gleichzeitig Ihren Markennamen st\u00e4rken? Dutch Event Carpets bietet mit dem Logoteppich die perfekte L\u00f6sung. Mit unseren hochwertigen Logoteppichen k\u00f6nnen Sie Ihr Firmenlogo stolz pr\u00e4sentieren und einen bleibenden Eindruck auf jeder Veranstaltung, jedem Messestand oder in jedem B\u00fcro hinterlassen.<\/p><p>Unsere Logoteppiche sind als Rollenware erh\u00e4ltlich, so dass Sie sie flexibel an Ihre speziellen Bed\u00fcrfnisse anpassen k\u00f6nnen. Egal, ob Sie eine gro\u00dfe Fl\u00e4che abdecken oder mehrere R\u00e4ume mit Ihrem Logo versehen m\u00f6chten, wir haben die passende L\u00f6sung f\u00fcr Ihr Unternehmen. Ein Rollenteppich mit Ihrem Firmenlogo hinterl\u00e4sst bei Besuchern und Kunden einen professionellen und pers\u00f6nlichen Eindruck.\u00a0<\/p>\t\t\t\t\t\t<\/div>\n\t\t\t\t<\/div>\n\t\t\t\t\t<\/div>\n\t\t<\/div>\n\t\t\t\t\t<\/div>\n\t\t<\/section>\n\t\t\t\t<section class=\"elementor-section elementor-top-section elementor-element elementor-element-4d568765 elementor-section-boxed elementor-section-height-default elementor-section-height-default elementor-invisible\" data-id=\"4d568765\" data-element_type=\"section\" data-settings=\"{&quot;animation&quot;:&quot;fadeIn&quot;}\">\n\t\t\t\t\t\t<div class=\"elementor-container elementor-column-gap-no\">\n\t\t\t\t\t<div class=\"elementor-column elementor-col-50 elementor-top-column elementor-element elementor-element-3dc81413\" data-id=\"3dc81413\" data-element_type=\"column\">\n\t\t\t<div class=\"elementor-widget-wrap elementor-element-populated\">\n\t\t\t\t\t\t<div class=\"elementor-element elementor-element-2c4a4a8b elementor-widget elementor-widget-text-editor\" data-id=\"2c4a4a8b\" data-element_type=\"widget\" data-widget_type=\"text-editor.default\">\n\t\t\t\t<div class=\"elementor-widget-container\">\n\t\t\t\t\t\t\t<p>Wir bei Dutch Event Carpets wissen, dass eine starke Markenidentit\u00e4t f\u00fcr den Erfolg Ihres Unternehmens entscheidend ist. Deshalb bieten wir Ihnen die M\u00f6glichkeit, Ihre eigenen Matten mit Logo zu kreieren, wobei Sie die volle Kontrolle \u00fcber das Design und den Look haben. Sie k\u00f6nnen Ihr Firmenlogo, Ihren Slogan oder andere gew\u00fcnschte grafische Elemente in den Teppich einarbeiten lassen. dDas sorgt f\u00fcr eine einzigartige und auff\u00e4llige Pr\u00e4sentation, die Ihre Marke von der Konkurrenz abhebt.<\/p><p>Unsere Logomatten sind nicht nur visuell ansprechend, sondern auch funktional. Sie bieten eine hervorragende Schmutz- und Feuchtigkeitsaufnahme und halten Ihren Raum sauber und sicher. Dar\u00fcber hinaus bieten die Logomatten ein komfortables Lauferlebnis und verringern die Rutschgefahr. Dies ist besonders wichtig in belebten Gesch\u00e4ftsumgebungen, wo Sicherheit und Aussehen Hand in Hand gehen m\u00fcssen.<\/p><p>Wir bei Dutch Event Carpets wissen, dass Komfort und Effizienz bei der Bestellung von Logomatten wichtig sind. Deshalb bieten wir einen einfachen Online-Bestellprozess an, bei dem Sie die gew\u00fcnschten Abmessungen, Farben und Designs ausw\u00e4hlen k\u00f6nnen. Unser erfahrenes Team steht Ihnen w\u00e4hrend des gesamten Prozesses mit Rat und Tat zur Seite und sorgt daf\u00fcr, dass Ihre Logomatten perfekt auf Ihre Anforderungen und Spezifikationen abgestimmt sind.<\/p><p>Ob Sie eine Logomatte f\u00fcr Ihr Unternehmen f\u00fcr den t\u00e4glichen Gebrauch im B\u00fcro, auf einem Messestand oder f\u00fcr besondere Veranstaltungen ben\u00f6tigen, Dutch Event Carpets hat die L\u00f6sung, die Ihre Marke auf die n\u00e4chste Ebene bringt. Investieren Sie in Qualit\u00e4t und hinterlassen Sie einen bleibenden Eindruck mit unseren Logomatten. Nehmen Sie noch heute Kontakt mit uns auf und finden Sie heraus, wie wir Ihnen helfen k\u00f6nnen, Ihrem Unternehmen einen pers\u00f6nlichen und professionellen Look zu verleihen.<\/p>\t\t\t\t\t\t<\/div>\n\t\t\t\t<\/div>\n\t\t\t\t\t<\/div>\n\t\t<\/div>\n\t\t\t\t<div class=\"elementor-column elementor-col-50 elementor-top-column elementor-element elementor-element-124bc07b\" data-id=\"124bc07b\" data-element_type=\"column\">\n\t\t\t<div class=\"elementor-widget-wrap elementor-element-populated\">\n\t\t\t\t\t\t<div class=\"elementor-element elementor-element-1cd8001f elementor-absolute elementor-hidden-tablet elementor-hidden-mobile elementor-widget elementor-widget-image\" data-id=\"1cd8001f\" data-element_type=\"widget\" data-settings=\"{&quot;_position&quot;:&quot;absolute&quot;}\" data-widget_type=\"image.default\">\n\t\t\t\t<div class=\"elementor-widget-container\">\n\t\t\t\t\t\t\t\t\t\t\t\t\t<img decoding=\"async\" width=\"800\" height=\"167\" src=\"https:\/\/dutcheventcarpets.nl\/wp-content\/uploads\/2023\/03\/Dutch-Event-Carpets-logo-2.svg\" class=\"attachment-large size-large wp-image-2417\" alt=\"\" \/>\t\t\t\t\t\t\t\t\t\t\t\t\t<\/div>\n\t\t\t\t<\/div>\n\t\t\t\t\t<\/div>\n\t\t<\/div>\n\t\t\t\t\t<\/div>\n\t\t<\/section>\n\t\t\t\t<\/div>","protected":false},"excerpt":{"rendered":"<p>Teppich mit Logo Werben Sie f\u00fcr Ihr Unternehmen mit personalisierten Logomatten von Dutch Event Carpets. Wollen Sie Ihre Kunden und G\u00e4ste beeindrucken und gleichzeitig Ihren Markennamen st\u00e4rken? Dutch Event Carpets bietet mit dem Logo-Teppich die perfekte L\u00f6sung. Mit unseren hochwertigen Logoteppichen k\u00f6nnen Sie Ihr Firmenlogo stolz pr\u00e4sentieren und einen bleibenden Eindruck auf jedem [...]<\/p>","protected":false},"author":1,"featured_media":0,"parent":0,"menu_order":0,"comment_status":"closed","ping_status":"closed","template":"","meta":{"_joinchat":[],"footnotes":""},"class_list":["post-4463","page","type-page","status-publish","hentry"],"_links":{"self":[{"href":"https:\/\/dutcheventcarpets.nl\/de\/wp-json\/wp\/v2\/pages\/4463","targetHints":{"allow":["GET"]}}],"collection":[{"href":"https:\/\/dutcheventcarpets.nl\/de\/wp-json\/wp\/v2\/pages"}],"about":[{"href":"https:\/\/dutcheventcarpets.nl\/de\/wp-json\/wp\/v2\/types\/page"}],"author":[{"embeddable":true,"href":"https:\/\/dutcheventcarpets.nl\/de\/wp-json\/wp\/v2\/users\/1"}],"replies":[{"embeddable":true,"href":"https:\/\/dutcheventcarpets.nl\/de\/wp-json\/wp\/v2\/comments?post=4463"}],"version-history":[{"count":23,"href":"https:\/\/dutcheventcarpets.nl\/de\/wp-json\/wp\/v2\/pages\/4463\/revisions"}],"predecessor-version":[{"id":6899,"href":"https:\/\/dutcheventcarpets.nl\/de\/wp-json\/wp\/v2\/pages\/4463\/revisions\/6899"}],"wp:attachment":[{"href":"https:\/\/dutcheventcarpets.nl\/de\/wp-json\/wp\/v2\/media?parent=4463"}],"curies":[{"name":"wp","href":"https:\/\/api.w.org\/{rel}","templated":true}]}}