{"id":5492,"date":"2023-07-26T14:51:15","date_gmt":"2023-07-26T13:51:15","guid":{"rendered":"https:\/\/dutcheventcarpets.nl\/?page_id=5492"},"modified":"2023-08-21T10:48:28","modified_gmt":"2023-08-21T09:48:28","slug":"gepersonaliseerd-tapijt","status":"publish","type":"page","link":"https:\/\/dutcheventcarpets.nl\/de\/personalisierter-teppich\/","title":{"rendered":"Personalisierter Teppich"},"content":{"rendered":"<div data-elementor-type=\"wp-page\" data-elementor-id=\"5492\" class=\"elementor elementor-5492\" data-elementor-post-type=\"page\">\n\t\t\t\t<div class=\"elementor-element elementor-element-71867f64 e-con-full e-flex e-con e-parent\" data-id=\"71867f64\" data-element_type=\"container\" data-settings=\"{&quot;background_background&quot;:&quot;classic&quot;}\">\n\t\t\t\t<div class=\"elementor-element elementor-element-8efef0f elementor-widget elementor-widget-heading\" data-id=\"8efef0f\" data-element_type=\"widget\" data-widget_type=\"heading.default\">\n\t\t\t\t<div class=\"elementor-widget-container\">\n\t\t\t<style>\/*! elementor - v3.21.0 - 30-04-2024 *\/\n.elementor-heading-title{padding:0;margin:0;line-height:1}.elementor-widget-heading .elementor-heading-title[class*=elementor-size-]>a{color:inherit;font-size:inherit;line-height:inherit}.elementor-widget-heading .elementor-heading-title.elementor-size-small{font-size:15px}.elementor-widget-heading .elementor-heading-title.elementor-size-medium{font-size:19px}.elementor-widget-heading .elementor-heading-title.elementor-size-large{font-size:29px}.elementor-widget-heading .elementor-heading-title.elementor-size-xl{font-size:39px}.elementor-widget-heading .elementor-heading-title.elementor-size-xxl{font-size:59px}<\/style><h1 class=\"elementor-heading-title elementor-size-default\">Personalisierter Teppich<\/h1>\t\t<\/div>\n\t\t\t\t<\/div>\n\t\t\t\t<div class=\"elementor-element elementor-element-0cf3dd4 elementor-widget elementor-widget-text-editor\" data-id=\"0cf3dd4\" data-element_type=\"widget\" data-widget_type=\"text-editor.default\">\n\t\t\t\t<div class=\"elementor-widget-container\">\n\t\t\t<style>\/*! elementor - v3.21.0 - 30-04-2024 *\/\n.elementor-widget-text-editor.elementor-drop-cap-view-stacked .elementor-drop-cap{background-color:#69727d;color:#fff}.elementor-widget-text-editor.elementor-drop-cap-view-framed .elementor-drop-cap{color:#69727d;border:3px solid;background-color:transparent}.elementor-widget-text-editor:not(.elementor-drop-cap-view-default) .elementor-drop-cap{margin-top:8px}.elementor-widget-text-editor:not(.elementor-drop-cap-view-default) .elementor-drop-cap-letter{width:1em;height:1em}.elementor-widget-text-editor .elementor-drop-cap{float:left;text-align:center;line-height:1;font-size:50px}.elementor-widget-text-editor .elementor-drop-cap-letter{display:inline-block}<\/style>\t\t\t\t<p style=\"text-align: center;\">Ein bedruckter Teppich verleiht Ihrem Boden w\u00e4hrend einer Veranstaltung ein originelles und einzigartiges Aussehen. Unser Standard-Druckteppich ist in verschiedenen sch\u00f6nen Designs wie Holz, Gras oder Stein erh\u00e4ltlich. W\u00e4hlen Sie einen Regenbogenteppich oder ein Meeresdekor. Mit unserem bedruckten Standardteppich verleihen Sie Ihrer Veranstaltung eine ganz besondere Note und beeindrucken die Besucher.<\/p>\t\t\t\t\t\t<\/div>\n\t\t\t\t<\/div>\n\t\t\t\t<\/div>\n\t\t\t\t<section class=\"elementor-section elementor-top-section elementor-element elementor-element-69e65a26 elementor-section-boxed elementor-section-height-default elementor-section-height-default elementor-invisible\" data-id=\"69e65a26\" data-element_type=\"section\" data-settings=\"{&quot;animation&quot;:&quot;fadeIn&quot;}\">\n\t\t\t\t\t\t<div class=\"elementor-container elementor-column-gap-no\">\n\t\t\t\t\t<div class=\"elementor-column elementor-col-33 elementor-top-column elementor-element elementor-element-5aed874f\" data-id=\"5aed874f\" data-element_type=\"column\">\n\t\t\t<div class=\"elementor-widget-wrap elementor-element-populated\">\n\t\t\t\t\t\t<div class=\"elementor-element elementor-element-5d8caac elementor-widget elementor-widget-image\" data-id=\"5d8caac\" data-element_type=\"widget\" data-widget_type=\"image.default\">\n\t\t\t\t<div class=\"elementor-widget-container\">\n\t\t\t<style>\/*! elementor - v3.21.0 - 30-04-2024 *\/\n.elementor-widget-image{text-align:center}.elementor-widget-image a{display:inline-block}.elementor-widget-image a img[src$=\".svg\"]{width:48px}.elementor-widget-image img{vertical-align:middle;display:inline-block}<\/style>\t\t\t\t\t\t\t\t\t\t<img fetchpriority=\"high\" decoding=\"async\" width=\"600\" height=\"600\" src=\"https:\/\/dutcheventcarpets.nl\/wp-content\/uploads\/2023\/08\/2-4.jpg\" class=\"attachment-full size-full wp-image-6736\" alt=\"\" srcset=\"https:\/\/dutcheventcarpets.nl\/wp-content\/uploads\/2023\/08\/2-4.jpg 600w, https:\/\/dutcheventcarpets.nl\/wp-content\/uploads\/2023\/08\/2-4-300x300.jpg 300w, https:\/\/dutcheventcarpets.nl\/wp-content\/uploads\/2023\/08\/2-4-150x150.jpg 150w, https:\/\/dutcheventcarpets.nl\/wp-content\/uploads\/2023\/08\/2-4-12x12.jpg 12w, https:\/\/dutcheventcarpets.nl\/wp-content\/uploads\/2023\/08\/2-4-100x100.jpg 100w\" sizes=\"(max-width: 600px) 100vw, 600px\" \/>\t\t\t\t\t\t\t\t\t\t\t\t\t<\/div>\n\t\t\t\t<\/div>\n\t\t\t\t\t<\/div>\n\t\t<\/div>\n\t\t\t\t<div class=\"elementor-column elementor-col-33 elementor-top-column elementor-element elementor-element-6de0554e\" data-id=\"6de0554e\" data-element_type=\"column\">\n\t\t\t<div class=\"elementor-widget-wrap elementor-element-populated\">\n\t\t\t\t\t\t<div class=\"elementor-element elementor-element-1c994d97 elementor-widget elementor-widget-image\" data-id=\"1c994d97\" data-element_type=\"widget\" data-widget_type=\"image.default\">\n\t\t\t\t<div class=\"elementor-widget-container\">\n\t\t\t\t\t\t\t\t\t\t\t\t\t<img decoding=\"async\" width=\"600\" height=\"600\" src=\"https:\/\/dutcheventcarpets.nl\/wp-content\/uploads\/2023\/08\/3-2.jpg\" class=\"attachment-full size-full wp-image-6737\" alt=\"\" srcset=\"https:\/\/dutcheventcarpets.nl\/wp-content\/uploads\/2023\/08\/3-2.jpg 600w, https:\/\/dutcheventcarpets.nl\/wp-content\/uploads\/2023\/08\/3-2-300x300.jpg 300w, https:\/\/dutcheventcarpets.nl\/wp-content\/uploads\/2023\/08\/3-2-150x150.jpg 150w, https:\/\/dutcheventcarpets.nl\/wp-content\/uploads\/2023\/08\/3-2-12x12.jpg 12w, https:\/\/dutcheventcarpets.nl\/wp-content\/uploads\/2023\/08\/3-2-100x100.jpg 100w\" sizes=\"(max-width: 600px) 100vw, 600px\" \/>\t\t\t\t\t\t\t\t\t\t\t\t\t<\/div>\n\t\t\t\t<\/div>\n\t\t\t\t\t<\/div>\n\t\t<\/div>\n\t\t\t\t<div class=\"elementor-column elementor-col-33 elementor-top-column elementor-element elementor-element-70b729c\" data-id=\"70b729c\" data-element_type=\"column\">\n\t\t\t<div class=\"elementor-widget-wrap elementor-element-populated\">\n\t\t\t\t\t\t<div class=\"elementor-element elementor-element-3cf5dd8e elementor-widget elementor-widget-elementskit-heading\" data-id=\"3cf5dd8e\" data-element_type=\"widget\" data-widget_type=\"elementskit-heading.default\">\n\t\t\t\t<div class=\"elementor-widget-container\">\n\t\t\t<div class=\"ekit-wid-con\" ><div class=\"ekit-heading elementskit-section-title-wraper text_right   ekit_heading_tablet-text_left   ekit_heading_mobile-\"><h1 class=\"ekit-heading--title elementskit-section-title\">Personalisierter Teppich<\/h1><div class=\"ekit_heading_separetor_wraper ekit_heading_elementskit-border-divider elementskit-style-long\"><div class=\"elementskit-border-divider elementskit-style-long\"><\/div><\/div><\/div><\/div>\t\t<\/div>\n\t\t\t\t<\/div>\n\t\t\t\t<div class=\"elementor-element elementor-element-292eceea elementor-widget elementor-widget-text-editor\" data-id=\"292eceea\" data-element_type=\"widget\" data-widget_type=\"text-editor.default\">\n\t\t\t\t<div class=\"elementor-widget-container\">\n\t\t\t\t\t\t\t<p>Sie sind auf der Suche nach dem gewissen Extra f\u00fcr eine Veranstaltung oder Ausstellung. Dann entscheiden Sie sich f\u00fcr einen personalisierten Teppich oder Vinyl. Entscheiden Sie sich f\u00fcr einen Teppich mit einem Fotodruck oder einen Teppich mit einem Logo? Alles ist m\u00f6glich, um Ihren Teppich oder Ihr Vinyl ganz nach Ihrem eigenen Geschmack zu gestalten. Wir bedrucken Vinyl, Nadelfilz oder einen Veloursteppich nach Ma\u00df.<\/p>\t\t\t\t\t\t<\/div>\n\t\t\t\t<\/div>\n\t\t\t\t\t<\/div>\n\t\t<\/div>\n\t\t\t\t\t<\/div>\n\t\t<\/section>\n\t\t\t\t<section class=\"elementor-section elementor-top-section elementor-element elementor-element-920619d elementor-section-boxed elementor-section-height-default elementor-section-height-default elementor-invisible\" data-id=\"920619d\" data-element_type=\"section\" data-settings=\"{&quot;animation&quot;:&quot;fadeIn&quot;}\">\n\t\t\t\t\t\t<div class=\"elementor-container elementor-column-gap-no\">\n\t\t\t\t\t<div class=\"elementor-column elementor-col-33 elementor-top-column elementor-element elementor-element-34ef24f\" data-id=\"34ef24f\" data-element_type=\"column\">\n\t\t\t<div class=\"elementor-widget-wrap elementor-element-populated\">\n\t\t\t\t\t\t<div class=\"elementor-element elementor-element-03e8914 elementor-widget elementor-widget-image\" data-id=\"03e8914\" data-element_type=\"widget\" data-widget_type=\"image.default\">\n\t\t\t\t<div class=\"elementor-widget-container\">\n\t\t\t\t\t\t\t\t\t\t\t\t\t<img decoding=\"async\" width=\"600\" height=\"600\" src=\"https:\/\/dutcheventcarpets.nl\/wp-content\/uploads\/2023\/08\/1-3.jpg\" class=\"attachment-full size-full wp-image-6735\" alt=\"\" srcset=\"https:\/\/dutcheventcarpets.nl\/wp-content\/uploads\/2023\/08\/1-3.jpg 600w, https:\/\/dutcheventcarpets.nl\/wp-content\/uploads\/2023\/08\/1-3-300x300.jpg 300w, https:\/\/dutcheventcarpets.nl\/wp-content\/uploads\/2023\/08\/1-3-150x150.jpg 150w, https:\/\/dutcheventcarpets.nl\/wp-content\/uploads\/2023\/08\/1-3-12x12.jpg 12w, https:\/\/dutcheventcarpets.nl\/wp-content\/uploads\/2023\/08\/1-3-100x100.jpg 100w\" sizes=\"(max-width: 600px) 100vw, 600px\" \/>\t\t\t\t\t\t\t\t\t\t\t\t\t<\/div>\n\t\t\t\t<\/div>\n\t\t\t\t\t<\/div>\n\t\t<\/div>\n\t\t\t\t<div class=\"elementor-column elementor-col-33 elementor-top-column elementor-element elementor-element-723ecc8\" data-id=\"723ecc8\" data-element_type=\"column\">\n\t\t\t<div class=\"elementor-widget-wrap elementor-element-populated\">\n\t\t\t\t\t\t<div class=\"elementor-element elementor-element-086a2cf elementor-widget elementor-widget-image\" data-id=\"086a2cf\" data-element_type=\"widget\" data-widget_type=\"image.default\">\n\t\t\t\t<div class=\"elementor-widget-container\">\n\t\t\t\t\t\t\t\t\t\t\t\t\t<img loading=\"lazy\" decoding=\"async\" width=\"800\" height=\"600\" src=\"https:\/\/dutcheventcarpets.nl\/wp-content\/uploads\/2023\/08\/2-3.jpg\" class=\"attachment-full size-full wp-image-6630\" alt=\"\" srcset=\"https:\/\/dutcheventcarpets.nl\/wp-content\/uploads\/2023\/08\/2-3.jpg 800w, https:\/\/dutcheventcarpets.nl\/wp-content\/uploads\/2023\/08\/2-3-300x225.jpg 300w, https:\/\/dutcheventcarpets.nl\/wp-content\/uploads\/2023\/08\/2-3-768x576.jpg 768w, https:\/\/dutcheventcarpets.nl\/wp-content\/uploads\/2023\/08\/2-3-16x12.jpg 16w, https:\/\/dutcheventcarpets.nl\/wp-content\/uploads\/2023\/08\/2-3-600x450.jpg 600w\" sizes=\"(max-width: 800px) 100vw, 800px\" \/>\t\t\t\t\t\t\t\t\t\t\t\t\t<\/div>\n\t\t\t\t<\/div>\n\t\t\t\t\t<\/div>\n\t\t<\/div>\n\t\t\t\t<div class=\"elementor-column elementor-col-33 elementor-top-column elementor-element elementor-element-8d12a7e\" data-id=\"8d12a7e\" data-element_type=\"column\">\n\t\t\t<div class=\"elementor-widget-wrap elementor-element-populated\">\n\t\t\t\t\t\t<div class=\"elementor-element elementor-element-ddd8ceb elementor-widget elementor-widget-elementskit-heading\" data-id=\"ddd8ceb\" data-element_type=\"widget\" data-widget_type=\"elementskit-heading.default\">\n\t\t\t\t<div class=\"elementor-widget-container\">\n\t\t\t<div class=\"ekit-wid-con\" ><div class=\"ekit-heading elementskit-section-title-wraper text_right   ekit_heading_tablet-text_left   ekit_heading_mobile-\"><h1 class=\"ekit-heading--title elementskit-section-title\">Teppich drucken<\/h1><div class=\"ekit_heading_separetor_wraper ekit_heading_elementskit-border-divider elementskit-style-long\"><div class=\"elementskit-border-divider elementskit-style-long\"><\/div><\/div><\/div><\/div>\t\t<\/div>\n\t\t\t\t<\/div>\n\t\t\t\t<div class=\"elementor-element elementor-element-4869e63 elementor-widget elementor-widget-text-editor\" data-id=\"4869e63\" data-element_type=\"widget\" data-widget_type=\"text-editor.default\">\n\t\t\t\t<div class=\"elementor-widget-container\">\n\t\t\t\t\t\t\t<p>Ein bedruckter Teppich macht Ihre Veranstaltung einzigartig, denn er hebt sich von der Masse ab und wird Ihre Besucher mit Sicherheit \u00fcberraschen. Egal, ob Sie eine einmalige L\u00f6sung oder einen bedruckten Teppich f\u00fcr eine l\u00e4ngere Nutzung suchen. Bei Dutch Event Carpets drucken wir Ihren Entwurf in voller Farbe sowohl auf Nadelfilz als auch auf Veloursqualit\u00e4t.<\/p>\t\t\t\t\t\t<\/div>\n\t\t\t\t<\/div>\n\t\t\t\t\t<\/div>\n\t\t<\/div>\n\t\t\t\t\t<\/div>\n\t\t<\/section>\n\t\t\t\t<section class=\"elementor-section elementor-top-section elementor-element elementor-element-6034b306 elementor-section-boxed elementor-section-height-default elementor-section-height-default elementor-invisible\" data-id=\"6034b306\" data-element_type=\"section\" data-settings=\"{&quot;animation&quot;:&quot;fadeIn&quot;}\">\n\t\t\t\t\t\t<div class=\"elementor-container elementor-column-gap-no\">\n\t\t\t\t\t<div class=\"elementor-column elementor-col-50 elementor-top-column elementor-element elementor-element-60047cb8\" data-id=\"60047cb8\" data-element_type=\"column\">\n\t\t\t<div class=\"elementor-widget-wrap elementor-element-populated\">\n\t\t\t\t\t\t<div class=\"elementor-element elementor-element-398288fe elementor-widget elementor-widget-text-editor\" data-id=\"398288fe\" data-element_type=\"widget\" data-widget_type=\"text-editor.default\">\n\t\t\t\t<div class=\"elementor-widget-container\">\n\t\t\t\t\t\t\t<h3 class=\"elementor-heading-title elementor-size-default elementor-inline-editing pen\" contenteditable=\"true\" data-elementor-setting-key=\"title\" data-pen-placeholder=\"Hier typen...\">Vinyl bedrucken<\/h3>\t\t\t\t\t\t<\/div>\n\t\t\t\t<\/div>\n\t\t\t\t<div class=\"elementor-element elementor-element-7b46c1ba elementor-widget elementor-widget-text-editor\" data-id=\"7b46c1ba\" data-element_type=\"widget\" data-widget_type=\"text-editor.default\">\n\t\t\t\t<div class=\"elementor-widget-container\">\n\t\t\t\t\t\t\t<p>Wir bei Dutch Event Carpets wissen, dass jede Veranstaltung einzigartig ist und besondere Aufmerksamkeit verdient. Unser Team aus erfahrenen Fachleuten ist bereit, gemeinsam mit Ihnen die perfekte L\u00f6sung aus bedrucktem Vinyl zu entwickeln, die Ihren speziellen Bed\u00fcrfnissen und Ihrem Branding entspricht. Wir begleiten Sie vom Konzept bis zur Realisierung, damit Sie bei Ihren G\u00e4sten einen unvergesslichen Eindruck hinterlassen.<\/p>\t\t\t\t\t\t<\/div>\n\t\t\t\t<\/div>\n\t\t\t\t<div class=\"elementor-element elementor-element-61f8e010 elementor-widget elementor-widget-text-editor\" data-id=\"61f8e010\" data-element_type=\"widget\" data-widget_type=\"text-editor.default\">\n\t\t\t\t<div class=\"elementor-widget-container\">\n\t\t\t\t\t\t\t<h3>Logo-Matten<\/h3>\t\t\t\t\t\t<\/div>\n\t\t\t\t<\/div>\n\t\t\t\t<div class=\"elementor-element elementor-element-31d1dbda elementor-widget elementor-widget-text-editor\" data-id=\"31d1dbda\" data-element_type=\"widget\" data-widget_type=\"text-editor.default\">\n\t\t\t\t<div class=\"elementor-widget-container\">\n\t\t\t\t\t\t\t<p>M\u00f6chten Sie Ihre Kunden und G\u00e4ste beeindrucken und gleichzeitig Ihren Markennamen st\u00e4rken? Dutch Event Carpets bietet mit dem Logoteppich die perfekte L\u00f6sung. Mit unseren hochwertigen Logoteppichen k\u00f6nnen Sie Ihr Firmenlogo stolz pr\u00e4sentieren und einen bleibenden Eindruck auf jeder Veranstaltung, jedem Messestand oder in jedem B\u00fcro hinterlassen.<\/p><p>Bei Dutch Event Carpets haben Sie die M\u00f6glichkeit, Ihre eigenen Logomatten f\u00fcr den Innen- und Au\u00dfenbereich zu entwerfen.<\/p>\t\t\t\t\t\t<\/div>\n\t\t\t\t<\/div>\n\t\t\t\t\t<\/div>\n\t\t<\/div>\n\t\t\t\t<div class=\"elementor-column elementor-col-50 elementor-top-column elementor-element elementor-element-3e433e89\" data-id=\"3e433e89\" data-element_type=\"column\">\n\t\t\t<div class=\"elementor-widget-wrap elementor-element-populated\">\n\t\t\t\t\t\t<div class=\"elementor-element elementor-element-16ce7f32 elementor-absolute elementor-hidden-tablet elementor-hidden-mobile elementor-widget elementor-widget-image\" data-id=\"16ce7f32\" data-element_type=\"widget\" data-settings=\"{&quot;_position&quot;:&quot;absolute&quot;}\" data-widget_type=\"image.default\">\n\t\t\t\t<div class=\"elementor-widget-container\">\n\t\t\t\t\t\t\t\t\t\t\t\t\t<img loading=\"lazy\" decoding=\"async\" width=\"800\" height=\"167\" src=\"https:\/\/dutcheventcarpets.nl\/wp-content\/uploads\/2023\/03\/Dutch-Event-Carpets-logo-2.svg\" class=\"attachment-large size-large wp-image-2417\" alt=\"\" \/>\t\t\t\t\t\t\t\t\t\t\t\t\t<\/div>\n\t\t\t\t<\/div>\n\t\t\t\t\t<\/div>\n\t\t<\/div>\n\t\t\t\t\t<\/div>\n\t\t<\/section>\n\t\t<div class=\"elementor-element elementor-element-491054d0 e-flex e-con-boxed e-con e-parent\" data-id=\"491054d0\" data-element_type=\"container\">\n\t\t\t\t\t<div class=\"e-con-inner\">\n\t\t\t\t<div class=\"elementor-element elementor-element-597533e elementor-widget elementor-widget-heading\" data-id=\"597533e\" data-element_type=\"widget\" data-widget_type=\"heading.default\">\n\t\t\t\t<div class=\"elementor-widget-container\">\n\t\t\t<h2 class=\"elementor-heading-title elementor-size-default\">Brauchen Sie einen Rat?<\/h2>\t\t<\/div>\n\t\t\t\t<\/div>\n\t\t\t\t<div class=\"elementor-element elementor-element-b7ec02b elementor-widget elementor-widget-text-editor\" data-id=\"b7ec02b\" data-element_type=\"widget\" data-widget_type=\"text-editor.default\">\n\t\t\t\t<div class=\"elementor-widget-container\">\n\t\t\t\t\t\t\t<p>Egal, ob Sie einen Druckteppich f\u00fcr einen Messestand oder f\u00fcr eine besondere Veranstaltung ben\u00f6tigen, Dutch Event Carpets hat die L\u00f6sung, die Ihre Veranstaltung auf die n\u00e4chste Stufe hebt. Investieren Sie in Qualit\u00e4t und hinterlassen Sie einen bleibenden Eindruck mit unseren Druckteppichen, Druckfolien oder Logomatten. Nehmen Sie noch heute Kontakt mit uns auf und finden Sie heraus, wie wir Ihnen helfen k\u00f6nnen, Ihrem Unternehmen einen pers\u00f6nlichen und professionellen Look zu verleihen.<\/p>\t\t\t\t\t\t<\/div>\n\t\t\t\t<\/div>\n\t\t\t\t<div class=\"elementor-element elementor-element-088ee19 elementor-align-center elementor-widget elementor-widget-elementskit-button\" data-id=\"088ee19\" data-element_type=\"widget\" data-widget_type=\"elementskit-button.default\">\n\t\t\t\t<div class=\"elementor-widget-container\">\n\t\t\t<div class=\"ekit-wid-con\" >\t\t<div class=\"ekit-btn-wraper\">\n\t\t\t\t\t\t\t<a href=\"https:\/\/dutcheventcarpets.nl\/de\/kontakt\/\" class=\"elementskit-btn  whitespace--normal\" id=\"\">\n\t\t\t\t\tKontakt aufnehmen\t\t\t\t<\/a>\n\t\t\t\t\t<\/div>\n        <\/div>\t\t<\/div>\n\t\t\t\t<\/div>\n\t\t\t\t\t<\/div>\n\t\t\t\t<\/div>\n\t\t<div class=\"elementor-element elementor-element-c4af2e1 e-flex e-con-boxed e-con e-parent\" data-id=\"c4af2e1\" data-element_type=\"container\">\n\t\t\t\t\t<div class=\"e-con-inner\">\n\t\t\t\t\t<\/div>\n\t\t\t\t<\/div>\n\t\t\t\t<\/div>","protected":false},"excerpt":{"rendered":"<p>Personalisierter Teppich Ein bedruckter Teppich verleiht Ihrem Boden w\u00e4hrend einer Veranstaltung ein originelles und einzigartiges Aussehen. Unser Standard-Teppichboden ist in verschiedenen sch\u00f6nen Designs wie Holz, Gras oder Stein erh\u00e4ltlich. W\u00e4hlen Sie einen Regenbogenteppich oder ein Meeresdekor. Mit unserem bedruckten Standardteppich geben Sie Ihrer Veranstaltung eine ganz besondere Note, die die Besucher [...]<\/p>","protected":false},"author":1,"featured_media":0,"parent":0,"menu_order":0,"comment_status":"closed","ping_status":"closed","template":"elementor_header_footer","meta":{"_joinchat":[],"footnotes":""},"class_list":["post-5492","page","type-page","status-publish","hentry"],"_links":{"self":[{"href":"https:\/\/dutcheventcarpets.nl\/de\/wp-json\/wp\/v2\/pages\/5492","targetHints":{"allow":["GET"]}}],"collection":[{"href":"https:\/\/dutcheventcarpets.nl\/de\/wp-json\/wp\/v2\/pages"}],"about":[{"href":"https:\/\/dutcheventcarpets.nl\/de\/wp-json\/wp\/v2\/types\/page"}],"author":[{"embeddable":true,"href":"https:\/\/dutcheventcarpets.nl\/de\/wp-json\/wp\/v2\/users\/1"}],"replies":[{"embeddable":true,"href":"https:\/\/dutcheventcarpets.nl\/de\/wp-json\/wp\/v2\/comments?post=5492"}],"version-history":[{"count":59,"href":"https:\/\/dutcheventcarpets.nl\/de\/wp-json\/wp\/v2\/pages\/5492\/revisions"}],"predecessor-version":[{"id":6897,"href":"https:\/\/dutcheventcarpets.nl\/de\/wp-json\/wp\/v2\/pages\/5492\/revisions\/6897"}],"wp:attachment":[{"href":"https:\/\/dutcheventcarpets.nl\/de\/wp-json\/wp\/v2\/media?parent=5492"}],"curies":[{"name":"wp","href":"https:\/\/api.w.org\/{rel}","templated":true}]}}