{"id":7062,"date":"2025-03-04T19:20:51","date_gmt":"2025-03-04T18:20:51","guid":{"rendered":"https:\/\/dutcheventcarpets.nl\/?page_id=7062"},"modified":"2025-10-31T16:14:41","modified_gmt":"2025-10-31T15:14:41","slug":"vacatures","status":"publish","type":"page","link":"https:\/\/dutcheventcarpets.nl\/de\/vacatures\/","title":{"rendered":"Offene Stellen"},"content":{"rendered":"<div data-elementor-type=\"wp-page\" data-elementor-id=\"7062\" class=\"elementor elementor-7062\" data-elementor-post-type=\"page\">\n\t\t\t\t\t\t<section class=\"elementor-section elementor-top-section elementor-element elementor-element-e390d45 elementor-section-boxed elementor-section-height-default elementor-section-height-default elementor-invisible\" data-id=\"e390d45\" data-element_type=\"section\" data-settings=\"{&quot;animation&quot;:&quot;fadeIn&quot;}\">\n\t\t\t\t\t\t<div class=\"elementor-container elementor-column-gap-no\">\n\t\t\t\t\t<div class=\"elementor-column elementor-col-50 elementor-top-column elementor-element elementor-element-ae1a477\" data-id=\"ae1a477\" data-element_type=\"column\">\n\t\t\t<div class=\"elementor-widget-wrap elementor-element-populated\">\n\t\t\t\t\t\t<div class=\"elementor-element elementor-element-ca11790 elementor-widget elementor-widget-elementskit-heading\" data-id=\"ca11790\" data-element_type=\"widget\" data-widget_type=\"elementskit-heading.default\">\n\t\t\t\t<div class=\"elementor-widget-container\">\n\t\t\t<div class=\"ekit-wid-con\" ><div class=\"ekit-heading elementskit-section-title-wraper text_left   ekit_heading_tablet-text_left   ekit_heading_mobile-\"><h2 class=\"ekit-heading--title elementskit-section-title\">Werden Sie Teil des Teams von Dutch Event Carpets!<\/h2><div class=\"ekit_heading_separetor_wraper ekit_heading_elementskit-border-divider elementskit-style-long\"><div class=\"elementskit-border-divider elementskit-style-long\"><\/div><\/div><\/div><\/div>\t\t<\/div>\n\t\t\t\t<\/div>\n\t\t\t\t\t<\/div>\n\t\t<\/div>\n\t\t\t\t<div class=\"elementor-column elementor-col-50 elementor-top-column elementor-element elementor-element-f985593\" data-id=\"f985593\" data-element_type=\"column\">\n\t\t\t<div class=\"elementor-widget-wrap elementor-element-populated\">\n\t\t\t\t\t\t<div class=\"elementor-element elementor-element-91b2fb4 elementor-widget elementor-widget-text-editor\" data-id=\"91b2fb4\" data-element_type=\"widget\" data-widget_type=\"text-editor.default\">\n\t\t\t\t<div class=\"elementor-widget-container\">\n\t\t\t<style>\/*! elementor - v3.21.0 - 30-04-2024 *\/\n.elementor-widget-text-editor.elementor-drop-cap-view-stacked .elementor-drop-cap{background-color:#69727d;color:#fff}.elementor-widget-text-editor.elementor-drop-cap-view-framed .elementor-drop-cap{color:#69727d;border:3px solid;background-color:transparent}.elementor-widget-text-editor:not(.elementor-drop-cap-view-default) .elementor-drop-cap{margin-top:8px}.elementor-widget-text-editor:not(.elementor-drop-cap-view-default) .elementor-drop-cap-letter{width:1em;height:1em}.elementor-widget-text-editor .elementor-drop-cap{float:left;text-align:center;line-height:1;font-size:50px}.elementor-widget-text-editor .elementor-drop-cap-letter{display:inline-block}<\/style>\t\t\t\t<div class=\"elementor-element elementor-element-88670d5 e-con-full e-con\" data-id=\"88670d5\" data-element_type=\"container\" data-settings=\"{&quot;content_width&quot;:&quot;full&quot;}\"><div class=\"elementor-element elementor-element-037e9d3 elementor-widget elementor-widget-text-editor\" data-id=\"037e9d3\" data-element_type=\"widget\" data-widget_type=\"text-editor.default\"><div class=\"elementor-widget-container\"><p data-start=\"115\" data-end=\"403\">Bei Dutch Event Carpets arbeiten Sie mit einem Team von begeisterten und kompetenten Mitarbeitern zusammen, die wissen, wie man eine Veranstaltung auf die n\u00e4chste Stufe hebt. Wir beraten Sie \u00fcber Materialien, denken \u00fcber kreative Anwendungen nach und scheuen keine Herausforderung. Gemeinsam machen wir jedes Projekt zu etwas Einzigartigem!<\/p><p data-start=\"405\" data-end=\"543\">M\u00f6chten Sie in einem Team arbeiten, in dem Innovation und Spa\u00df Hand in Hand gehen? Informieren Sie sich \u00fcber unsere offenen Stellen und finden Sie heraus, wo Sie etwas bewegen k\u00f6nnen!<\/p><\/div><\/div><\/div>\t\t\t\t\t\t<\/div>\n\t\t\t\t<\/div>\n\t\t\t\t\t<\/div>\n\t\t<\/div>\n\t\t\t\t\t<\/div>\n\t\t<\/section>\n\t\t<div class=\"elementor-element elementor-element-34766439 e-con-full e-flex e-con e-parent\" data-id=\"34766439\" data-element_type=\"container\">\n\t\t<div class=\"elementor-element elementor-element-14eb29f e-con-full e-flex e-con e-child\" data-id=\"14eb29f\" data-element_type=\"container\">\n\t\t\t\t<div class=\"elementor-element elementor-element-0ec7ef5 elementor-widget elementor-widget-heading\" data-id=\"0ec7ef5\" data-element_type=\"widget\" data-widget_type=\"heading.default\">\n\t\t\t\t<div class=\"elementor-widget-container\">\n\t\t\t<style>\/*! elementor - v3.21.0 - 30-04-2024 *\/\n.elementor-heading-title{padding:0;margin:0;line-height:1}.elementor-widget-heading .elementor-heading-title[class*=elementor-size-]>a{color:inherit;font-size:inherit;line-height:inherit}.elementor-widget-heading .elementor-heading-title.elementor-size-small{font-size:15px}.elementor-widget-heading .elementor-heading-title.elementor-size-medium{font-size:19px}.elementor-widget-heading .elementor-heading-title.elementor-size-large{font-size:29px}.elementor-widget-heading .elementor-heading-title.elementor-size-xl{font-size:39px}.elementor-widget-heading .elementor-heading-title.elementor-size-xxl{font-size:59px}<\/style><h2 class=\"elementor-heading-title elementor-size-default\">Tapezierer<\/h2>\t\t<\/div>\n\t\t\t\t<\/div>\n\t\t\t\t<div class=\"elementor-element elementor-element-a425b17 elementor-widget elementor-widget-image\" data-id=\"a425b17\" data-element_type=\"widget\" data-widget_type=\"image.default\">\n\t\t\t\t<div class=\"elementor-widget-container\">\n\t\t\t<style>\/*! elementor - v3.21.0 - 30-04-2024 *\/\n.elementor-widget-image{text-align:center}.elementor-widget-image a{display:inline-block}.elementor-widget-image a img[src$=\".svg\"]{width:48px}.elementor-widget-image img{vertical-align:middle;display:inline-block}<\/style>\t\t\t\t\t\t\t\t\t\t\t<a href=\"https:\/\/dutcheventcarpets.nl\/de\/vacatures\/stoffeerder\/\">\n\t\t\t\t\t\t\t<img fetchpriority=\"high\" decoding=\"async\" width=\"800\" height=\"800\" src=\"https:\/\/dutcheventcarpets.nl\/wp-content\/uploads\/2023\/04\/wedding-2.jpg\" class=\"attachment-large size-large wp-image-2311\" alt=\"\" srcset=\"https:\/\/dutcheventcarpets.nl\/wp-content\/uploads\/2023\/04\/wedding-2.jpg 800w, https:\/\/dutcheventcarpets.nl\/wp-content\/uploads\/2023\/04\/wedding-2-300x300.jpg 300w, https:\/\/dutcheventcarpets.nl\/wp-content\/uploads\/2023\/04\/wedding-2-150x150.jpg 150w, https:\/\/dutcheventcarpets.nl\/wp-content\/uploads\/2023\/04\/wedding-2-768x768.jpg 768w, https:\/\/dutcheventcarpets.nl\/wp-content\/uploads\/2023\/04\/wedding-2-600x600.jpg 600w, https:\/\/dutcheventcarpets.nl\/wp-content\/uploads\/2023\/04\/wedding-2-100x100.jpg 100w\" sizes=\"(max-width: 800px) 100vw, 800px\" \/>\t\t\t\t\t\t\t\t<\/a>\n\t\t\t\t\t\t\t\t\t\t\t\t\t<\/div>\n\t\t\t\t<\/div>\n\t\t\t\t<div class=\"elementor-element elementor-element-0cc0b14 elementor-align-center elementor-widget elementor-widget-elementskit-button\" data-id=\"0cc0b14\" data-element_type=\"widget\" data-widget_type=\"elementskit-button.default\">\n\t\t\t\t<div class=\"elementor-widget-container\">\n\t\t\t<div class=\"ekit-wid-con\" >\t\t<div class=\"ekit-btn-wraper\">\n\t\t\t\t\t\t\t<a href=\"https:\/\/dutcheventcarpets.nl\/de\/vacatures\/stoffeerder\/\" class=\"elementskit-btn  whitespace--normal\" id=\"\">\n\t\t\t\t\tVIEW VACANCY\t\t\t\t<\/a>\n\t\t\t\t\t<\/div>\n        <\/div>\t\t<\/div>\n\t\t\t\t<\/div>\n\t\t\t\t<\/div>\n\t\t\t\t<\/div>\n\t\t\t\t<\/div>","protected":false},"excerpt":{"rendered":"<p>Werden Sie Teil des Teams von Dutch Event Carpets! Bei Dutch Event Carpets arbeiten Sie mit einem Team von enthusiastischen und kompetenten Menschen zusammen, die wissen, wie man eine Veranstaltung auf die n\u00e4chste Stufe hebt. Wir beraten Sie \u00fcber Materialien, denken \u00fcber kreative Anwendungen nach und scheuen keine Herausforderung. Gemeinsam machen wir jedes Projekt zu einem [...]<\/p>","protected":false},"author":1,"featured_media":0,"parent":0,"menu_order":0,"comment_status":"closed","ping_status":"closed","template":"elementor_header_footer","meta":{"_joinchat":[],"footnotes":""},"class_list":["post-7062","page","type-page","status-publish","hentry"],"_links":{"self":[{"href":"https:\/\/dutcheventcarpets.nl\/de\/wp-json\/wp\/v2\/pages\/7062","targetHints":{"allow":["GET"]}}],"collection":[{"href":"https:\/\/dutcheventcarpets.nl\/de\/wp-json\/wp\/v2\/pages"}],"about":[{"href":"https:\/\/dutcheventcarpets.nl\/de\/wp-json\/wp\/v2\/types\/page"}],"author":[{"embeddable":true,"href":"https:\/\/dutcheventcarpets.nl\/de\/wp-json\/wp\/v2\/users\/1"}],"replies":[{"embeddable":true,"href":"https:\/\/dutcheventcarpets.nl\/de\/wp-json\/wp\/v2\/comments?post=7062"}],"version-history":[{"count":13,"href":"https:\/\/dutcheventcarpets.nl\/de\/wp-json\/wp\/v2\/pages\/7062\/revisions"}],"predecessor-version":[{"id":7277,"href":"https:\/\/dutcheventcarpets.nl\/de\/wp-json\/wp\/v2\/pages\/7062\/revisions\/7277"}],"wp:attachment":[{"href":"https:\/\/dutcheventcarpets.nl\/de\/wp-json\/wp\/v2\/media?parent=7062"}],"curies":[{"name":"wp","href":"https:\/\/api.w.org\/{rel}","templated":true}]}}