{"id":7092,"date":"2025-03-14T14:01:37","date_gmt":"2025-03-14T13:01:37","guid":{"rendered":"https:\/\/dutcheventcarpets.nl\/?page_id=7092"},"modified":"2025-08-08T09:34:23","modified_gmt":"2025-08-08T08:34:23","slug":"stoffeerder","status":"publish","type":"page","link":"https:\/\/dutcheventcarpets.nl\/de\/vacatures\/stoffeerder\/","title":{"rendered":"Tapezierer"},"content":{"rendered":"<div data-elementor-type=\"wp-page\" data-elementor-id=\"7092\" class=\"elementor elementor-7092\" data-elementor-post-type=\"page\">\n\t\t\t\t<div class=\"elementor-element elementor-element-b1bf51a e-flex e-con-boxed e-con e-parent\" data-id=\"b1bf51a\" data-element_type=\"container\" data-settings=\"{&quot;background_background&quot;:&quot;classic&quot;}\">\n\t\t\t\t\t<div class=\"e-con-inner\">\n\t\t<div class=\"elementor-element elementor-element-4ace321 e-con-full e-flex e-con e-child\" data-id=\"4ace321\" data-element_type=\"container\">\n\t\t<div class=\"elementor-element elementor-element-a46618b e-con-full e-flex e-con e-child\" data-id=\"a46618b\" data-element_type=\"container\">\n\t\t\t\t<div class=\"elementor-element elementor-element-bff81ea animated-slow elementor-widget elementor-widget-heading\" data-id=\"bff81ea\" data-element_type=\"widget\" data-settings=\"{&quot;_animation&quot;:&quot;none&quot;}\" data-widget_type=\"heading.default\">\n\t\t\t\t<div class=\"elementor-widget-container\">\n\t\t\t<style>\/*! elementor - v3.21.0 - 30-04-2024 *\/\n.elementor-heading-title{padding:0;margin:0;line-height:1}.elementor-widget-heading .elementor-heading-title[class*=elementor-size-]>a{color:inherit;font-size:inherit;line-height:inherit}.elementor-widget-heading .elementor-heading-title.elementor-size-small{font-size:15px}.elementor-widget-heading .elementor-heading-title.elementor-size-medium{font-size:19px}.elementor-widget-heading .elementor-heading-title.elementor-size-large{font-size:29px}.elementor-widget-heading .elementor-heading-title.elementor-size-xl{font-size:39px}.elementor-widget-heading .elementor-heading-title.elementor-size-xxl{font-size:59px}<\/style><h2 class=\"elementor-heading-title elementor-size-default\">Allround-Event-Polsterer<\/h2>\t\t<\/div>\n\t\t\t\t<\/div>\n\t\t\t\t<div class=\"elementor-element elementor-element-685832e animated-slow elementor-invisible elementor-widget elementor-widget-heading\" data-id=\"685832e\" data-element_type=\"widget\" data-settings=\"{&quot;_animation&quot;:&quot;slideInUp&quot;}\" data-widget_type=\"heading.default\">\n\t\t\t\t<div class=\"elementor-widget-container\">\n\t\t\t<h2 class=\"elementor-heading-title elementor-size-default\">Stellenausschreibung<\/h2>\t\t<\/div>\n\t\t\t\t<\/div>\n\t\t\t\t<div class=\"elementor-element elementor-element-65314dc elementor-widget elementor-widget-text-editor\" data-id=\"65314dc\" data-element_type=\"widget\" data-widget_type=\"text-editor.default\">\n\t\t\t\t<div class=\"elementor-widget-container\">\n\t\t\t<style>\/*! elementor - v3.21.0 - 30-04-2024 *\/\n.elementor-widget-text-editor.elementor-drop-cap-view-stacked .elementor-drop-cap{background-color:#69727d;color:#fff}.elementor-widget-text-editor.elementor-drop-cap-view-framed .elementor-drop-cap{color:#69727d;border:3px solid;background-color:transparent}.elementor-widget-text-editor:not(.elementor-drop-cap-view-default) .elementor-drop-cap{margin-top:8px}.elementor-widget-text-editor:not(.elementor-drop-cap-view-default) .elementor-drop-cap-letter{width:1em;height:1em}.elementor-widget-text-editor .elementor-drop-cap{float:left;text-align:center;line-height:1;font-size:50px}.elementor-widget-text-editor .elementor-drop-cap-letter{display:inline-block}<\/style>\t\t\t\t<h2><strong>Was werden Sie tun?<\/strong><\/h2><div><p>Haben Sie Lust auf einen Job, bei dem Sie jeden Tag an einzigartigen Veranstaltungsorten arbeiten und Teil eines freundlichen und famili\u00e4ren Teams sind? Erfahrung, Alter und Ausbildung sind nicht so wichtig, aber eine gute Mentalit\u00e4t und Engagement schon. Sind Sie motiviert und m\u00f6chten Sie die Eventwelt hautnah erleben?<\/p><\/div><h2><strong>Wer sind Sie?<\/strong><\/h2><p>Sie lieben die Abwechslung und arbeiten gerne im Innen- und Au\u00dfenbereich. Morgens fahren Sie mit Ihrem Team in unseren auff\u00e4lligen Sprintern los. Gemeinsam mit Deinem Team f\u00e4hrst Du zu den sch\u00f6nsten Locations, von gro\u00dfen Messen bis hin zu exklusiven Eventlocations. Dort sorgen Sie daf\u00fcr, dass unsere Produkte entsprechend dem Arbeitsauftrag, der Zeichnung oder dem Grundrissplan perfekt installiert werden.<\/p><p>Es ist gut, wenn Sie einen F\u00fchrerschein B oder BE besitzen. Die Arbeit kann k\u00f6rperlich intensiv sein und manchmal sind die Tage etwas l\u00e4nger. Deshalb suchen wir jemanden mit einem starken K\u00f6rper und einem guten Sinn f\u00fcr Humor, Fr\u00f6hlichkeit und Improvisationstalent. Man ist erst zufrieden, wenn der Kunde es ist und alles kontrolliert wurde, damit man gut gelaunt zum n\u00e4chsten Auftrag gehen kann.<\/p><h2><strong>Warum sollten Sie diesen Beruf w\u00e4hlen?<\/strong><\/h2><ul><li>Jeden Tag arbeiten Sie an einem anderen besonderen Ort, manchmal sogar im Ausland;<\/li><li>Sie arbeiten mit den besten Qualit\u00e4ten von Event-Teppich, Kunstrasen und Vinyl;<\/li><li>Sie arbeiten in einem freundlichen, informellen Team von begeisterten Kollegen;<\/li><li>Unsere Kunden haben oft etwas zu feiern, was f\u00fcr eine gute Arbeitsatmosph\u00e4re sorgt;<\/li><li>Wir bieten ein wettbewerbsf\u00e4higes Gehalt, eine Altersversorgung und einen Reisekostenzuschuss;<\/li><li>Sie erhalten Urlaubsgeld und Urlaubsstunden;<\/li><li>\u00dcberstunden? Sie haben die Wahl: Bezahlt werden oder Zeit-f\u00fcr-Zeit;<\/li><li>Wir veranstalten regelm\u00e4\u00dfig Getr\u00e4nke, Sommergrillfeste und Team-\/Firmenausfl\u00fcge;<\/li><li>Sie beginnen mit einem befristeten Vertrag mit der Aussicht auf einen unbefristeten Vertrag, wenn beide Seiten zufrieden sind.<\/li><\/ul><div>\u00a0<\/div><h3><strong>Das sind wir<\/strong><\/h3><p>Wir sind <strong>Niederl\u00e4ndische Veranstaltungsteppiche<\/strong>, der Spezialist f\u00fcr Eventb\u00f6den und Teppiche aus Lelystad. Seit 1988 liefern wir hochwertige Teppiche, Vinylb\u00f6den und Kunstrasen f\u00fcr Veranstaltungen, Messen und Firmenevents. Unser eingespieltes Team arbeitet hart daran, unsere Kunden immer wieder aufs Neue zufrieden zu stellen. Wir sind stolz auf unsere Produkte und Projekte, die von Kingsday-Festivals und gro\u00dfen Hochzeiten bis zu Firmenveranstaltungen wie Microsoft Envision reichen. Gemeinsam sorgen wir f\u00fcr ein starkes Fundament und einen stilvollen Auftritt an den sch\u00f6nsten Veranstaltungsorten.<\/p><p>\u00a0<\/p><h3><strong>Weitere Informationen?<\/strong><\/h3><p>Sieht das nach einem tollen Job f\u00fcr Sie aus? Dann kontaktieren Sie uns \u00fcber <strong><a href=\"mailto:info@dutcheventcarpets.nl\">info@dutcheventcarpets.nl<\/a><\/strong> oder rufen Sie an <a href=\"tel:0031320337373\"><strong>+31 320 33 73 73<\/strong><\/a>. Wir sind sehr neugierig auf Sie und freuen uns auf Ihr Anschreiben und Ihren Lebenslauf!<\/p>\t\t\t\t\t\t<\/div>\n\t\t\t\t<\/div>\n\t\t\t\t<div class=\"elementor-element elementor-element-ffaea0e elementor-widget elementor-widget-image\" data-id=\"ffaea0e\" data-element_type=\"widget\" data-widget_type=\"image.default\">\n\t\t\t\t<div class=\"elementor-widget-container\">\n\t\t\t<style>\/*! elementor - v3.21.0 - 30-04-2024 *\/\n.elementor-widget-image{text-align:center}.elementor-widget-image a{display:inline-block}.elementor-widget-image a img[src$=\".svg\"]{width:48px}.elementor-widget-image img{vertical-align:middle;display:inline-block}<\/style>\t\t\t\t\t\t\t\t\t\t<img fetchpriority=\"high\" decoding=\"async\" width=\"800\" height=\"600\" src=\"https:\/\/dutcheventcarpets.nl\/wp-content\/uploads\/2025\/08\/WhatsApp-Image-2025-08-08-at-10.32.26-1024x768.jpeg\" class=\"attachment-large size-large wp-image-7263\" alt=\"\" srcset=\"https:\/\/dutcheventcarpets.nl\/wp-content\/uploads\/2025\/08\/WhatsApp-Image-2025-08-08-at-10.32.26-1024x768.jpeg 1024w, https:\/\/dutcheventcarpets.nl\/wp-content\/uploads\/2025\/08\/WhatsApp-Image-2025-08-08-at-10.32.26-300x225.jpeg 300w, https:\/\/dutcheventcarpets.nl\/wp-content\/uploads\/2025\/08\/WhatsApp-Image-2025-08-08-at-10.32.26-768x576.jpeg 768w, https:\/\/dutcheventcarpets.nl\/wp-content\/uploads\/2025\/08\/WhatsApp-Image-2025-08-08-at-10.32.26-1536x1152.jpeg 1536w, https:\/\/dutcheventcarpets.nl\/wp-content\/uploads\/2025\/08\/WhatsApp-Image-2025-08-08-at-10.32.26-16x12.jpeg 16w, https:\/\/dutcheventcarpets.nl\/wp-content\/uploads\/2025\/08\/WhatsApp-Image-2025-08-08-at-10.32.26-600x450.jpeg 600w, https:\/\/dutcheventcarpets.nl\/wp-content\/uploads\/2025\/08\/WhatsApp-Image-2025-08-08-at-10.32.26.jpeg 1600w\" sizes=\"(max-width: 800px) 100vw, 800px\" \/>\t\t\t\t\t\t\t\t\t\t\t\t\t<\/div>\n\t\t\t\t<\/div>\n\t\t\t\t<\/div>\n\t\t\t\t<\/div>\n\t\t<div class=\"elementor-element elementor-element-9f63e62 e-flex e-con-boxed e-con e-child\" data-id=\"9f63e62\" data-element_type=\"container\">\n\t\t\t\t\t<div class=\"e-con-inner\">\n\t\t<div class=\"elementor-element elementor-element-dbdbc04 e-con-full e-flex e-con e-child\" data-id=\"dbdbc04\" data-element_type=\"container\">\n\t\t\t\t<div class=\"elementor-element elementor-element-37dcdce animated-slow elementor-widget elementor-widget-heading\" data-id=\"37dcdce\" data-element_type=\"widget\" data-settings=\"{&quot;_animation&quot;:&quot;none&quot;}\" data-widget_type=\"heading.default\">\n\t\t\t\t<div class=\"elementor-widget-container\">\n\t\t\t<h2 class=\"elementor-heading-title elementor-size-default\">Interessiert? Hinterlassen Sie Ihre Daten und wir werden Sie bald kontaktieren!<\/h2>\t\t<\/div>\n\t\t\t\t<\/div>\n\t\t\t\t<\/div>\n\t\t\t\t<div class=\"elementor-element elementor-element-198e661 elementor-widget elementor-widget-image\" data-id=\"198e661\" data-element_type=\"widget\" data-widget_type=\"image.default\">\n\t\t\t\t<div class=\"elementor-widget-container\">\n\t\t\t\t\t\t\t\t\t\t\t\t\t<img decoding=\"async\" width=\"800\" height=\"167\" src=\"https:\/\/dutcheventcarpets.nl\/wp-content\/uploads\/2023\/03\/Dutch-Event-Carpets-logo-2.svg\" class=\"attachment-large size-large wp-image-2417\" alt=\"\" \/>\t\t\t\t\t\t\t\t\t\t\t\t\t<\/div>\n\t\t\t\t<\/div>\n\t\t\t\t<div class=\"elementor-element elementor-element-170bf09 elementor-button-align-stretch elementor-widget elementor-widget-form\" data-id=\"170bf09\" data-element_type=\"widget\" data-settings=\"{&quot;step_next_label&quot;:&quot;Volgende&quot;,&quot;step_previous_label&quot;:&quot;Vorige&quot;,&quot;button_width&quot;:&quot;100&quot;,&quot;step_type&quot;:&quot;number_text&quot;,&quot;step_icon_shape&quot;:&quot;circle&quot;}\" data-widget_type=\"form.default\">\n\t\t\t\t<div class=\"elementor-widget-container\">\n\t\t\t<style>\/*! elementor-pro - v3.21.0 - 30-04-2024 *\/\n.elementor-button.elementor-hidden,.elementor-hidden{display:none}.e-form__step{width:100%}.e-form__step:not(.elementor-hidden){display:flex;flex-wrap:wrap}.e-form__buttons{flex-wrap:wrap}.e-form__buttons,.e-form__buttons__wrapper{display:flex}.e-form__indicators{display:flex;justify-content:space-between;align-items:center;flex-wrap:nowrap;font-size:13px;margin-bottom:var(--e-form-steps-indicators-spacing)}.e-form__indicators__indicator{display:flex;flex-direction:column;align-items:center;justify-content:center;flex-basis:0;padding:0 var(--e-form-steps-divider-gap)}.e-form__indicators__indicator__progress{width:100%;position:relative;background-color:var(--e-form-steps-indicator-progress-background-color);border-radius:var(--e-form-steps-indicator-progress-border-radius);overflow:hidden}.e-form__indicators__indicator__progress__meter{width:var(--e-form-steps-indicator-progress-meter-width,0);height:var(--e-form-steps-indicator-progress-height);line-height:var(--e-form-steps-indicator-progress-height);padding-right:15px;border-radius:var(--e-form-steps-indicator-progress-border-radius);background-color:var(--e-form-steps-indicator-progress-color);color:var(--e-form-steps-indicator-progress-meter-color);text-align:right;transition:width .1s linear}.e-form__indicators__indicator:first-child{padding-left:0}.e-form__indicators__indicator:last-child{padding-right:0}.e-form__indicators__indicator--state-inactive{color:var(--e-form-steps-indicator-inactive-primary-color,#c2cbd2)}.e-form__indicators__indicator--state-inactive [class*=indicator--shape-]:not(.e-form__indicators__indicator--shape-none){background-color:var(--e-form-steps-indicator-inactive-secondary-color,#fff)}.e-form__indicators__indicator--state-inactive object,.e-form__indicators__indicator--state-inactive svg{fill:var(--e-form-steps-indicator-inactive-primary-color,#c2cbd2)}.e-form__indicators__indicator--state-active{color:var(--e-form-steps-indicator-active-primary-color,#39b54a);border-color:var(--e-form-steps-indicator-active-secondary-color,#fff)}.e-form__indicators__indicator--state-active [class*=indicator--shape-]:not(.e-form__indicators__indicator--shape-none){background-color:var(--e-form-steps-indicator-active-secondary-color,#fff)}.e-form__indicators__indicator--state-active object,.e-form__indicators__indicator--state-active svg{fill:var(--e-form-steps-indicator-active-primary-color,#39b54a)}.e-form__indicators__indicator--state-completed{color:var(--e-form-steps-indicator-completed-secondary-color,#fff)}.e-form__indicators__indicator--state-completed [class*=indicator--shape-]:not(.e-form__indicators__indicator--shape-none){background-color:var(--e-form-steps-indicator-completed-primary-color,#39b54a)}.e-form__indicators__indicator--state-completed .e-form__indicators__indicator__label{color:var(--e-form-steps-indicator-completed-primary-color,#39b54a)}.e-form__indicators__indicator--state-completed .e-form__indicators__indicator--shape-none{color:var(--e-form-steps-indicator-completed-primary-color,#39b54a);background-color:initial}.e-form__indicators__indicator--state-completed object,.e-form__indicators__indicator--state-completed svg{fill:var(--e-form-steps-indicator-completed-secondary-color,#fff)}.e-form__indicators__indicator__icon{width:var(--e-form-steps-indicator-padding,30px);height:var(--e-form-steps-indicator-padding,30px);font-size:var(--e-form-steps-indicator-icon-size);border-width:1px;border-style:solid;display:flex;justify-content:center;align-items:center;overflow:hidden;margin-bottom:10px}.e-form__indicators__indicator__icon img,.e-form__indicators__indicator__icon object,.e-form__indicators__indicator__icon svg{width:var(--e-form-steps-indicator-icon-size);height:auto}.e-form__indicators__indicator__icon .e-font-icon-svg{height:1em}.e-form__indicators__indicator__number{width:var(--e-form-steps-indicator-padding,30px);height:var(--e-form-steps-indicator-padding,30px);border-width:1px;border-style:solid;display:flex;justify-content:center;align-items:center;margin-bottom:10px}.e-form__indicators__indicator--shape-circle{border-radius:50%}.e-form__indicators__indicator--shape-square{border-radius:0}.e-form__indicators__indicator--shape-rounded{border-radius:5px}.e-form__indicators__indicator--shape-none{border:0}.e-form__indicators__indicator__label{text-align:center}.e-form__indicators__indicator__separator{width:100%;height:var(--e-form-steps-divider-width);background-color:#babfc5}.e-form__indicators--type-icon,.e-form__indicators--type-icon_text,.e-form__indicators--type-number,.e-form__indicators--type-number_text{align-items:flex-start}.e-form__indicators--type-icon .e-form__indicators__indicator__separator,.e-form__indicators--type-icon_text .e-form__indicators__indicator__separator,.e-form__indicators--type-number .e-form__indicators__indicator__separator,.e-form__indicators--type-number_text .e-form__indicators__indicator__separator{margin-top:calc(var(--e-form-steps-indicator-padding, 30px) \/ 2 - var(--e-form-steps-divider-width, 1px) \/ 2)}.elementor-field-type-hidden{display:none}.elementor-field-type-html{display:inline-block}.elementor-field-type-tel input{direction:inherit}.elementor-login .elementor-lost-password,.elementor-login .elementor-remember-me{font-size:.85em}.elementor-field-type-recaptcha_v3 .elementor-field-label{display:none}.elementor-field-type-recaptcha_v3 .grecaptcha-badge{z-index:1}.elementor-button .elementor-form-spinner{order:3}.elementor-form .elementor-button>span{display:flex;justify-content:center;align-items:center}.elementor-form .elementor-button .elementor-button-text{white-space:normal;flex-grow:0}.elementor-form .elementor-button svg{height:auto}.elementor-form .elementor-button .e-font-icon-svg{height:1em}.elementor-select-wrapper .select-caret-down-wrapper{position:absolute;top:50%;transform:translateY(-50%);inset-inline-end:10px;pointer-events:none;font-size:11px}.elementor-select-wrapper .select-caret-down-wrapper svg{display:unset;width:1em;aspect-ratio:unset;fill:currentColor}.elementor-select-wrapper .select-caret-down-wrapper i{font-size:19px;line-height:2}.elementor-select-wrapper.remove-before:before{content:\"\"!important}<\/style>\t\t<form class=\"elementor-form\" method=\"post\" name=\"Nieuw formulier\" action=\"\">\n\t\t\t<input type=\"hidden\" name=\"post_id\" value=\"7092\"\/>\n\t\t\t<input type=\"hidden\" name=\"form_id\" value=\"170bf09\"\/>\n\t\t\t<input type=\"hidden\" name=\"referer_title\" value=\"\" \/>\n\n\t\t\t\n\t\t\t<div class=\"elementor-form-fields-wrapper elementor-labels-above\">\n\t\t\t\t\t\t\t\t<div class=\"elementor-field-type-text elementor-field-group elementor-column elementor-field-group-name elementor-repeater-item-a0af6ce elementor-col-100 elementor-field-required elementor-mark-required\">\n\t\t\t\t\t\t\t\t\t\t\t\t<label for=\"form-field-name\" class=\"elementor-field-label\">\n\t\t\t\t\t\t\t\tVornamen\t\t\t\t\t\t\t<\/label>\n\t\t\t\t\t\t\t\t\t\t\t\t\t\t<input size=\"1\" type=\"text\" name=\"form_fields[name]\" id=\"form-field-name\" class=\"elementor-field elementor-size-sm  elementor-field-textual\" required=\"required\" aria-required=\"true\">\n\t\t\t\t\t\t\t\t\t\t\t<\/div>\n\t\t\t\t\t\t\t\t<div class=\"elementor-field-type-text elementor-field-group elementor-column elementor-field-group-field_9ccb25a elementor-repeater-item-9ccb25a elementor-col-100 elementor-field-required elementor-mark-required\">\n\t\t\t\t\t\t\t\t\t\t\t\t<label for=\"form-field-field_9ccb25a\" class=\"elementor-field-label\">\n\t\t\t\t\t\t\t\tNachname\t\t\t\t\t\t\t<\/label>\n\t\t\t\t\t\t\t\t\t\t\t\t\t\t<input size=\"1\" type=\"text\" name=\"form_fields[field_9ccb25a]\" id=\"form-field-field_9ccb25a\" class=\"elementor-field elementor-size-sm  elementor-field-textual\" required=\"required\" aria-required=\"true\">\n\t\t\t\t\t\t\t\t\t\t\t<\/div>\n\t\t\t\t\t\t\t\t<div class=\"elementor-field-type-email elementor-field-group elementor-column elementor-field-group-email elementor-repeater-item-1c77158 elementor-col-100 elementor-field-required elementor-mark-required\">\n\t\t\t\t\t\t\t\t\t\t\t\t<label for=\"form-field-email\" class=\"elementor-field-label\">\n\t\t\t\t\t\t\t\tE-Mail\t\t\t\t\t\t\t<\/label>\n\t\t\t\t\t\t\t\t\t\t\t\t\t\t<input size=\"1\" type=\"email\" name=\"form_fields[email]\" id=\"form-field-email\" class=\"elementor-field elementor-size-sm  elementor-field-textual\" required=\"required\" aria-required=\"true\">\n\t\t\t\t\t\t\t\t\t\t\t<\/div>\n\t\t\t\t\t\t\t\t<div class=\"elementor-field-type-number elementor-field-group elementor-column elementor-field-group-message elementor-repeater-item-106ceb5 elementor-col-100 elementor-field-required elementor-mark-required\">\n\t\t\t\t\t\t\t\t\t\t\t\t<label for=\"form-field-message\" class=\"elementor-field-label\">\n\t\t\t\t\t\t\t\tRufnummer\t\t\t\t\t\t\t<\/label>\n\t\t\t\t\t\t\t\t\t<input type=\"number\" name=\"form_fields[message]\" id=\"form-field-message\" class=\"elementor-field elementor-size-sm  elementor-field-textual\" required=\"required\" aria-required=\"true\" min=\"\" max=\"\" >\n\t\t\t\t\t\t<\/div>\n\t\t\t\t\t\t\t\t<div class=\"elementor-field-type-text elementor-field-group elementor-column elementor-field-group-field_dfaf7f1 elementor-repeater-item-dfaf7f1 elementor-col-100 elementor-field-required elementor-mark-required\">\n\t\t\t\t\t\t\t\t\t\t\t\t<label for=\"form-field-field_dfaf7f1\" class=\"elementor-field-label\">\n\t\t\t\t\t\t\t\tAufenthalt\t\t\t\t\t\t\t<\/label>\n\t\t\t\t\t\t\t\t\t\t\t\t\t\t<input size=\"1\" type=\"text\" name=\"form_fields[field_dfaf7f1]\" id=\"form-field-field_dfaf7f1\" class=\"elementor-field elementor-size-sm  elementor-field-textual\" required=\"required\" aria-required=\"true\">\n\t\t\t\t\t\t\t\t\t\t\t<\/div>\n\t\t\t\t\t\t\t\t<div class=\"elementor-field-type-textarea elementor-field-group elementor-column elementor-field-group-field_1db081d elementor-repeater-item-1db081d elementor-col-100 elementor-field-required elementor-mark-required\">\n\t\t\t\t\t\t\t\t\t\t\t\t<label for=\"form-field-field_1db081d\" class=\"elementor-field-label\">\n\t\t\t\t\t\t\t\tMotivation\t\t\t\t\t\t\t<\/label>\n\t\t\t\t\t\t<textarea class=\"elementor-field-textual elementor-field  elementor-size-sm\" name=\"form_fields[field_1db081d]\" id=\"form-field-field_1db081d\" rows=\"7\" required=\"required\" aria-required=\"true\"><\/textarea>\t\t\t\t<\/div>\n\t\t\t\t\t\t\t\t<div class=\"elementor-field-type-upload elementor-field-group elementor-column elementor-field-group-field_875b7c9 elementor-repeater-item-875b7c9 elementor-col-100 elementor-field-required elementor-mark-required\">\n\t\t\t\t\t\t\t\t\t\t\t\t<label for=\"form-field-field_875b7c9\" class=\"elementor-field-label\">\n\t\t\t\t\t\t\t\tCV\t\t\t\t\t\t\t<\/label>\n\t\t\t\t\t\t\t\t<input type=\"file\" name=\"form_fields[field_875b7c9][]\" id=\"form-field-field_875b7c9\" class=\"elementor-field elementor-size-sm  elementor-upload-field\" required=\"required\" aria-required=\"true\" multiple=\"multiple\">\n\n\t\t\t\t\t\t<\/div>\n\t\t\t\t\t\t\t\t<div class=\"elementor-field-group elementor-column elementor-field-type-submit elementor-col-100 e-form__buttons\">\n\t\t\t\t\t<button type=\"submit\" class=\"elementor-button elementor-size-sm\">\n\t\t\t\t\t\t<span >\n\t\t\t\t\t\t\t\t\t\t\t\t\t\t\t<span class=\"elementor-button-icon\">\n\t\t\t\t\t\t\t\t\t\t\t\t\t\t\t\t\t\t\t\t\t\t\t\t\t\t<\/span>\n\t\t\t\t\t\t\t\t\t\t\t\t\t\t\t\t\t\t\t\t\t\t<span class=\"elementor-button-text\">Sofort bewerben!<\/span>\n\t\t\t\t\t\t\t\t\t\t\t\t\t<\/span>\n\t\t\t\t\t<\/button>\n\t\t\t\t<\/div>\n\t\t\t<\/div>\n\t\t<input type=\"hidden\" name=\"trp-form-language\" value=\"de\"\/><\/form>\n\t\t\t\t<\/div>\n\t\t\t\t<\/div>\n\t\t\t\t\t<\/div>\n\t\t\t\t<\/div>\n\t\t\t\t\t<\/div>\n\t\t\t\t<\/div>\n\t\t\t\t<\/div>","protected":false},"excerpt":{"rendered":"<p>Allround Event Upholsterer Stellenangebot Was werden Sie tun? Haben Sie Lust auf einen Job, bei dem Sie jeden Tag an einzigartigen Veranstaltungsorten arbeiten und Teil eines freundlichen und informellen Teams sind? Erfahrung, Alter und Ausbildung sind nicht so wichtig, aber eine gute Mentalit\u00e4t und Engagement schon. Sind Sie motiviert und m\u00f6chten Sie die Eventwelt hautnah erleben [...]<\/p>","protected":false},"author":1,"featured_media":0,"parent":7062,"menu_order":0,"comment_status":"closed","ping_status":"closed","template":"elementor_header_footer","meta":{"_joinchat":[],"footnotes":""},"class_list":["post-7092","page","type-page","status-publish","hentry"],"_links":{"self":[{"href":"https:\/\/dutcheventcarpets.nl\/de\/wp-json\/wp\/v2\/pages\/7092","targetHints":{"allow":["GET"]}}],"collection":[{"href":"https:\/\/dutcheventcarpets.nl\/de\/wp-json\/wp\/v2\/pages"}],"about":[{"href":"https:\/\/dutcheventcarpets.nl\/de\/wp-json\/wp\/v2\/types\/page"}],"author":[{"embeddable":true,"href":"https:\/\/dutcheventcarpets.nl\/de\/wp-json\/wp\/v2\/users\/1"}],"replies":[{"embeddable":true,"href":"https:\/\/dutcheventcarpets.nl\/de\/wp-json\/wp\/v2\/comments?post=7092"}],"version-history":[{"count":25,"href":"https:\/\/dutcheventcarpets.nl\/de\/wp-json\/wp\/v2\/pages\/7092\/revisions"}],"predecessor-version":[{"id":7269,"href":"https:\/\/dutcheventcarpets.nl\/de\/wp-json\/wp\/v2\/pages\/7092\/revisions\/7269"}],"up":[{"embeddable":true,"href":"https:\/\/dutcheventcarpets.nl\/de\/wp-json\/wp\/v2\/pages\/7062"}],"wp:attachment":[{"href":"https:\/\/dutcheventcarpets.nl\/de\/wp-json\/wp\/v2\/media?parent=7092"}],"curies":[{"name":"wp","href":"https:\/\/api.w.org\/{rel}","templated":true}]}}