{"id":1373,"date":"2023-03-23T11:09:08","date_gmt":"2023-03-23T10:09:08","guid":{"rendered":"https:\/\/dutcheventcarpets.nl\/?post_type=product&#038;p=1373"},"modified":"2023-10-24T14:21:25","modified_gmt":"2023-10-24T13:21:25","slug":"salsa-pomme-1967","status":"publish","type":"product","link":"https:\/\/dutcheventcarpets.nl\/de\/salsa-pomme-1967\/","title":{"rendered":"Salsa pomme 1967"},"content":{"rendered":"<p>Salsa ist unsere meistverkaufte Veloursqualit\u00e4t. Salsa hat einen Gelr\u00fccken, der ihn sehr stark und schwer macht, was ihn perfekt f\u00fcr den Einsatz im Freien macht. Au\u00dferdem kann Salsa im Sto\u00df verlegt werden, wodurch ein ganzer Teppich entsteht. Perfekt f\u00fcr Ihren Messestand, Ihre Veranstaltung, Ausstellung oder Ihren Kongress.<\/p>\n<p>Brandschutz-Zertifikat: CFL-S1<\/p>","protected":false},"excerpt":{"rendered":"<p>Salsa ist unsere meistverkaufte Veloursqualit\u00e4t. Salsa hat eine Gel-R\u00fcckseite, die es sehr robust und schwer Teppich macht. Salsa eignet sich perfekt zum Verlegen auf St\u00e4nden, B\u00fchnen oder als L\u00e4ufer. Au\u00dferdem wird Salsa im Sto\u00df verlegt, so dass ein einziger, ganzer Teppich entsteht.<\/p>\n<p>25 x 2 M<\/p>","protected":false},"featured_media":1403,"comment_status":"open","ping_status":"closed","template":"","meta":{"_joinchat":[]},"product_cat":[93,22],"product_tag":[],"class_list":["post-1373","product","type-product","status-publish","has-post-thumbnail","hentry","product_cat-salsa","product_cat-groene-lopers"],"_links":{"self":[{"href":"https:\/\/dutcheventcarpets.nl\/de\/wp-json\/wp\/v2\/product\/1373","targetHints":{"allow":["GET"]}}],"collection":[{"href":"https:\/\/dutcheventcarpets.nl\/de\/wp-json\/wp\/v2\/product"}],"about":[{"href":"https:\/\/dutcheventcarpets.nl\/de\/wp-json\/wp\/v2\/types\/product"}],"replies":[{"embeddable":true,"href":"https:\/\/dutcheventcarpets.nl\/de\/wp-json\/wp\/v2\/comments?post=1373"}],"wp:featuredmedia":[{"embeddable":true,"href":"https:\/\/dutcheventcarpets.nl\/de\/wp-json\/wp\/v2\/media\/1403"}],"wp:attachment":[{"href":"https:\/\/dutcheventcarpets.nl\/de\/wp-json\/wp\/v2\/media?parent=1373"}],"wp:term":[{"taxonomy":"product_cat","embeddable":true,"href":"https:\/\/dutcheventcarpets.nl\/de\/wp-json\/wp\/v2\/product_cat?post=1373"},{"taxonomy":"product_tag","embeddable":true,"href":"https:\/\/dutcheventcarpets.nl\/de\/wp-json\/wp\/v2\/product_tag?post=1373"}],"curies":[{"name":"wp","href":"https:\/\/api.w.org\/{rel}","templated":true}]}}