{"id":1515,"date":"2023-03-23T11:12:24","date_gmt":"2023-03-23T10:12:24","guid":{"rendered":"https:\/\/dutcheventcarpets.nl\/?post_type=product&#038;p=1515"},"modified":"2023-08-16T15:27:14","modified_gmt":"2023-08-16T14:27:14","slug":"las-vegas-purple-4717","status":"publish","type":"product","link":"https:\/\/dutcheventcarpets.nl\/de\/las-vegas-purple-4717\/","title":{"rendered":"Las Vegas lila 4717"},"content":{"rendered":"","protected":false},"excerpt":{"rendered":"<p>Las Vegas ist eine Hochflor-\/Veloursqualit\u00e4t, die nicht nur das richtige Aussehen, sondern auch das echte Teppichgef\u00fchl vermittelt. Diese schwerere Qualit\u00e4t ist perfekt f\u00fcr Ihren Messestand, Ihre Veranstaltung oder Ausstellung. Las Vegas wird auch sto\u00dfweise verlegt, was zu einer zusammenh\u00e4ngenden Einheit f\u00fchrt. Brandschutz-Zertifikat: CFL-S1<\/p>","protected":false},"featured_media":1545,"comment_status":"open","ping_status":"closed","template":"","meta":{"_joinchat":[]},"product_cat":[94],"product_tag":[],"class_list":["post-1515","product","type-product","status-publish","has-post-thumbnail","hentry","product_cat-las-vegas"],"_links":{"self":[{"href":"https:\/\/dutcheventcarpets.nl\/de\/wp-json\/wp\/v2\/product\/1515","targetHints":{"allow":["GET"]}}],"collection":[{"href":"https:\/\/dutcheventcarpets.nl\/de\/wp-json\/wp\/v2\/product"}],"about":[{"href":"https:\/\/dutcheventcarpets.nl\/de\/wp-json\/wp\/v2\/types\/product"}],"replies":[{"embeddable":true,"href":"https:\/\/dutcheventcarpets.nl\/de\/wp-json\/wp\/v2\/comments?post=1515"}],"wp:featuredmedia":[{"embeddable":true,"href":"https:\/\/dutcheventcarpets.nl\/de\/wp-json\/wp\/v2\/media\/1545"}],"wp:attachment":[{"href":"https:\/\/dutcheventcarpets.nl\/de\/wp-json\/wp\/v2\/media?parent=1515"}],"wp:term":[{"taxonomy":"product_cat","embeddable":true,"href":"https:\/\/dutcheventcarpets.nl\/de\/wp-json\/wp\/v2\/product_cat?post=1515"},{"taxonomy":"product_tag","embeddable":true,"href":"https:\/\/dutcheventcarpets.nl\/de\/wp-json\/wp\/v2\/product_tag?post=1515"}],"curies":[{"name":"wp","href":"https:\/\/api.w.org\/{rel}","templated":true}]}}