{"id":1591,"date":"2023-03-23T11:14:24","date_gmt":"2023-03-23T10:14:24","guid":{"rendered":"https:\/\/dutcheventcarpets.nl\/?post_type=product&#038;p=1591"},"modified":"2023-05-11T11:58:22","modified_gmt":"2023-05-11T10:58:22","slug":"revexpo-pamplemousse-1360","status":"publish","type":"product","link":"https:\/\/dutcheventcarpets.nl\/de\/revexpo-pamplemousse-1360\/","title":{"rendered":"Revexpo pamplemousse 1360"},"content":{"rendered":"","protected":false},"excerpt":{"rendered":"<p>Rev Expo ist eine Veloursqualit\u00e4t mit einer Harzr\u00fcckseite, wodurch die Qualit\u00e4t leicht und einfach zu verarbeiten ist. Perfekt f\u00fcr den Innenbereich, f\u00fcr Veranstaltungen, Messest\u00e4nde, Sporthallen und Ausstellungen.<\/p>\n<p>Brandschutz-Zertifikat: CFL-S1<\/p>","protected":false},"featured_media":1621,"comment_status":"open","ping_status":"closed","template":"","meta":{"_joinchat":[]},"product_cat":[95],"product_tag":[],"class_list":["post-1591","product","type-product","status-publish","has-post-thumbnail","hentry","product_cat-rev-expo"],"_links":{"self":[{"href":"https:\/\/dutcheventcarpets.nl\/de\/wp-json\/wp\/v2\/product\/1591","targetHints":{"allow":["GET"]}}],"collection":[{"href":"https:\/\/dutcheventcarpets.nl\/de\/wp-json\/wp\/v2\/product"}],"about":[{"href":"https:\/\/dutcheventcarpets.nl\/de\/wp-json\/wp\/v2\/types\/product"}],"replies":[{"embeddable":true,"href":"https:\/\/dutcheventcarpets.nl\/de\/wp-json\/wp\/v2\/comments?post=1591"}],"wp:featuredmedia":[{"embeddable":true,"href":"https:\/\/dutcheventcarpets.nl\/de\/wp-json\/wp\/v2\/media\/1621"}],"wp:attachment":[{"href":"https:\/\/dutcheventcarpets.nl\/de\/wp-json\/wp\/v2\/media?parent=1591"}],"wp:term":[{"taxonomy":"product_cat","embeddable":true,"href":"https:\/\/dutcheventcarpets.nl\/de\/wp-json\/wp\/v2\/product_cat?post=1591"},{"taxonomy":"product_tag","embeddable":true,"href":"https:\/\/dutcheventcarpets.nl\/de\/wp-json\/wp\/v2\/product_tag?post=1591"}],"curies":[{"name":"wp","href":"https:\/\/api.w.org\/{rel}","templated":true}]}}