{"id":1705,"date":"2023-03-29T09:27:21","date_gmt":"2023-03-29T08:27:21","guid":{"rendered":"https:\/\/dutcheventcarpets.nl\/?post_type=product&#038;p=1705"},"modified":"2023-08-16T15:32:14","modified_gmt":"2023-08-16T14:32:14","slug":"expoglitter-silver-0915","status":"publish","type":"product","link":"https:\/\/dutcheventcarpets.nl\/de\/expoglitter-silbern-0915\/","title":{"rendered":"Expoglitter silber 0915"},"content":{"rendered":"","protected":false},"excerpt":{"rendered":"<p>Expoglitter ist der perfekte Weg, um Ihrer Veranstaltung Glanz und Glamour zu verleihen. Diese Qualit\u00e4t hat eine Harzunterlage und ist sehr leicht zu verarbeiten. Erh\u00e4ltlich in 10 Farben. Perfekt f\u00fcr Veranstaltungen, Ausstellungen, Konferenzen oder als L\u00e4ufer. Brandschutz-Zertifikat: BFL-S1<\/p>","protected":false},"featured_media":1725,"comment_status":"open","ping_status":"closed","template":"","meta":{"_joinchat":[]},"product_cat":[100],"product_tag":[],"class_list":["post-1705","product","type-product","status-publish","has-post-thumbnail","hentry","product_cat-glitter"],"_links":{"self":[{"href":"https:\/\/dutcheventcarpets.nl\/de\/wp-json\/wp\/v2\/product\/1705","targetHints":{"allow":["GET"]}}],"collection":[{"href":"https:\/\/dutcheventcarpets.nl\/de\/wp-json\/wp\/v2\/product"}],"about":[{"href":"https:\/\/dutcheventcarpets.nl\/de\/wp-json\/wp\/v2\/types\/product"}],"replies":[{"embeddable":true,"href":"https:\/\/dutcheventcarpets.nl\/de\/wp-json\/wp\/v2\/comments?post=1705"}],"wp:featuredmedia":[{"embeddable":true,"href":"https:\/\/dutcheventcarpets.nl\/de\/wp-json\/wp\/v2\/media\/1725"}],"wp:attachment":[{"href":"https:\/\/dutcheventcarpets.nl\/de\/wp-json\/wp\/v2\/media?parent=1705"}],"wp:term":[{"taxonomy":"product_cat","embeddable":true,"href":"https:\/\/dutcheventcarpets.nl\/de\/wp-json\/wp\/v2\/product_cat?post=1705"},{"taxonomy":"product_tag","embeddable":true,"href":"https:\/\/dutcheventcarpets.nl\/de\/wp-json\/wp\/v2\/product_tag?post=1705"}],"curies":[{"name":"wp","href":"https:\/\/api.w.org\/{rel}","templated":true}]}}