{"id":2066,"date":"2023-04-06T10:30:54","date_gmt":"2023-04-06T09:30:54","guid":{"rendered":"https:\/\/dutcheventcarpets.nl\/?post_type=product&#038;p=2066"},"modified":"2023-08-16T15:29:26","modified_gmt":"2023-08-16T14:29:26","slug":"rimini-784","status":"publish","type":"product","link":"https:\/\/dutcheventcarpets.nl\/de\/rimini-784\/","title":{"rendered":"Rimini 784"},"content":{"rendered":"","protected":false},"excerpt":{"rendered":"<p>Rimini ist ein wundersch\u00f6ner gl\u00e4nzender und weicher Teppich. Er verleiht Ihrer Veranstaltung ein luxuri\u00f6ses Aussehen. Die unifarbene Komposition eignet sich perfekt f\u00fcr einen modernen und minimalistischen Stil. Die trendige Farbpalette umfasst leuchtende Farben wie Goldgelb und Terra-Orange, aber auch ruhige Naturt\u00f6ne. Wer sich die Natur ins Haus holen m\u00f6chte, kann Farben wie Camel und Blue Ocean wunderbar einsetzen.<\/p>","protected":false},"featured_media":2067,"comment_status":"open","ping_status":"closed","template":"","meta":{"_joinchat":[]},"product_cat":[78,79],"product_tag":[],"class_list":["post-2066","product","type-product","status-publish","has-post-thumbnail","hentry","product_cat-hoogpolig","product_cat-rimini","pa_kleur-zwart"],"_links":{"self":[{"href":"https:\/\/dutcheventcarpets.nl\/de\/wp-json\/wp\/v2\/product\/2066","targetHints":{"allow":["GET"]}}],"collection":[{"href":"https:\/\/dutcheventcarpets.nl\/de\/wp-json\/wp\/v2\/product"}],"about":[{"href":"https:\/\/dutcheventcarpets.nl\/de\/wp-json\/wp\/v2\/types\/product"}],"replies":[{"embeddable":true,"href":"https:\/\/dutcheventcarpets.nl\/de\/wp-json\/wp\/v2\/comments?post=2066"}],"wp:featuredmedia":[{"embeddable":true,"href":"https:\/\/dutcheventcarpets.nl\/de\/wp-json\/wp\/v2\/media\/2067"}],"wp:attachment":[{"href":"https:\/\/dutcheventcarpets.nl\/de\/wp-json\/wp\/v2\/media?parent=2066"}],"wp:term":[{"taxonomy":"product_cat","embeddable":true,"href":"https:\/\/dutcheventcarpets.nl\/de\/wp-json\/wp\/v2\/product_cat?post=2066"},{"taxonomy":"product_tag","embeddable":true,"href":"https:\/\/dutcheventcarpets.nl\/de\/wp-json\/wp\/v2\/product_tag?post=2066"}],"curies":[{"name":"wp","href":"https:\/\/api.w.org\/{rel}","templated":true}]}}