{"id":2113,"date":"2023-04-06T11:08:24","date_gmt":"2023-04-06T10:08:24","guid":{"rendered":"https:\/\/dutcheventcarpets.nl\/?post_type=product&#038;p=2113"},"modified":"2025-11-11T11:51:34","modified_gmt":"2025-11-11T10:51:34","slug":"ravenna-511","status":"publish","type":"product","link":"https:\/\/dutcheventcarpets.nl\/de\/ravenna-513\/","title":{"rendered":"Ravenna 511"},"content":{"rendered":"","protected":false},"excerpt":{"rendered":"<p>Ravenna wird nachhaltig produziert und aus Solution Dyed PES Ultra Soft Garnen hergestellt.<\/p>\n<p>Mit der breiten Farbpalette in 12 verschiedenen energiegeladenen bis neutralen Farben lassen sich verschiedene Stimmungen erzeugen. \u00dcppig und warm mit mediterranem Rot oder w\u00e4hlen Sie das stilvoll geheimnisvolle Violett\/Lila, eine Farbe, die sich erstaunlich gut mit vielen Materialien kombinieren l\u00e4sst und je nach Einrichtungsstil und verwendeten Farbkombinationen Akzente setzt oder sich wunderbar einf\u00fcgt. Farben, die einen Raum aufhellen, bis hin zu nat\u00fcrlichen T\u00f6nen, die ein harmonisches und ruhiges Ganzes schaffen.<\/p>","protected":false},"featured_media":7295,"comment_status":"open","ping_status":"closed","template":"","meta":{"_joinchat":[]},"product_cat":[78,80],"product_tag":[],"class_list":["post-2113","product","type-product","status-publish","has-post-thumbnail","hentry","product_cat-hoogpolig","product_cat-ravenna","pa_kleur-zwart"],"_links":{"self":[{"href":"https:\/\/dutcheventcarpets.nl\/de\/wp-json\/wp\/v2\/product\/2113","targetHints":{"allow":["GET"]}}],"collection":[{"href":"https:\/\/dutcheventcarpets.nl\/de\/wp-json\/wp\/v2\/product"}],"about":[{"href":"https:\/\/dutcheventcarpets.nl\/de\/wp-json\/wp\/v2\/types\/product"}],"replies":[{"embeddable":true,"href":"https:\/\/dutcheventcarpets.nl\/de\/wp-json\/wp\/v2\/comments?post=2113"}],"wp:featuredmedia":[{"embeddable":true,"href":"https:\/\/dutcheventcarpets.nl\/de\/wp-json\/wp\/v2\/media\/7295"}],"wp:attachment":[{"href":"https:\/\/dutcheventcarpets.nl\/de\/wp-json\/wp\/v2\/media?parent=2113"}],"wp:term":[{"taxonomy":"product_cat","embeddable":true,"href":"https:\/\/dutcheventcarpets.nl\/de\/wp-json\/wp\/v2\/product_cat?post=2113"},{"taxonomy":"product_tag","embeddable":true,"href":"https:\/\/dutcheventcarpets.nl\/de\/wp-json\/wp\/v2\/product_tag?post=2113"}],"curies":[{"name":"wp","href":"https:\/\/api.w.org\/{rel}","templated":true}]}}