{"id":2134,"date":"2023-04-06T11:15:06","date_gmt":"2023-04-06T10:15:06","guid":{"rendered":"https:\/\/dutcheventcarpets.nl\/?post_type=product&#038;p=2134"},"modified":"2023-08-16T15:31:07","modified_gmt":"2023-08-16T14:31:07","slug":"lexus-464","status":"publish","type":"product","link":"https:\/\/dutcheventcarpets.nl\/de\/lexus-464\/","title":{"rendered":"Lexus 464"},"content":{"rendered":"","protected":false},"excerpt":{"rendered":"<p>Mit seinen au\u00dfergew\u00f6hnlich weichen, seidengl\u00e4nzenden Garnen sorgt unser Qualit\u00e4ts-Lexus f\u00fcr ein sehr luxuri\u00f6ses Erscheinungsbild bei Ihrer Veranstaltung. Die Qualit\u00e4t Lexus ist in einer sch\u00f6nen, modernen Farbpalette erh\u00e4ltlich. Die Unifarben sind subtil genug, um mit allen Elementen und Materialien Ihrer Veranstaltung kombiniert zu werden. Von k\u00fchlen Blaut\u00f6nen \u00fcber trendige Rosat\u00f6ne bis hin zu verschiedenen Naturt\u00f6nen, die einen neutralen Hintergrund bieten. Perfekt f\u00fcr eine Veranstaltung der gehobenen Klasse.<\/p>","protected":false},"featured_media":2123,"comment_status":"open","ping_status":"closed","template":"","meta":{"_joinchat":[]},"product_cat":[78,81],"product_tag":[],"class_list":["post-2134","product","type-product","status-publish","has-post-thumbnail","hentry","product_cat-hoogpolig","product_cat-lexus","pa_kleur-zwart"],"_links":{"self":[{"href":"https:\/\/dutcheventcarpets.nl\/de\/wp-json\/wp\/v2\/product\/2134","targetHints":{"allow":["GET"]}}],"collection":[{"href":"https:\/\/dutcheventcarpets.nl\/de\/wp-json\/wp\/v2\/product"}],"about":[{"href":"https:\/\/dutcheventcarpets.nl\/de\/wp-json\/wp\/v2\/types\/product"}],"replies":[{"embeddable":true,"href":"https:\/\/dutcheventcarpets.nl\/de\/wp-json\/wp\/v2\/comments?post=2134"}],"wp:featuredmedia":[{"embeddable":true,"href":"https:\/\/dutcheventcarpets.nl\/de\/wp-json\/wp\/v2\/media\/2123"}],"wp:attachment":[{"href":"https:\/\/dutcheventcarpets.nl\/de\/wp-json\/wp\/v2\/media?parent=2134"}],"wp:term":[{"taxonomy":"product_cat","embeddable":true,"href":"https:\/\/dutcheventcarpets.nl\/de\/wp-json\/wp\/v2\/product_cat?post=2134"},{"taxonomy":"product_tag","embeddable":true,"href":"https:\/\/dutcheventcarpets.nl\/de\/wp-json\/wp\/v2\/product_tag?post=2134"}],"curies":[{"name":"wp","href":"https:\/\/api.w.org\/{rel}","templated":true}]}}