{"id":2152,"date":"2023-04-06T11:25:30","date_gmt":"2023-04-06T10:25:30","guid":{"rendered":"https:\/\/dutcheventcarpets.nl\/?post_type=product&#038;p=2152"},"modified":"2023-04-06T11:25:53","modified_gmt":"2023-04-06T10:25:53","slug":"excellence-820","status":"publish","type":"product","link":"https:\/\/dutcheventcarpets.nl\/de\/exzellenz-820\/","title":{"rendered":"Exzellenz 820"},"content":{"rendered":"","protected":false},"excerpt":{"rendered":"<p>Excellence ist ein au\u00dfergew\u00f6hnlich luxuri\u00f6ser und weicher Hochflorteppich. Excellence hat eine Florh\u00f6he von \u00fcber 18 mm und ein Gewicht von nicht weniger als 2850 g\/m2.<\/p>\n<p>Excellence ist in einer wundersch\u00f6nen, stilvollen Farbpalette mit trendigen Seident\u00f6nen wie Goldgelb, Kamel und Moosgr\u00fcn sowie vielen eleganten Naturt\u00f6nen erh\u00e4ltlich. Dieser zweifarbige Ton-Sur-Ton-Bodenbelag ist wundersch\u00f6n tief in der Farbe und hat ein sehr lebendiges Aussehen, da er das Licht auf stimmungsvolle Weise reflektiert.<\/p>","protected":false},"featured_media":2141,"comment_status":"open","ping_status":"closed","template":"","meta":{"_joinchat":[]},"product_cat":[78,82],"product_tag":[158],"class_list":["post-2152","product","type-product","status-publish","has-post-thumbnail","hentry","product_cat-hoogpolig","product_cat-excellence","product_tag-excellence","pa_kleur-zwart"],"_links":{"self":[{"href":"https:\/\/dutcheventcarpets.nl\/de\/wp-json\/wp\/v2\/product\/2152","targetHints":{"allow":["GET"]}}],"collection":[{"href":"https:\/\/dutcheventcarpets.nl\/de\/wp-json\/wp\/v2\/product"}],"about":[{"href":"https:\/\/dutcheventcarpets.nl\/de\/wp-json\/wp\/v2\/types\/product"}],"replies":[{"embeddable":true,"href":"https:\/\/dutcheventcarpets.nl\/de\/wp-json\/wp\/v2\/comments?post=2152"}],"wp:featuredmedia":[{"embeddable":true,"href":"https:\/\/dutcheventcarpets.nl\/de\/wp-json\/wp\/v2\/media\/2141"}],"wp:attachment":[{"href":"https:\/\/dutcheventcarpets.nl\/de\/wp-json\/wp\/v2\/media?parent=2152"}],"wp:term":[{"taxonomy":"product_cat","embeddable":true,"href":"https:\/\/dutcheventcarpets.nl\/de\/wp-json\/wp\/v2\/product_cat?post=2152"},{"taxonomy":"product_tag","embeddable":true,"href":"https:\/\/dutcheventcarpets.nl\/de\/wp-json\/wp\/v2\/product_tag?post=2152"}],"curies":[{"name":"wp","href":"https:\/\/api.w.org\/{rel}","templated":true}]}}