{"id":2712,"date":"2023-04-13T14:42:14","date_gmt":"2023-04-13T13:42:14","guid":{"rendered":"https:\/\/dutcheventcarpets.nl\/?post_type=product&#038;p=2712"},"modified":"2023-05-11T12:12:33","modified_gmt":"2023-05-11T11:12:33","slug":"dutch-cement-bt-609","status":"publish","type":"product","link":"https:\/\/dutcheventcarpets.nl\/de\/hollandischer-zement-bt-609\/","title":{"rendered":"Niederl\u00e4ndischer Zement BT 609"},"content":{"rendered":"","protected":false},"excerpt":{"rendered":"<p>Die allerneuesten Trendprognosen zeigen, dass glatte, ungeschliffene B\u00f6den der Trend der Stunde sind. Mit Dutch Cement BT reagieren Sie auf diesen Trend, indem Sie dieser neuen PVC-Vinyl-Qualit\u00e4t das Gef\u00fchl eines rauen Betonbodens auf h\u00f6chstem Niveau verleihen! Dutch Cement BT verleiht jedem Raum im Handumdrehen einen industriellen Charakter. Die spezielle schwarze R\u00fcckseite verleiht dem Vinyl eine ganze Reihe hervorragender Eigenschaften und viele Verlegevorteile.<\/p>","protected":false},"featured_media":2713,"comment_status":"open","ping_status":"closed","template":"","meta":{"_joinchat":[]},"product_cat":[160,157,143],"product_tag":[],"class_list":["post-2712","product","type-product","status-publish","has-post-thumbnail","hentry","product_cat-dutch-cement-bt","product_cat-vinyl","product_cat-betonlook"],"_links":{"self":[{"href":"https:\/\/dutcheventcarpets.nl\/de\/wp-json\/wp\/v2\/product\/2712","targetHints":{"allow":["GET"]}}],"collection":[{"href":"https:\/\/dutcheventcarpets.nl\/de\/wp-json\/wp\/v2\/product"}],"about":[{"href":"https:\/\/dutcheventcarpets.nl\/de\/wp-json\/wp\/v2\/types\/product"}],"replies":[{"embeddable":true,"href":"https:\/\/dutcheventcarpets.nl\/de\/wp-json\/wp\/v2\/comments?post=2712"}],"wp:featuredmedia":[{"embeddable":true,"href":"https:\/\/dutcheventcarpets.nl\/de\/wp-json\/wp\/v2\/media\/2713"}],"wp:attachment":[{"href":"https:\/\/dutcheventcarpets.nl\/de\/wp-json\/wp\/v2\/media?parent=2712"}],"wp:term":[{"taxonomy":"product_cat","embeddable":true,"href":"https:\/\/dutcheventcarpets.nl\/de\/wp-json\/wp\/v2\/product_cat?post=2712"},{"taxonomy":"product_tag","embeddable":true,"href":"https:\/\/dutcheventcarpets.nl\/de\/wp-json\/wp\/v2\/product_tag?post=2712"}],"curies":[{"name":"wp","href":"https:\/\/api.w.org\/{rel}","templated":true}]}}