{"id":2747,"date":"2023-04-13T15:07:17","date_gmt":"2023-04-13T14:07:17","guid":{"rendered":"https:\/\/dutcheventcarpets.nl\/?post_type=product&#038;p=2747"},"modified":"2023-05-11T12:15:49","modified_gmt":"2023-05-11T11:15:49","slug":"dutch-marble-bt-327","status":"publish","type":"product","link":"https:\/\/dutcheventcarpets.nl\/de\/hollandischer-marmor-bt-327\/","title":{"rendered":"Holl\u00e4ndischer Marmor BT 327"},"content":{"rendered":"","protected":false},"excerpt":{"rendered":"<p>Sch\u00f6ner und unverwechselbarer \"ge\u00e4derter\" Marmor in f\u00fcnf brillanten Industriefarben!  Dutch Marble BT ist der PVC-Vinylboden, der die Eigenschaften von echtem Marmor auf h\u00f6chstem Niveau vereint. Dutch Marble BT ist sehr formstabil, u.a. dank des schwarzen Tr\u00e4gers, und l\u00e4sst sich dank dieses robusten Tr\u00e4gers und des Nivellierungseffekts schnell und einfach verlegen.<\/p>","protected":false},"featured_media":2748,"comment_status":"open","ping_status":"closed","template":"","meta":{"_joinchat":[]},"product_cat":[157,144,154],"product_tag":[],"class_list":["post-2747","product","type-product","status-publish","has-post-thumbnail","hentry","product_cat-vinyl","product_cat-natuursteen","product_cat-dutch-marble-bt"],"_links":{"self":[{"href":"https:\/\/dutcheventcarpets.nl\/de\/wp-json\/wp\/v2\/product\/2747","targetHints":{"allow":["GET"]}}],"collection":[{"href":"https:\/\/dutcheventcarpets.nl\/de\/wp-json\/wp\/v2\/product"}],"about":[{"href":"https:\/\/dutcheventcarpets.nl\/de\/wp-json\/wp\/v2\/types\/product"}],"replies":[{"embeddable":true,"href":"https:\/\/dutcheventcarpets.nl\/de\/wp-json\/wp\/v2\/comments?post=2747"}],"wp:featuredmedia":[{"embeddable":true,"href":"https:\/\/dutcheventcarpets.nl\/de\/wp-json\/wp\/v2\/media\/2748"}],"wp:attachment":[{"href":"https:\/\/dutcheventcarpets.nl\/de\/wp-json\/wp\/v2\/media?parent=2747"}],"wp:term":[{"taxonomy":"product_cat","embeddable":true,"href":"https:\/\/dutcheventcarpets.nl\/de\/wp-json\/wp\/v2\/product_cat?post=2747"},{"taxonomy":"product_tag","embeddable":true,"href":"https:\/\/dutcheventcarpets.nl\/de\/wp-json\/wp\/v2\/product_tag?post=2747"}],"curies":[{"name":"wp","href":"https:\/\/api.w.org\/{rel}","templated":true}]}}