{"id":2766,"date":"2023-04-13T15:16:48","date_gmt":"2023-04-13T14:16:48","guid":{"rendered":"https:\/\/dutcheventcarpets.nl\/?post_type=product&#038;p=2766"},"modified":"2023-05-11T12:17:03","modified_gmt":"2023-05-11T11:17:03","slug":"dutch-minerals-bt-782","status":"publish","type":"product","link":"https:\/\/dutcheventcarpets.nl\/de\/hollandische-mineralien-bt-782\/","title":{"rendered":"Niederl\u00e4ndische Mineralien BT 782"},"content":{"rendered":"","protected":false},"excerpt":{"rendered":"<p>Das Design von Dutch Minerals BT wurde mit \u00e4u\u00dferster Sorgfalt zusammengestellt, was zu einem sehr realistischen nat\u00fcrlichen Aussehen f\u00fchrt. Die subtil eingelegten Mineralien in dem Design schaffen eine verzeihende Oberfl\u00e4che zum Leben und\/oder Arbeiten. Staub, Flecken usw. 'fallen' auf der tonnenweise gemusterten Oberfl\u00e4che ab.<\/p>\n<p>Die Farbpalette von Dutch Minerals BT umfasst trendige, kr\u00e4ftige Farben wie 'Terra Copper', 'Ice Blue' und 'Happy Ochre' sowie wundersch\u00f6ne Naturt\u00f6ne. Farben, die einen Raum aufwerten und f\u00fcr einen kraftvollen Look und eine besondere Atmosph\u00e4re sorgen.<\/p>","protected":false},"featured_media":2767,"comment_status":"open","ping_status":"closed","template":"","meta":{"_joinchat":[]},"product_cat":[157,144,155],"product_tag":[],"class_list":["post-2766","product","type-product","status-publish","has-post-thumbnail","hentry","product_cat-vinyl","product_cat-natuursteen","product_cat-dutch-minerals-bt"],"_links":{"self":[{"href":"https:\/\/dutcheventcarpets.nl\/de\/wp-json\/wp\/v2\/product\/2766","targetHints":{"allow":["GET"]}}],"collection":[{"href":"https:\/\/dutcheventcarpets.nl\/de\/wp-json\/wp\/v2\/product"}],"about":[{"href":"https:\/\/dutcheventcarpets.nl\/de\/wp-json\/wp\/v2\/types\/product"}],"replies":[{"embeddable":true,"href":"https:\/\/dutcheventcarpets.nl\/de\/wp-json\/wp\/v2\/comments?post=2766"}],"wp:featuredmedia":[{"embeddable":true,"href":"https:\/\/dutcheventcarpets.nl\/de\/wp-json\/wp\/v2\/media\/2767"}],"wp:attachment":[{"href":"https:\/\/dutcheventcarpets.nl\/de\/wp-json\/wp\/v2\/media?parent=2766"}],"wp:term":[{"taxonomy":"product_cat","embeddable":true,"href":"https:\/\/dutcheventcarpets.nl\/de\/wp-json\/wp\/v2\/product_cat?post=2766"},{"taxonomy":"product_tag","embeddable":true,"href":"https:\/\/dutcheventcarpets.nl\/de\/wp-json\/wp\/v2\/product_tag?post=2766"}],"curies":[{"name":"wp","href":"https:\/\/api.w.org\/{rel}","templated":true}]}}