{"id":2785,"date":"2023-04-13T15:27:10","date_gmt":"2023-04-13T14:27:10","guid":{"rendered":"https:\/\/dutcheventcarpets.nl\/?post_type=product&#038;p=2785"},"modified":"2025-07-09T13:24:54","modified_gmt":"2025-07-09T12:24:54","slug":"dutch-special-wood-bt-520","status":"publish","type":"product","link":"https:\/\/dutcheventcarpets.nl\/de\/hollandisch-spezial-holz-bt-857\/","title":{"rendered":"Niederl\u00e4ndisches Spezialholz BT 520"},"content":{"rendered":"","protected":false},"excerpt":{"rendered":"<p>Ein auff\u00e4lliges Fischgr\u00e4tmuster und ein farblich abgestimmtes, elegantes Dielendesign. Die exklusive schwarze R\u00fcckenbeschichtung bietet hervorragende Eigenschaften f\u00fcr eine intensive Nutzung.<\/p>\n<p>Dutch Special Wood BT ist in 2 Designs erh\u00e4ltlich, beide in 3 sch\u00f6nen nat\u00fcrlichen Farben. W\u00e4hlen Sie eine hellere Farbe f\u00fcr einen ruhigen Look, eine dunklere Farbe f\u00fcr einen schickeren Look.<\/p>","protected":false},"featured_media":7203,"comment_status":"open","ping_status":"closed","template":"","meta":{"_joinchat":[]},"product_cat":[157,142,151],"product_tag":[],"class_list":["post-2785","product","type-product","status-publish","has-post-thumbnail","hentry","product_cat-vinyl","product_cat-houtlook","product_cat-dutch-special-wood-bt"],"_links":{"self":[{"href":"https:\/\/dutcheventcarpets.nl\/de\/wp-json\/wp\/v2\/product\/2785","targetHints":{"allow":["GET"]}}],"collection":[{"href":"https:\/\/dutcheventcarpets.nl\/de\/wp-json\/wp\/v2\/product"}],"about":[{"href":"https:\/\/dutcheventcarpets.nl\/de\/wp-json\/wp\/v2\/types\/product"}],"replies":[{"embeddable":true,"href":"https:\/\/dutcheventcarpets.nl\/de\/wp-json\/wp\/v2\/comments?post=2785"}],"wp:featuredmedia":[{"embeddable":true,"href":"https:\/\/dutcheventcarpets.nl\/de\/wp-json\/wp\/v2\/media\/7203"}],"wp:attachment":[{"href":"https:\/\/dutcheventcarpets.nl\/de\/wp-json\/wp\/v2\/media?parent=2785"}],"wp:term":[{"taxonomy":"product_cat","embeddable":true,"href":"https:\/\/dutcheventcarpets.nl\/de\/wp-json\/wp\/v2\/product_cat?post=2785"},{"taxonomy":"product_tag","embeddable":true,"href":"https:\/\/dutcheventcarpets.nl\/de\/wp-json\/wp\/v2\/product_tag?post=2785"}],"curies":[{"name":"wp","href":"https:\/\/api.w.org\/{rel}","templated":true}]}}