{"id":2796,"date":"2023-04-13T15:33:18","date_gmt":"2023-04-13T14:33:18","guid":{"rendered":"https:\/\/dutcheventcarpets.nl\/?post_type=product&#038;p=2796"},"modified":"2023-08-09T15:23:48","modified_gmt":"2023-08-09T14:23:48","slug":"dutch-stone-st-s66","status":"publish","type":"product","link":"https:\/\/dutcheventcarpets.nl\/de\/hollandischer-stein-st-s66\/","title":{"rendered":"Holl\u00e4ndischer Stein ST S66"},"content":{"rendered":"","protected":false},"excerpt":{"rendered":"<p>Inspiriert von robustem Beton und dem Trend zu immer gr\u00f6\u00dferen Fliesen folgend. Ohne sichtbare Musterwiederholungen, mit unvergleichlichen Details und einem nat\u00fcrlichen Look dank der bahnbrechenden \"Digital Print Technology\". Eine unglaublich leistungsstarke Designerkollektion f\u00fcr die intensivste Nutzung!<\/p>","protected":false},"featured_media":2797,"comment_status":"open","ping_status":"closed","template":"","meta":{"_joinchat":[]},"product_cat":[157,144,152],"product_tag":[],"class_list":["post-2796","product","type-product","status-publish","has-post-thumbnail","hentry","product_cat-vinyl","product_cat-natuursteen","product_cat-dutch-stone-st"],"_links":{"self":[{"href":"https:\/\/dutcheventcarpets.nl\/de\/wp-json\/wp\/v2\/product\/2796","targetHints":{"allow":["GET"]}}],"collection":[{"href":"https:\/\/dutcheventcarpets.nl\/de\/wp-json\/wp\/v2\/product"}],"about":[{"href":"https:\/\/dutcheventcarpets.nl\/de\/wp-json\/wp\/v2\/types\/product"}],"replies":[{"embeddable":true,"href":"https:\/\/dutcheventcarpets.nl\/de\/wp-json\/wp\/v2\/comments?post=2796"}],"wp:featuredmedia":[{"embeddable":true,"href":"https:\/\/dutcheventcarpets.nl\/de\/wp-json\/wp\/v2\/media\/2797"}],"wp:attachment":[{"href":"https:\/\/dutcheventcarpets.nl\/de\/wp-json\/wp\/v2\/media?parent=2796"}],"wp:term":[{"taxonomy":"product_cat","embeddable":true,"href":"https:\/\/dutcheventcarpets.nl\/de\/wp-json\/wp\/v2\/product_cat?post=2796"},{"taxonomy":"product_tag","embeddable":true,"href":"https:\/\/dutcheventcarpets.nl\/de\/wp-json\/wp\/v2\/product_tag?post=2796"}],"curies":[{"name":"wp","href":"https:\/\/api.w.org\/{rel}","templated":true}]}}