{"id":2807,"date":"2023-04-13T15:39:42","date_gmt":"2023-04-13T14:39:42","guid":{"rendered":"https:\/\/dutcheventcarpets.nl\/?post_type=product&#038;p=2807"},"modified":"2025-02-07T11:10:18","modified_gmt":"2025-02-07T10:10:18","slug":"dutch-wood-765","status":"publish","type":"product","link":"https:\/\/dutcheventcarpets.nl\/de\/hollandisches-holz-184\/","title":{"rendered":"Holl\u00e4ndisches Holz 765"},"content":{"rendered":"","protected":false},"excerpt":{"rendered":"<p>Dieser stilvolle, preisg\u00fcnstige Boden mit allen Vorteilen von PVC wird u.a. durch sch\u00f6ne Fischgr\u00e4tmuster erg\u00e4nzt. Wundersch\u00f6ne Holzdesigns mit hyperrealistischem Aussehen dank des \"Natural Look &amp; Feel\". Verschiedene Formate und Dielenbreiten bis zu 20 cm, von heller Esche bis zu dunkler Eiche. F\u00fcr einen skandinavischen oder klassischen Look!<\/p>","protected":false},"featured_media":7056,"comment_status":"open","ping_status":"closed","template":"","meta":{"_joinchat":[]},"product_cat":[157,142,148],"product_tag":[],"class_list":["post-2807","product","type-product","status-publish","has-post-thumbnail","hentry","product_cat-vinyl","product_cat-houtlook","product_cat-dutch-wood"],"_links":{"self":[{"href":"https:\/\/dutcheventcarpets.nl\/de\/wp-json\/wp\/v2\/product\/2807","targetHints":{"allow":["GET"]}}],"collection":[{"href":"https:\/\/dutcheventcarpets.nl\/de\/wp-json\/wp\/v2\/product"}],"about":[{"href":"https:\/\/dutcheventcarpets.nl\/de\/wp-json\/wp\/v2\/types\/product"}],"replies":[{"embeddable":true,"href":"https:\/\/dutcheventcarpets.nl\/de\/wp-json\/wp\/v2\/comments?post=2807"}],"wp:featuredmedia":[{"embeddable":true,"href":"https:\/\/dutcheventcarpets.nl\/de\/wp-json\/wp\/v2\/media\/7056"}],"wp:attachment":[{"href":"https:\/\/dutcheventcarpets.nl\/de\/wp-json\/wp\/v2\/media?parent=2807"}],"wp:term":[{"taxonomy":"product_cat","embeddable":true,"href":"https:\/\/dutcheventcarpets.nl\/de\/wp-json\/wp\/v2\/product_cat?post=2807"},{"taxonomy":"product_tag","embeddable":true,"href":"https:\/\/dutcheventcarpets.nl\/de\/wp-json\/wp\/v2\/product_tag?post=2807"}],"curies":[{"name":"wp","href":"https:\/\/api.w.org\/{rel}","templated":true}]}}