{"id":2947,"date":"2023-04-14T08:04:04","date_gmt":"2023-04-14T07:04:04","guid":{"rendered":"https:\/\/dutcheventcarpets.nl\/?post_type=product&#038;p=2947"},"modified":"2025-07-08T21:21:37","modified_gmt":"2025-07-08T20:21:37","slug":"dutch-wood-st-s96","status":"publish","type":"product","link":"https:\/\/dutcheventcarpets.nl\/de\/hollandisches-holz-st-s43\/","title":{"rendered":"Holl\u00e4ndisches Holz ST S96"},"content":{"rendered":"","protected":false},"excerpt":{"rendered":"<p>Dutch Wood ST ist eine hochwertige, aber leichtere Qualit\u00e4t, die dank der dauerhaften Silver Tex-Unterlage besonders stabil und formstabil ist.<\/p>\n<p>Dutch Wood ST besteht aus drei sorgf\u00e4ltig entworfenen Holzplanken. Ein Design besteht aus kr\u00e4ftigen Dielen, die nicht weniger als 150 cm lang und 22 cm breit sind, jedoch in einem dezenten, ruhigen Design. Eine Serie besteht aus robusten, gro\u00dfen Dielen von 150 x 20 cm mit realistischen rauen \u00c4sten und Rillen. Und ein Muster mit schicken kleinen schmalen Dielen von 100 cm L\u00e4nge und 16,6 cm Breite.<\/p>","protected":false},"featured_media":7169,"comment_status":"open","ping_status":"closed","template":"","meta":{"_joinchat":[]},"product_cat":[157,142,149],"product_tag":[],"class_list":["post-2947","product","type-product","status-publish","has-post-thumbnail","hentry","product_cat-vinyl","product_cat-houtlook","product_cat-dutch-wood-st"],"_links":{"self":[{"href":"https:\/\/dutcheventcarpets.nl\/de\/wp-json\/wp\/v2\/product\/2947","targetHints":{"allow":["GET"]}}],"collection":[{"href":"https:\/\/dutcheventcarpets.nl\/de\/wp-json\/wp\/v2\/product"}],"about":[{"href":"https:\/\/dutcheventcarpets.nl\/de\/wp-json\/wp\/v2\/types\/product"}],"replies":[{"embeddable":true,"href":"https:\/\/dutcheventcarpets.nl\/de\/wp-json\/wp\/v2\/comments?post=2947"}],"wp:featuredmedia":[{"embeddable":true,"href":"https:\/\/dutcheventcarpets.nl\/de\/wp-json\/wp\/v2\/media\/7169"}],"wp:attachment":[{"href":"https:\/\/dutcheventcarpets.nl\/de\/wp-json\/wp\/v2\/media?parent=2947"}],"wp:term":[{"taxonomy":"product_cat","embeddable":true,"href":"https:\/\/dutcheventcarpets.nl\/de\/wp-json\/wp\/v2\/product_cat?post=2947"},{"taxonomy":"product_tag","embeddable":true,"href":"https:\/\/dutcheventcarpets.nl\/de\/wp-json\/wp\/v2\/product_tag?post=2947"}],"curies":[{"name":"wp","href":"https:\/\/api.w.org\/{rel}","templated":true}]}}