{"id":2964,"date":"2023-04-14T08:17:04","date_gmt":"2023-04-14T07:17:04","guid":{"rendered":"https:\/\/dutcheventcarpets.nl\/?post_type=product&#038;p=2964"},"modified":"2025-02-07T11:13:46","modified_gmt":"2025-02-07T10:13:46","slug":"dutch-wood-863","status":"publish","type":"product","link":"https:\/\/dutcheventcarpets.nl\/de\/hollandisches-holz-462\/","title":{"rendered":"Holl\u00e4ndisches Holz 863"},"content":{"rendered":"","protected":false},"excerpt":{"rendered":"<p>Dieser stilvolle, preisg\u00fcnstige Boden mit allen Vorteilen von PVC wird u.a. durch sch\u00f6ne Fischgr\u00e4tmuster erg\u00e4nzt. Wundersch\u00f6ne Holzdesigns mit hyperrealistischem Aussehen dank des \"Natural Look &amp; Feel\". Verschiedene Formate und Dielenbreiten bis zu 20 cm, von heller Esche bis zu dunkler Eiche. F\u00fcr einen skandinavischen oder klassischen Look!<\/p>","protected":false},"featured_media":7046,"comment_status":"open","ping_status":"closed","template":"","meta":{"_joinchat":[]},"product_cat":[157,142,148],"product_tag":[],"class_list":["post-2964","product","type-product","status-publish","has-post-thumbnail","hentry","product_cat-vinyl","product_cat-houtlook","product_cat-dutch-wood"],"_links":{"self":[{"href":"https:\/\/dutcheventcarpets.nl\/de\/wp-json\/wp\/v2\/product\/2964","targetHints":{"allow":["GET"]}}],"collection":[{"href":"https:\/\/dutcheventcarpets.nl\/de\/wp-json\/wp\/v2\/product"}],"about":[{"href":"https:\/\/dutcheventcarpets.nl\/de\/wp-json\/wp\/v2\/types\/product"}],"replies":[{"embeddable":true,"href":"https:\/\/dutcheventcarpets.nl\/de\/wp-json\/wp\/v2\/comments?post=2964"}],"wp:featuredmedia":[{"embeddable":true,"href":"https:\/\/dutcheventcarpets.nl\/de\/wp-json\/wp\/v2\/media\/7046"}],"wp:attachment":[{"href":"https:\/\/dutcheventcarpets.nl\/de\/wp-json\/wp\/v2\/media?parent=2964"}],"wp:term":[{"taxonomy":"product_cat","embeddable":true,"href":"https:\/\/dutcheventcarpets.nl\/de\/wp-json\/wp\/v2\/product_cat?post=2964"},{"taxonomy":"product_tag","embeddable":true,"href":"https:\/\/dutcheventcarpets.nl\/de\/wp-json\/wp\/v2\/product_tag?post=2964"}],"curies":[{"name":"wp","href":"https:\/\/api.w.org\/{rel}","templated":true}]}}