{"id":2980,"date":"2023-04-14T08:52:19","date_gmt":"2023-04-14T07:52:19","guid":{"rendered":"https:\/\/dutcheventcarpets.nl\/?post_type=product&#038;p=2980"},"modified":"2025-07-23T12:08:00","modified_gmt":"2025-07-23T11:08:00","slug":"dutch-wood-bt-270","status":"publish","type":"product","link":"https:\/\/dutcheventcarpets.nl\/de\/hollandisches-holz-bt-270\/","title":{"rendered":"Niederl\u00e4ndisches Holz BT 270"},"content":{"rendered":"","protected":false},"excerpt":{"rendered":"<p>Dutch Wood BT mit dem exklusiven Black Tex Backing ist und bleibt der realistischste PVC-Designboden in 400 cm Breite. Das liegt unter anderem an der matten Optik und der f\u00fchlbaren \"Natural Look\"-Deckschicht, die dem Holzdesign einen wunderbar realistischen und stimmungsvollen Look verleiht. Nicht so 'hart' wie echte Dielen, aber mit einem sch\u00f6nen nat\u00fcrlichen Touch.<\/p>\n<p>Die einzigartige \u2018Black Tex Backing\u2019 ist stark genug, um leichte Unterschiede im Unterboden zu \u00fcberbr\u00fccken, und elastisch genug, um Unebenheiten zu absorbieren, so dass die Bodenoberfl\u00e4che sch\u00f6n glatt bleibt.<\/p>","protected":false},"featured_media":2981,"comment_status":"open","ping_status":"closed","template":"","meta":{"_joinchat":[]},"product_cat":[157,142,150],"product_tag":[],"class_list":["post-2980","product","type-product","status-publish","has-post-thumbnail","hentry","product_cat-vinyl","product_cat-houtlook","product_cat-dutch-wood-bt"],"_links":{"self":[{"href":"https:\/\/dutcheventcarpets.nl\/de\/wp-json\/wp\/v2\/product\/2980","targetHints":{"allow":["GET"]}}],"collection":[{"href":"https:\/\/dutcheventcarpets.nl\/de\/wp-json\/wp\/v2\/product"}],"about":[{"href":"https:\/\/dutcheventcarpets.nl\/de\/wp-json\/wp\/v2\/types\/product"}],"replies":[{"embeddable":true,"href":"https:\/\/dutcheventcarpets.nl\/de\/wp-json\/wp\/v2\/comments?post=2980"}],"wp:featuredmedia":[{"embeddable":true,"href":"https:\/\/dutcheventcarpets.nl\/de\/wp-json\/wp\/v2\/media\/2981"}],"wp:attachment":[{"href":"https:\/\/dutcheventcarpets.nl\/de\/wp-json\/wp\/v2\/media?parent=2980"}],"wp:term":[{"taxonomy":"product_cat","embeddable":true,"href":"https:\/\/dutcheventcarpets.nl\/de\/wp-json\/wp\/v2\/product_cat?post=2980"},{"taxonomy":"product_tag","embeddable":true,"href":"https:\/\/dutcheventcarpets.nl\/de\/wp-json\/wp\/v2\/product_tag?post=2980"}],"curies":[{"name":"wp","href":"https:\/\/api.w.org\/{rel}","templated":true}]}}