{"id":3416,"date":"2023-05-11T14:45:03","date_gmt":"2023-05-11T13:45:03","guid":{"rendered":"https:\/\/dutcheventcarpets.nl\/?post_type=product&#038;p=3416"},"modified":"2023-08-16T15:40:18","modified_gmt":"2023-08-16T14:40:18","slug":"clifton-5","status":"publish","type":"product","link":"https:\/\/dutcheventcarpets.nl\/de\/clifton-5\/","title":{"rendered":"Clifton 5"},"content":{"rendered":"","protected":false},"excerpt":{"rendered":"<p class=\"p1\">Der Rasenteppich Clifton eignet sich perfekt als Innen- und Au\u00dfendekoration f\u00fcr verschiedene Veranstaltungen wie Messen, Konferenzen, Seminare und Sportveranstaltungen. Clifton ist ein niedrigfloriger getufteter Rasenteppich, der in verschiedenen Breiten (2 oder 4 m) erh\u00e4ltlich ist.<\/p>\n<p>Der Rasenteppich Clifton ist eine kosteng\u00fcnstige Alternative, um Ihrer Veranstaltung einen nat\u00fcrlichen, gr\u00fcnen Look zu verleihen. Clifton ist ein niedrigfloriger getufteter Rasenteppich mit einer Florh\u00f6he von 5 mm. Diese Qualit\u00e4t ist sehr einfach zu schneiden und zu verlegen.<\/p>","protected":false},"featured_media":3419,"comment_status":"open","ping_status":"closed","template":"","meta":{"_joinchat":[]},"product_cat":[159,166],"product_tag":[],"class_list":["post-3416","product","type-product","status-publish","has-post-thumbnail","hentry","product_cat-kunstgras","product_cat-laagpolig"],"_links":{"self":[{"href":"https:\/\/dutcheventcarpets.nl\/de\/wp-json\/wp\/v2\/product\/3416","targetHints":{"allow":["GET"]}}],"collection":[{"href":"https:\/\/dutcheventcarpets.nl\/de\/wp-json\/wp\/v2\/product"}],"about":[{"href":"https:\/\/dutcheventcarpets.nl\/de\/wp-json\/wp\/v2\/types\/product"}],"replies":[{"embeddable":true,"href":"https:\/\/dutcheventcarpets.nl\/de\/wp-json\/wp\/v2\/comments?post=3416"}],"wp:featuredmedia":[{"embeddable":true,"href":"https:\/\/dutcheventcarpets.nl\/de\/wp-json\/wp\/v2\/media\/3419"}],"wp:attachment":[{"href":"https:\/\/dutcheventcarpets.nl\/de\/wp-json\/wp\/v2\/media?parent=3416"}],"wp:term":[{"taxonomy":"product_cat","embeddable":true,"href":"https:\/\/dutcheventcarpets.nl\/de\/wp-json\/wp\/v2\/product_cat?post=3416"},{"taxonomy":"product_tag","embeddable":true,"href":"https:\/\/dutcheventcarpets.nl\/de\/wp-json\/wp\/v2\/product_tag?post=3416"}],"curies":[{"name":"wp","href":"https:\/\/api.w.org\/{rel}","templated":true}]}}