{"id":3423,"date":"2023-05-11T14:48:29","date_gmt":"2023-05-11T13:48:29","guid":{"rendered":"https:\/\/dutcheventcarpets.nl\/?post_type=product&#038;p=3423"},"modified":"2023-08-16T15:41:38","modified_gmt":"2023-08-16T14:41:38","slug":"flair-20-green","status":"publish","type":"product","link":"https:\/\/dutcheventcarpets.nl\/de\/flair-20-grun\/","title":{"rendered":"Flair 20 Gr\u00fcn"},"content":{"rendered":"","protected":false},"excerpt":{"rendered":"<p class=\"p1\">Mit unserer Qualit\u00e4t Flair haben Sie einen perfekten Rasenteppich f\u00fcr jede Art von Veranstaltung. Flair hat eine Florh\u00f6he von 20 mm. Dies verleiht ihm das Aussehen von frisch geschnittenem Gras.<\/p>\n<p class=\"p1\">Unsere Qualit\u00e4t Flair 20 hat ein Cfl-S1 Brandschutzzertifikat. Dies macht diese Qualit\u00e4t geeignet f\u00fcr alle Arten von Veranstaltungen, sowohl im Innen- und Au\u00dfenbereich.<\/p>\n<p class=\"p1\">Flair ist in den Farben Gr\u00fcn und Anthrazit und in verschiedenen Breiten (2 und 4 m) erh\u00e4ltlich.<\/p>","protected":false},"featured_media":3424,"comment_status":"open","ping_status":"closed","template":"","meta":{"_joinchat":[]},"product_cat":[159,167],"product_tag":[],"class_list":["post-3423","product","type-product","status-publish","has-post-thumbnail","hentry","product_cat-kunstgras","product_cat-middelpolig"],"_links":{"self":[{"href":"https:\/\/dutcheventcarpets.nl\/de\/wp-json\/wp\/v2\/product\/3423","targetHints":{"allow":["GET"]}}],"collection":[{"href":"https:\/\/dutcheventcarpets.nl\/de\/wp-json\/wp\/v2\/product"}],"about":[{"href":"https:\/\/dutcheventcarpets.nl\/de\/wp-json\/wp\/v2\/types\/product"}],"replies":[{"embeddable":true,"href":"https:\/\/dutcheventcarpets.nl\/de\/wp-json\/wp\/v2\/comments?post=3423"}],"wp:featuredmedia":[{"embeddable":true,"href":"https:\/\/dutcheventcarpets.nl\/de\/wp-json\/wp\/v2\/media\/3424"}],"wp:attachment":[{"href":"https:\/\/dutcheventcarpets.nl\/de\/wp-json\/wp\/v2\/media?parent=3423"}],"wp:term":[{"taxonomy":"product_cat","embeddable":true,"href":"https:\/\/dutcheventcarpets.nl\/de\/wp-json\/wp\/v2\/product_cat?post=3423"},{"taxonomy":"product_tag","embeddable":true,"href":"https:\/\/dutcheventcarpets.nl\/de\/wp-json\/wp\/v2\/product_tag?post=3423"}],"curies":[{"name":"wp","href":"https:\/\/api.w.org\/{rel}","templated":true}]}}