{"id":3427,"date":"2023-05-11T14:49:37","date_gmt":"2023-05-11T13:49:37","guid":{"rendered":"https:\/\/dutcheventcarpets.nl\/?post_type=product&#038;p=3427"},"modified":"2023-06-28T09:54:53","modified_gmt":"2023-06-28T08:54:53","slug":"admire-38","status":"publish","type":"product","link":"https:\/\/dutcheventcarpets.nl\/de\/bewundern-38\/","title":{"rendered":"Bewundern 38"},"content":{"rendered":"","protected":false},"excerpt":{"rendered":"<p class=\"p1\">Unsere Qualit\u00e4t Admire 38 hat eine Florh\u00f6he von 38 mm. Das macht ihn zu einem sehr weichen Kunstrasen, der sich toll anf\u00fchlt. Admire 38 ist sehr gut als Rasenteppich geeignet und hat eine Florh\u00f6he von 38 mm. Mit seinem sch\u00f6nen dunklen Look eignet sich dieser Kunstrasen perfekt als luxuri\u00f6se Dekoration f\u00fcr Veranstaltungen, Firmenfeiern, Dekoration von Gesch\u00e4ftsr\u00e4umen und Ausstellungsr\u00e4umen, zum Beispiel.<\/p>\n<p class=\"p1\">Admire 38 ist in verschiedenen Breiten erh\u00e4ltlich (2 und 4 m)<\/p>","protected":false},"featured_media":3428,"comment_status":"open","ping_status":"closed","template":"","meta":{"_joinchat":[]},"product_cat":[221,159],"product_tag":[],"class_list":["post-3427","product","type-product","status-publish","has-post-thumbnail","hentry","product_cat-hoogpolig-kunstgras","product_cat-kunstgras"],"_links":{"self":[{"href":"https:\/\/dutcheventcarpets.nl\/de\/wp-json\/wp\/v2\/product\/3427","targetHints":{"allow":["GET"]}}],"collection":[{"href":"https:\/\/dutcheventcarpets.nl\/de\/wp-json\/wp\/v2\/product"}],"about":[{"href":"https:\/\/dutcheventcarpets.nl\/de\/wp-json\/wp\/v2\/types\/product"}],"replies":[{"embeddable":true,"href":"https:\/\/dutcheventcarpets.nl\/de\/wp-json\/wp\/v2\/comments?post=3427"}],"wp:featuredmedia":[{"embeddable":true,"href":"https:\/\/dutcheventcarpets.nl\/de\/wp-json\/wp\/v2\/media\/3428"}],"wp:attachment":[{"href":"https:\/\/dutcheventcarpets.nl\/de\/wp-json\/wp\/v2\/media?parent=3427"}],"wp:term":[{"taxonomy":"product_cat","embeddable":true,"href":"https:\/\/dutcheventcarpets.nl\/de\/wp-json\/wp\/v2\/product_cat?post=3427"},{"taxonomy":"product_tag","embeddable":true,"href":"https:\/\/dutcheventcarpets.nl\/de\/wp-json\/wp\/v2\/product_tag?post=3427"}],"curies":[{"name":"wp","href":"https:\/\/api.w.org\/{rel}","templated":true}]}}