{"id":3429,"date":"2023-05-11T14:50:55","date_gmt":"2023-05-11T13:50:55","guid":{"rendered":"https:\/\/dutcheventcarpets.nl\/?post_type=product&#038;p=3429"},"modified":"2023-06-26T14:56:40","modified_gmt":"2023-06-26T13:56:40","slug":"schools-blue","status":"publish","type":"product","link":"https:\/\/dutcheventcarpets.nl\/de\/schulblau\/","title":{"rendered":"Schulen Blau"},"content":{"rendered":"","protected":false},"excerpt":{"rendered":"<p class=\"p1\">Mit einem farbigen Kunstrasen schaffen Sie einen frischen, luxuri\u00f6sen Look. Verleihen Sie Ihrem Stand ein luxuri\u00f6ses Aussehen mit einem wei\u00dfen Kunstrasen oder w\u00e4hlen Sie eine schicke blaue Farbe.<\/p>\n<p class=\"p1\">Unser farbiger Kunstrasen hat eine Florh\u00f6he von 10 mm und ist in den Farben Rot, Wei\u00df, Blau, Gelb und Schwarz erh\u00e4ltlich.<\/p>\n<p class=\"p1\">Unser farbiger Kunstrasen eignet sich hervorragend f\u00fcr die individuelle Gestaltung und Formgebung, z. B. in Form eines Kreises. Das macht ihn zu einer perfekten Dekoration eines Bodens bei jeder Art von Veranstaltung.<\/p>","protected":false},"featured_media":3430,"comment_status":"open","ping_status":"closed","template":"","meta":{"_joinchat":[]},"product_cat":[169,159],"product_tag":[],"class_list":["post-3429","product","type-product","status-publish","has-post-thumbnail","hentry","product_cat-gekleurd","product_cat-kunstgras"],"_links":{"self":[{"href":"https:\/\/dutcheventcarpets.nl\/de\/wp-json\/wp\/v2\/product\/3429","targetHints":{"allow":["GET"]}}],"collection":[{"href":"https:\/\/dutcheventcarpets.nl\/de\/wp-json\/wp\/v2\/product"}],"about":[{"href":"https:\/\/dutcheventcarpets.nl\/de\/wp-json\/wp\/v2\/types\/product"}],"replies":[{"embeddable":true,"href":"https:\/\/dutcheventcarpets.nl\/de\/wp-json\/wp\/v2\/comments?post=3429"}],"wp:featuredmedia":[{"embeddable":true,"href":"https:\/\/dutcheventcarpets.nl\/de\/wp-json\/wp\/v2\/media\/3430"}],"wp:attachment":[{"href":"https:\/\/dutcheventcarpets.nl\/de\/wp-json\/wp\/v2\/media?parent=3429"}],"wp:term":[{"taxonomy":"product_cat","embeddable":true,"href":"https:\/\/dutcheventcarpets.nl\/de\/wp-json\/wp\/v2\/product_cat?post=3429"},{"taxonomy":"product_tag","embeddable":true,"href":"https:\/\/dutcheventcarpets.nl\/de\/wp-json\/wp\/v2\/product_tag?post=3429"}],"curies":[{"name":"wp","href":"https:\/\/api.w.org\/{rel}","templated":true}]}}