{"id":3542,"date":"2023-05-22T08:42:29","date_gmt":"2023-05-22T07:42:29","guid":{"rendered":"https:\/\/dutcheventcarpets.nl\/?post_type=product&#038;p=3542"},"modified":"2023-08-16T15:34:48","modified_gmt":"2023-08-16T14:34:48","slug":"aqua-3","status":"publish","type":"product","link":"https:\/\/dutcheventcarpets.nl\/de\/aqua-3\/","title":{"rendered":"Aqua"},"content":{"rendered":"","protected":false},"excerpt":{"rendered":"<p>Dutch Event Carpets ist stolz darauf, Ihnen unser umfangreiches Sortiment an hochwertigem Druckvinyl anbieten zu k\u00f6nnen, das speziell entwickelt wurde, um Ihrer Veranstaltung eine einzigartige und pers\u00f6nliche Note zu verleihen.<br \/>\nUnser Print Vinyl ist nicht nur visuell beeindruckend, sondern auch langlebig und vielseitig. Es h\u00e4lt starker Beanspruchung stand und kann sowohl im Innen- als auch im Au\u00dfenbereich verwendet werden, was es perfekt f\u00fcr Messen, Festivals, Firmenveranstaltungen und vieles mehr macht.<\/p>","protected":false},"featured_media":3543,"comment_status":"open","ping_status":"closed","template":"","meta":{"_joinchat":[]},"product_cat":[171,101],"product_tag":[],"class_list":["post-3542","product","type-product","status-publish","has-post-thumbnail","hentry","product_cat-print-vinyl","product_cat-specials"],"_links":{"self":[{"href":"https:\/\/dutcheventcarpets.nl\/de\/wp-json\/wp\/v2\/product\/3542","targetHints":{"allow":["GET"]}}],"collection":[{"href":"https:\/\/dutcheventcarpets.nl\/de\/wp-json\/wp\/v2\/product"}],"about":[{"href":"https:\/\/dutcheventcarpets.nl\/de\/wp-json\/wp\/v2\/types\/product"}],"replies":[{"embeddable":true,"href":"https:\/\/dutcheventcarpets.nl\/de\/wp-json\/wp\/v2\/comments?post=3542"}],"wp:featuredmedia":[{"embeddable":true,"href":"https:\/\/dutcheventcarpets.nl\/de\/wp-json\/wp\/v2\/media\/3543"}],"wp:attachment":[{"href":"https:\/\/dutcheventcarpets.nl\/de\/wp-json\/wp\/v2\/media?parent=3542"}],"wp:term":[{"taxonomy":"product_cat","embeddable":true,"href":"https:\/\/dutcheventcarpets.nl\/de\/wp-json\/wp\/v2\/product_cat?post=3542"},{"taxonomy":"product_tag","embeddable":true,"href":"https:\/\/dutcheventcarpets.nl\/de\/wp-json\/wp\/v2\/product_tag?post=3542"}],"curies":[{"name":"wp","href":"https:\/\/api.w.org\/{rel}","templated":true}]}}