{"id":3544,"date":"2023-05-22T08:43:56","date_gmt":"2023-05-22T07:43:56","guid":{"rendered":"https:\/\/dutcheventcarpets.nl\/?post_type=product&#038;p=3544"},"modified":"2023-08-16T15:34:55","modified_gmt":"2023-08-16T14:34:55","slug":"expo-vinyl-black-white-25","status":"publish","type":"product","link":"https:\/\/dutcheventcarpets.nl\/de\/expo-vinyl-schwarz-weis-25\/","title":{"rendered":"Expo Vinyl Schwarz-Wei\u00df (25)"},"content":{"rendered":"","protected":false},"excerpt":{"rendered":"<p>Dutch Event Carpets ist stolz darauf, Ihnen unser umfangreiches Sortiment an hochwertigem Druckvinyl anbieten zu k\u00f6nnen, das speziell entwickelt wurde, um Ihrer Veranstaltung eine einzigartige und pers\u00f6nliche Note zu verleihen.<br \/>\nUnser Print Vinyl ist nicht nur visuell beeindruckend, sondern auch langlebig und vielseitig. Es h\u00e4lt starker Beanspruchung stand und kann sowohl im Innen- als auch im Au\u00dfenbereich verwendet werden, was es perfekt f\u00fcr Messen, Festivals, Firmenveranstaltungen und vieles mehr macht.<\/p>","protected":false},"featured_media":3545,"comment_status":"open","ping_status":"closed","template":"","meta":{"_joinchat":[]},"product_cat":[171,101],"product_tag":[],"class_list":["post-3544","product","type-product","status-publish","has-post-thumbnail","hentry","product_cat-print-vinyl","product_cat-specials"],"_links":{"self":[{"href":"https:\/\/dutcheventcarpets.nl\/de\/wp-json\/wp\/v2\/product\/3544","targetHints":{"allow":["GET"]}}],"collection":[{"href":"https:\/\/dutcheventcarpets.nl\/de\/wp-json\/wp\/v2\/product"}],"about":[{"href":"https:\/\/dutcheventcarpets.nl\/de\/wp-json\/wp\/v2\/types\/product"}],"replies":[{"embeddable":true,"href":"https:\/\/dutcheventcarpets.nl\/de\/wp-json\/wp\/v2\/comments?post=3544"}],"wp:featuredmedia":[{"embeddable":true,"href":"https:\/\/dutcheventcarpets.nl\/de\/wp-json\/wp\/v2\/media\/3545"}],"wp:attachment":[{"href":"https:\/\/dutcheventcarpets.nl\/de\/wp-json\/wp\/v2\/media?parent=3544"}],"wp:term":[{"taxonomy":"product_cat","embeddable":true,"href":"https:\/\/dutcheventcarpets.nl\/de\/wp-json\/wp\/v2\/product_cat?post=3544"},{"taxonomy":"product_tag","embeddable":true,"href":"https:\/\/dutcheventcarpets.nl\/de\/wp-json\/wp\/v2\/product_tag?post=3544"}],"curies":[{"name":"wp","href":"https:\/\/api.w.org\/{rel}","templated":true}]}}