{"id":3592,"date":"2023-05-22T09:20:59","date_gmt":"2023-05-22T08:20:59","guid":{"rendered":"https:\/\/dutcheventcarpets.nl\/?post_type=product&#038;p=3592"},"modified":"2023-08-16T15:37:38","modified_gmt":"2023-08-16T14:37:38","slug":"dutch-stone-bt-509","status":"publish","type":"product","link":"https:\/\/dutcheventcarpets.nl\/de\/niederlandischer-stein-bt-509\/","title":{"rendered":"Niederl\u00e4ndischer Stein BT 509"},"content":{"rendered":"","protected":false},"excerpt":{"rendered":"<p>Die verschiedenen Steindesigns von Dutch Stone BT sind \u00e4u\u00dferst naturgetreu und weisen kaum sichtbare Musterwiederholungen auf. Unvergleichliche Details und eine sehr nat\u00fcrliche Ausstrahlung dank der bahnbrechenden 'Digital Print Technology', bei der die Fugen einiger Designs zu sp\u00fcren sind. Dutch Stone ist in jeder Hinsicht mehr als komplett! Die einzigartige 'Black Tex Backing' ist stark genug, um leichte Unterschiede im Unterboden zu \u00fcberbr\u00fccken, und elastisch genug, um Unebenheiten auszugleichen, so dass die Bodenoberfl\u00e4che sch\u00f6n und glatt bleibt.<\/p>","protected":false},"featured_media":3593,"comment_status":"open","ping_status":"closed","template":"","meta":{"_joinchat":[]},"product_cat":[144,153],"product_tag":[],"class_list":["post-3592","product","type-product","status-publish","has-post-thumbnail","hentry","product_cat-natuursteen","product_cat-dutch-stone-bt"],"_links":{"self":[{"href":"https:\/\/dutcheventcarpets.nl\/de\/wp-json\/wp\/v2\/product\/3592","targetHints":{"allow":["GET"]}}],"collection":[{"href":"https:\/\/dutcheventcarpets.nl\/de\/wp-json\/wp\/v2\/product"}],"about":[{"href":"https:\/\/dutcheventcarpets.nl\/de\/wp-json\/wp\/v2\/types\/product"}],"replies":[{"embeddable":true,"href":"https:\/\/dutcheventcarpets.nl\/de\/wp-json\/wp\/v2\/comments?post=3592"}],"wp:featuredmedia":[{"embeddable":true,"href":"https:\/\/dutcheventcarpets.nl\/de\/wp-json\/wp\/v2\/media\/3593"}],"wp:attachment":[{"href":"https:\/\/dutcheventcarpets.nl\/de\/wp-json\/wp\/v2\/media?parent=3592"}],"wp:term":[{"taxonomy":"product_cat","embeddable":true,"href":"https:\/\/dutcheventcarpets.nl\/de\/wp-json\/wp\/v2\/product_cat?post=3592"},{"taxonomy":"product_tag","embeddable":true,"href":"https:\/\/dutcheventcarpets.nl\/de\/wp-json\/wp\/v2\/product_tag?post=3592"}],"curies":[{"name":"wp","href":"https:\/\/api.w.org\/{rel}","templated":true}]}}