{"id":389,"date":"2023-03-15T13:18:29","date_gmt":"2023-03-15T13:18:29","guid":{"rendered":"https:\/\/dutcheventcarpets.nl\/?post_type=product&#038;p=389"},"modified":"2023-08-16T15:19:47","modified_gmt":"2023-08-16T14:19:47","slug":"expoline-buff-coloured-0956","status":"publish","type":"product","link":"https:\/\/dutcheventcarpets.nl\/de\/expolin-puffer-farbig-0956\/","title":{"rendered":"Expoline Buff Farbig 0956"},"content":{"rendered":"","protected":false},"excerpt":{"rendered":"<p>Expoline ist eine Basisqualit\u00e4t mit Rippenmuster, die Ihrer Veranstaltung oder Konferenz das gewisse Etwas verleihen kann. Da es sich bei Expoline um eine gerippte Qualit\u00e4t handelt, kann sie gesto\u00dfen verlegt werden. So k\u00f6nnen Sie eine nahtlose Oberfl\u00e4che schaffen. Perfekt f\u00fcr Ihre Veranstaltung, Ihren Kongress, Ihre Ausstellung oder Ihren Messegang. 50 x 2 M 50 x 4 M<\/p>","protected":false},"featured_media":419,"comment_status":"open","ping_status":"closed","template":"","meta":{"_joinchat":[]},"product_cat":[30],"product_tag":[],"class_list":["post-389","product","type-product","status-publish","has-post-thumbnail","hentry","product_cat-expo-line","pa_expo-line-beige-bruin","pa_kleur-bruin"],"_links":{"self":[{"href":"https:\/\/dutcheventcarpets.nl\/de\/wp-json\/wp\/v2\/product\/389","targetHints":{"allow":["GET"]}}],"collection":[{"href":"https:\/\/dutcheventcarpets.nl\/de\/wp-json\/wp\/v2\/product"}],"about":[{"href":"https:\/\/dutcheventcarpets.nl\/de\/wp-json\/wp\/v2\/types\/product"}],"replies":[{"embeddable":true,"href":"https:\/\/dutcheventcarpets.nl\/de\/wp-json\/wp\/v2\/comments?post=389"}],"wp:featuredmedia":[{"embeddable":true,"href":"https:\/\/dutcheventcarpets.nl\/de\/wp-json\/wp\/v2\/media\/419"}],"wp:attachment":[{"href":"https:\/\/dutcheventcarpets.nl\/de\/wp-json\/wp\/v2\/media?parent=389"}],"wp:term":[{"taxonomy":"product_cat","embeddable":true,"href":"https:\/\/dutcheventcarpets.nl\/de\/wp-json\/wp\/v2\/product_cat?post=389"},{"taxonomy":"product_tag","embeddable":true,"href":"https:\/\/dutcheventcarpets.nl\/de\/wp-json\/wp\/v2\/product_tag?post=389"}],"curies":[{"name":"wp","href":"https:\/\/api.w.org\/{rel}","templated":true}]}}