{"id":4117,"date":"2023-06-28T09:36:24","date_gmt":"2023-06-28T08:36:24","guid":{"rendered":"https:\/\/dutcheventcarpets.nl\/?post_type=product&#038;p=4117"},"modified":"2023-07-31T15:26:10","modified_gmt":"2023-07-31T14:26:10","slug":"gaffa-zwart","status":"publish","type":"product","link":"https:\/\/dutcheventcarpets.nl\/de\/gaffa-schwarz\/","title":{"rendered":"Gaffa - Schwarz"},"content":{"rendered":"","protected":false},"excerpt":{"rendered":"<p><span dir=\"ltr\" role=\"presentation\">F\u00fcr die Befestigung von Teppichb\u00f6den bieten wir eine breite Palette von technischen Klebeb\u00e4ndern an.<\/span><\/p>\n<p><span dir=\"ltr\" role=\"presentation\">Unser Sortiment bietet unter anderem Klebeb\u00e4nder f\u00fcr das Abkleben von Teppichkanten, <\/span><span dir=\"ltr\" role=\"presentation\">Doppelseitiges, wiederabl\u00f6sbares Klebeband zum Anbringen von Klebeband auf B\u00f6den und dem <\/span><span dir=\"ltr\" role=\"presentation\">Kabel einfangen.<\/span><br role=\"presentation\" \/><span dir=\"ltr\" role=\"presentation\"><br \/>\nMit diesen B\u00e4ndern ist ein schneller Messeaufbau und eine saubere <\/span><span dir=\"ltr\" role=\"presentation\">Abriss.<\/span><\/p>","protected":false},"featured_media":4118,"comment_status":"open","ping_status":"closed","template":"","meta":{"_joinchat":[]},"product_cat":[227,32],"product_tag":[],"class_list":["post-4117","product","type-product","status-publish","has-post-thumbnail","hentry","product_cat-gaffertape","product_cat-tape"],"_links":{"self":[{"href":"https:\/\/dutcheventcarpets.nl\/de\/wp-json\/wp\/v2\/product\/4117","targetHints":{"allow":["GET"]}}],"collection":[{"href":"https:\/\/dutcheventcarpets.nl\/de\/wp-json\/wp\/v2\/product"}],"about":[{"href":"https:\/\/dutcheventcarpets.nl\/de\/wp-json\/wp\/v2\/types\/product"}],"replies":[{"embeddable":true,"href":"https:\/\/dutcheventcarpets.nl\/de\/wp-json\/wp\/v2\/comments?post=4117"}],"wp:featuredmedia":[{"embeddable":true,"href":"https:\/\/dutcheventcarpets.nl\/de\/wp-json\/wp\/v2\/media\/4118"}],"wp:attachment":[{"href":"https:\/\/dutcheventcarpets.nl\/de\/wp-json\/wp\/v2\/media?parent=4117"}],"wp:term":[{"taxonomy":"product_cat","embeddable":true,"href":"https:\/\/dutcheventcarpets.nl\/de\/wp-json\/wp\/v2\/product_cat?post=4117"},{"taxonomy":"product_tag","embeddable":true,"href":"https:\/\/dutcheventcarpets.nl\/de\/wp-json\/wp\/v2\/product_tag?post=4117"}],"curies":[{"name":"wp","href":"https:\/\/api.w.org\/{rel}","templated":true}]}}