{"id":4131,"date":"2023-06-28T09:44:29","date_gmt":"2023-06-28T08:44:29","guid":{"rendered":"https:\/\/dutcheventcarpets.nl\/?post_type=product&#038;p=4131"},"modified":"2023-06-28T09:44:51","modified_gmt":"2023-06-28T08:44:51","slug":"removable-s-12mm","status":"publish","type":"product","link":"https:\/\/dutcheventcarpets.nl\/de\/abnehmbar-s-12mm\/","title":{"rendered":"Abnehmbar - S - 12mm"},"content":{"rendered":"","protected":false},"excerpt":{"rendered":"<p class=\"p1\">F\u00fcr die Befestigung von Teppichb\u00f6den bieten wir eine breite Palette von technischen Klebeb\u00e4ndern an.<\/p>\n<p class=\"p1\">Unser Sortiment bietet unter anderem Klebeb\u00e4nder zum Abkleben von Teppichkanten, doppelseitige, abl\u00f6sbare Klebeb\u00e4nder zum Befestigen von Klebeb\u00e4ndern auf B\u00f6den und zum Sichern von Kabeln.<\/p>\n<p class=\"p1\">Mit diesen B\u00e4ndern ist ein schneller Messeaufbau und ein sauberer Abbau garantiert.<\/p>","protected":false},"featured_media":4132,"comment_status":"open","ping_status":"closed","template":"","meta":{"_joinchat":[]},"product_cat":[226,32],"product_tag":[],"class_list":["post-4131","product","type-product","status-publish","has-post-thumbnail","hentry","product_cat-verwijderbaar-dubbelzijdig-tape","product_cat-tape"],"_links":{"self":[{"href":"https:\/\/dutcheventcarpets.nl\/de\/wp-json\/wp\/v2\/product\/4131","targetHints":{"allow":["GET"]}}],"collection":[{"href":"https:\/\/dutcheventcarpets.nl\/de\/wp-json\/wp\/v2\/product"}],"about":[{"href":"https:\/\/dutcheventcarpets.nl\/de\/wp-json\/wp\/v2\/types\/product"}],"replies":[{"embeddable":true,"href":"https:\/\/dutcheventcarpets.nl\/de\/wp-json\/wp\/v2\/comments?post=4131"}],"wp:featuredmedia":[{"embeddable":true,"href":"https:\/\/dutcheventcarpets.nl\/de\/wp-json\/wp\/v2\/media\/4132"}],"wp:attachment":[{"href":"https:\/\/dutcheventcarpets.nl\/de\/wp-json\/wp\/v2\/media?parent=4131"}],"wp:term":[{"taxonomy":"product_cat","embeddable":true,"href":"https:\/\/dutcheventcarpets.nl\/de\/wp-json\/wp\/v2\/product_cat?post=4131"},{"taxonomy":"product_tag","embeddable":true,"href":"https:\/\/dutcheventcarpets.nl\/de\/wp-json\/wp\/v2\/product_tag?post=4131"}],"curies":[{"name":"wp","href":"https:\/\/api.w.org\/{rel}","templated":true}]}}