{"id":554,"date":"2023-03-15T13:30:30","date_gmt":"2023-03-15T13:30:30","guid":{"rendered":"https:\/\/dutcheventcarpets.nl\/?post_type=product&#038;p=554"},"modified":"2023-08-16T15:18:37","modified_gmt":"2023-08-16T14:18:37","slug":"expostyle-walnut","status":"publish","type":"product","link":"https:\/\/dutcheventcarpets.nl\/de\/expostyle-walnuss\/","title":{"rendered":"Expostyle Nussbaum 1258"},"content":{"rendered":"","protected":false},"excerpt":{"rendered":"<p class=\"p1\">Expostyle ist eine Basisqualit\u00e4t mit Resine-R\u00fccken, d.h. der Teppichboden hat keinen Kalkr\u00fccken und ist daher sehr gut zu verarbeiten und leicht zu verlegen. Expostyle ist in verschiedenen Farben erh\u00e4ltlich und ist damit die breiteste Palette in unserem Sortiment. Perfekt f\u00fcr Ihre Veranstaltung, Sporthallen, Kongresse, Ausstellungen oder Messe-G\u00e4nge.<\/p>\n<p>50 x 2 M + F<\/p>","protected":false},"featured_media":555,"comment_status":"open","ping_status":"closed","template":"","meta":{"_joinchat":[]},"product_cat":[16],"product_tag":[],"class_list":["post-554","product","type-product","status-publish","has-post-thumbnail","hentry","product_cat-expo-style"],"_links":{"self":[{"href":"https:\/\/dutcheventcarpets.nl\/de\/wp-json\/wp\/v2\/product\/554","targetHints":{"allow":["GET"]}}],"collection":[{"href":"https:\/\/dutcheventcarpets.nl\/de\/wp-json\/wp\/v2\/product"}],"about":[{"href":"https:\/\/dutcheventcarpets.nl\/de\/wp-json\/wp\/v2\/types\/product"}],"replies":[{"embeddable":true,"href":"https:\/\/dutcheventcarpets.nl\/de\/wp-json\/wp\/v2\/comments?post=554"}],"wp:featuredmedia":[{"embeddable":true,"href":"https:\/\/dutcheventcarpets.nl\/de\/wp-json\/wp\/v2\/media\/555"}],"wp:attachment":[{"href":"https:\/\/dutcheventcarpets.nl\/de\/wp-json\/wp\/v2\/media?parent=554"}],"wp:term":[{"taxonomy":"product_cat","embeddable":true,"href":"https:\/\/dutcheventcarpets.nl\/de\/wp-json\/wp\/v2\/product_cat?post=554"},{"taxonomy":"product_tag","embeddable":true,"href":"https:\/\/dutcheventcarpets.nl\/de\/wp-json\/wp\/v2\/product_tag?post=554"}],"curies":[{"name":"wp","href":"https:\/\/api.w.org\/{rel}","templated":true}]}}