{"id":563,"date":"2023-03-15T13:30:53","date_gmt":"2023-03-15T13:30:53","guid":{"rendered":"https:\/\/dutcheventcarpets.nl\/?post_type=product&#038;p=563"},"modified":"2023-06-26T14:25:44","modified_gmt":"2023-06-26T13:25:44","slug":"aqua","status":"publish","type":"product","link":"https:\/\/dutcheventcarpets.nl\/de\/aqua\/","title":{"rendered":"Aqua"},"content":{"rendered":"<p>Diese Standarddrucke sind ideal f\u00fcr Veranstaltungen, Ausstellungen oder Messest\u00e4nde. Dar\u00fcber hinaus k\u00f6nnen Sie auf Anfrage auch Ihren pers\u00f6nlichen Teppich kreieren. Mailen Sie uns oder rufen Sie uns an, und wir helfen Ihnen mit Ihrem Druckteppich.<\/p>\n<p>Brandschutz-Zertifikat: BFL-S1<\/p>\n<p><img decoding=\"async\" class=\"alignnone wp-image-2814\" src=\"https:\/\/dutcheventcarpets.nl\/wp-content\/uploads\/2020\/02\/three.png\" sizes=\"(max-width: 18px) 100vw, 18px\" srcset=\"https:\/\/dutcheventcarpets.nl\/wp-content\/uploads\/2020\/02\/three.png 128w, https:\/\/dutcheventcarpets.nl\/wp-content\/uploads\/2020\/02\/three-100x100.png 100w\" alt=\"\" width=\"18\" height=\"18\" \/>\u00a0100% wiederverwendbar<\/p>","protected":false},"excerpt":{"rendered":"<p>30 x 2 M<\/p>","protected":false},"featured_media":585,"comment_status":"open","ping_status":"closed","template":"","meta":{"_joinchat":[]},"product_cat":[31],"product_tag":[],"class_list":["post-563","product","type-product","status-publish","has-post-thumbnail","hentry","product_cat-print-tapijt"],"_links":{"self":[{"href":"https:\/\/dutcheventcarpets.nl\/de\/wp-json\/wp\/v2\/product\/563","targetHints":{"allow":["GET"]}}],"collection":[{"href":"https:\/\/dutcheventcarpets.nl\/de\/wp-json\/wp\/v2\/product"}],"about":[{"href":"https:\/\/dutcheventcarpets.nl\/de\/wp-json\/wp\/v2\/types\/product"}],"replies":[{"embeddable":true,"href":"https:\/\/dutcheventcarpets.nl\/de\/wp-json\/wp\/v2\/comments?post=563"}],"wp:featuredmedia":[{"embeddable":true,"href":"https:\/\/dutcheventcarpets.nl\/de\/wp-json\/wp\/v2\/media\/585"}],"wp:attachment":[{"href":"https:\/\/dutcheventcarpets.nl\/de\/wp-json\/wp\/v2\/media?parent=563"}],"wp:term":[{"taxonomy":"product_cat","embeddable":true,"href":"https:\/\/dutcheventcarpets.nl\/de\/wp-json\/wp\/v2\/product_cat?post=563"},{"taxonomy":"product_tag","embeddable":true,"href":"https:\/\/dutcheventcarpets.nl\/de\/wp-json\/wp\/v2\/product_tag?post=563"}],"curies":[{"name":"wp","href":"https:\/\/api.w.org\/{rel}","templated":true}]}}