{"id":7173,"date":"2025-07-09T10:22:13","date_gmt":"2025-07-09T09:22:13","guid":{"rendered":"https:\/\/dutcheventcarpets.nl\/?post_type=product&#038;p=7173"},"modified":"2025-07-23T11:33:23","modified_gmt":"2025-07-23T10:33:23","slug":"dutch-cire-112","status":"publish","type":"product","link":"https:\/\/dutcheventcarpets.nl\/de\/dutch-cire-112\/","title":{"rendered":"Niederl\u00e4ndisch Cir\u00e9 112"},"content":{"rendered":"","protected":false},"excerpt":{"rendered":"<p>Lernen Sie Dynamic Cir\u00e9 kennen. Unsere neueste Qualit\u00e4t bietet das Aussehen von Beton, kombiniert mit dem Komfort und der Benutzerfreundlichkeit von Vinyl. <\/p>\n<p>Dank des Natural Look &amp; Feel hat dieser Boden das robuste Aussehen und die Haptik von echtem Beton Cir\u00e9 und vermittelt ein warmes, nat\u00fcrliches Gef\u00fchl, das stilvoll und zeitlos ist.<\/p>\n<p>Erh\u00e4ltlich in eleganten Farbt\u00f6nen. <\/p>","protected":false},"featured_media":7157,"comment_status":"open","ping_status":"closed","template":"","meta":{"_joinchat":[]},"product_cat":[240,143,15],"product_tag":[],"class_list":["post-7173","product","type-product","status-publish","has-post-thumbnail","hentry","product_cat-dutch-cire-bt","product_cat-betonlook","product_cat-geen-categorie"],"_links":{"self":[{"href":"https:\/\/dutcheventcarpets.nl\/de\/wp-json\/wp\/v2\/product\/7173","targetHints":{"allow":["GET"]}}],"collection":[{"href":"https:\/\/dutcheventcarpets.nl\/de\/wp-json\/wp\/v2\/product"}],"about":[{"href":"https:\/\/dutcheventcarpets.nl\/de\/wp-json\/wp\/v2\/types\/product"}],"replies":[{"embeddable":true,"href":"https:\/\/dutcheventcarpets.nl\/de\/wp-json\/wp\/v2\/comments?post=7173"}],"wp:featuredmedia":[{"embeddable":true,"href":"https:\/\/dutcheventcarpets.nl\/de\/wp-json\/wp\/v2\/media\/7157"}],"wp:attachment":[{"href":"https:\/\/dutcheventcarpets.nl\/de\/wp-json\/wp\/v2\/media?parent=7173"}],"wp:term":[{"taxonomy":"product_cat","embeddable":true,"href":"https:\/\/dutcheventcarpets.nl\/de\/wp-json\/wp\/v2\/product_cat?post=7173"},{"taxonomy":"product_tag","embeddable":true,"href":"https:\/\/dutcheventcarpets.nl\/de\/wp-json\/wp\/v2\/product_tag?post=7173"}],"curies":[{"name":"wp","href":"https:\/\/api.w.org\/{rel}","templated":true}]}}