{"id":952,"date":"2023-03-21T12:17:11","date_gmt":"2023-03-21T11:17:11","guid":{"rendered":"https:\/\/dutcheventcarpets.nl\/?post_type=product&#038;p=952"},"modified":"2023-08-16T15:15:14","modified_gmt":"2023-08-16T14:15:14","slug":"podium-rose-ash-3075","status":"publish","type":"product","link":"https:\/\/dutcheventcarpets.nl\/de\/stufe-rose-asch-3075\/","title":{"rendered":"Podium rosa Esche 3075"},"content":{"rendered":"","protected":false},"excerpt":{"rendered":"<div class=\"product-short-description\">Podium ist unser meistverkauftes Produkt, das in 40 Farben und verschiedenen Gr\u00f6\u00dfen erh\u00e4ltlich ist. Diese Qualit\u00e4t ist auch als Coupage erh\u00e4ltlich und eignet sich perfekt f\u00fcr Ihre Veranstaltung, Konferenz, Sporthalle, Ausstellung oder Ihren Messestand. Brandschutz-Zertifikat: CFL-S1<\/div>\n<div class=\"product_meta\">\u00a0<\/div>","protected":false},"featured_media":982,"comment_status":"open","ping_status":"closed","template":"","meta":{"_joinchat":[]},"product_cat":[73,25],"product_tag":[],"class_list":["post-952","product","type-product","status-publish","has-post-thumbnail","hentry","product_cat-podium","product_cat-roze-lopers"],"_links":{"self":[{"href":"https:\/\/dutcheventcarpets.nl\/de\/wp-json\/wp\/v2\/product\/952","targetHints":{"allow":["GET"]}}],"collection":[{"href":"https:\/\/dutcheventcarpets.nl\/de\/wp-json\/wp\/v2\/product"}],"about":[{"href":"https:\/\/dutcheventcarpets.nl\/de\/wp-json\/wp\/v2\/types\/product"}],"replies":[{"embeddable":true,"href":"https:\/\/dutcheventcarpets.nl\/de\/wp-json\/wp\/v2\/comments?post=952"}],"wp:featuredmedia":[{"embeddable":true,"href":"https:\/\/dutcheventcarpets.nl\/de\/wp-json\/wp\/v2\/media\/982"}],"wp:attachment":[{"href":"https:\/\/dutcheventcarpets.nl\/de\/wp-json\/wp\/v2\/media?parent=952"}],"wp:term":[{"taxonomy":"product_cat","embeddable":true,"href":"https:\/\/dutcheventcarpets.nl\/de\/wp-json\/wp\/v2\/product_cat?post=952"},{"taxonomy":"product_tag","embeddable":true,"href":"https:\/\/dutcheventcarpets.nl\/de\/wp-json\/wp\/v2\/product_tag?post=952"}],"curies":[{"name":"wp","href":"https:\/\/api.w.org\/{rel}","templated":true}]}}